{"id":331620,"date":"2023-09-11T16:26:40","date_gmt":"2023-09-11T14:26:40","guid":{"rendered":"https:\/\/dev.sysvol.hu\/belso\/termek\/muanyag-cipokanal-cal22\/"},"modified":"2025-08-08T15:06:29","modified_gmt":"2025-08-08T13:06:29","slug":"muanyag-cipokanal-cal22","status":"publish","type":"product","link":"https:\/\/cipokellekek.hu\/en\/uzlet\/cipoapolasi-kellekek\/cipokanalak\/muanyag-cipokanal-cal22\/","title":{"rendered":"M\u0171anyag cip\u0151kan\u00e1l (CAL22)"},"content":{"rendered":"<div class=\"note note-1\">22 cm-es, m\u0171anyag cip\u0151kan\u00e1l, t\u00f6bb sz\u00ednben.<\/div>\n<div class=\"note note-2\"><\/div>\n<div class=\"note note-3\"><\/div>","protected":false},"excerpt":{"rendered":"<p>22 cm-es, m\u0171anyag cip\u0151kan\u00e1l, t\u00f6bb sz\u00ednben.<\/p>","protected":false},"featured_media":350995,"comment_status":"closed","ping_status":"closed","template":"","meta":{"_seopress_robots_primary_cat":"none","_seopress_titles_title":"M\u0171anyag cip\u0151kan\u00e1l (CAL22)","_seopress_titles_desc":"","_seopress_robots_index":""},"product_brand":[],"product_cat":[1928,2026],"product_tag":[2365],"class_list":{"0":"post-331620","1":"product","2":"type-product","3":"status-publish","4":"has-post-thumbnail","6":"product_cat-cipoapolasi-kellekek","7":"product_cat-cipokanalak","8":"product_tag-cipo-es-labapolas","9":"pa_szin-ezust","10":"pa_szin-zold","12":"first","13":"instock","14":"purchasable","15":"product-type-variable"},"_links":{"self":[{"href":"https:\/\/cipokellekek.hu\/en\/wp-json\/wp\/v2\/product\/331620","targetHints":{"allow":["GET"]}}],"collection":[{"href":"https:\/\/cipokellekek.hu\/en\/wp-json\/wp\/v2\/product"}],"about":[{"href":"https:\/\/cipokellekek.hu\/en\/wp-json\/wp\/v2\/types\/product"}],"replies":[{"embeddable":true,"href":"https:\/\/cipokellekek.hu\/en\/wp-json\/wp\/v2\/comments?post=331620"}],"wp:featuredmedia":[{"embeddable":true,"href":"https:\/\/cipokellekek.hu\/en\/wp-json\/wp\/v2\/media\/350995"}],"wp:attachment":[{"href":"https:\/\/cipokellekek.hu\/en\/wp-json\/wp\/v2\/media?parent=331620"}],"wp:term":[{"taxonomy":"product_brand","embeddable":true,"href":"https:\/\/cipokellekek.hu\/en\/wp-json\/wp\/v2\/product_brand?post=331620"},{"taxonomy":"product_cat","embeddable":true,"href":"https:\/\/cipokellekek.hu\/en\/wp-json\/wp\/v2\/product_cat?post=331620"},{"taxonomy":"product_tag","embeddable":true,"href":"https:\/\/cipokellekek.hu\/en\/wp-json\/wp\/v2\/product_tag?post=331620"}],"curies":[{"name":"wp","href":"https:\/\/api.w.org\/{rel}","templated":true}]}}