{"id":331612,"date":"2023-09-11T16:26:40","date_gmt":"2023-09-11T14:26:40","guid":{"rendered":"https:\/\/dev.sysvol.hu\/belso\/termek\/muanyag-cipokanal-cal16\/"},"modified":"2025-08-08T15:03:43","modified_gmt":"2025-08-08T13:03:43","slug":"muanyag-cipokanal-cal16","status":"publish","type":"product","link":"https:\/\/cipokellekek.hu\/en\/uzlet\/cipoapolasi-kellekek\/cipokanalak\/muanyag-cipokanal-cal16\/","title":{"rendered":"M\u0171anyag cip\u0151kan\u00e1l (CAL16)"},"content":{"rendered":"<div class=\"note note-1\">16 cm-es, m\u0171anyag cip\u0151kan\u00e1l, t\u00f6bb sz\u00ednben.<\/div>\n<div class=\"note note-2\"><\/div>\n<div class=\"note note-3\"><\/div>","protected":false},"excerpt":{"rendered":"<p>16 cm-es, m\u0171anyag cip\u0151kan\u00e1l, t\u00f6bb sz\u00ednben.<\/p>","protected":false},"featured_media":350994,"comment_status":"closed","ping_status":"closed","template":"","meta":{"_seopress_robots_primary_cat":"none","_seopress_titles_title":"M\u0171anyag cip\u0151kan\u00e1l (CAL16)","_seopress_titles_desc":"","_seopress_robots_index":""},"product_brand":[],"product_cat":[1928,2026],"product_tag":[2365],"class_list":{"0":"post-331612","1":"product","2":"type-product","3":"status-publish","4":"has-post-thumbnail","6":"product_cat-cipoapolasi-kellekek","7":"product_cat-cipokanalak","8":"product_tag-cipo-es-labapolas","9":"pa_szin-ezust","10":"pa_szin-feher","11":"pa_szin-fekete","12":"pa_szin-piros","13":"pa_szin-sarga","14":"pa_szin-sotet-kek","15":"pa_szin-zold","17":"first","18":"instock","19":"purchasable","20":"product-type-variable"},"_links":{"self":[{"href":"https:\/\/cipokellekek.hu\/en\/wp-json\/wp\/v2\/product\/331612","targetHints":{"allow":["GET"]}}],"collection":[{"href":"https:\/\/cipokellekek.hu\/en\/wp-json\/wp\/v2\/product"}],"about":[{"href":"https:\/\/cipokellekek.hu\/en\/wp-json\/wp\/v2\/types\/product"}],"replies":[{"embeddable":true,"href":"https:\/\/cipokellekek.hu\/en\/wp-json\/wp\/v2\/comments?post=331612"}],"wp:featuredmedia":[{"embeddable":true,"href":"https:\/\/cipokellekek.hu\/en\/wp-json\/wp\/v2\/media\/350994"}],"wp:attachment":[{"href":"https:\/\/cipokellekek.hu\/en\/wp-json\/wp\/v2\/media?parent=331612"}],"wp:term":[{"taxonomy":"product_brand","embeddable":true,"href":"https:\/\/cipokellekek.hu\/en\/wp-json\/wp\/v2\/product_brand?post=331612"},{"taxonomy":"product_cat","embeddable":true,"href":"https:\/\/cipokellekek.hu\/en\/wp-json\/wp\/v2\/product_cat?post=331612"},{"taxonomy":"product_tag","embeddable":true,"href":"https:\/\/cipokellekek.hu\/en\/wp-json\/wp\/v2\/product_tag?post=331612"}],"curies":[{"name":"wp","href":"https:\/\/api.w.org\/{rel}","templated":true}]}}