{"id":331604,"date":"2023-09-11T16:26:40","date_gmt":"2023-09-11T14:26:40","guid":{"rendered":"https:\/\/dev.sysvol.hu\/belso\/termek\/comfy-kenyelmes-muanyag-cipokanal-cal65\/"},"modified":"2025-08-08T14:49:09","modified_gmt":"2025-08-08T12:49:09","slug":"comfy-kenyelmes-muanyag-cipokanal-cal65","status":"publish","type":"product","link":"https:\/\/cipokellekek.hu\/en\/uzlet\/cipoapolasi-kellekek\/cipokanalak\/comfy-kenyelmes-muanyag-cipokanal-cal65\/","title":{"rendered":"Comfy k\u00e9nyelmes m\u0171anyag cip\u0151kan\u00e1l (CAL65)"},"content":{"rendered":"<div class=\"note note-1\">Comfy 65 cm-es, k\u00e9nyelmes m\u0171anyag cip\u0151kan\u00e1l t\u00f6bb sz\u00ednben.<\/div>\n<div class=\"note note-2\"><\/div>\n<div class=\"note note-3\"><\/div>","protected":false},"excerpt":{"rendered":"<p>Comfy 65 cm-es, k\u00e9nyelmes m\u0171anyag cip\u0151kan\u00e1l t\u00f6bb sz\u00ednben.<\/p>","protected":false},"featured_media":350992,"comment_status":"closed","ping_status":"closed","template":"","meta":{"_seopress_robots_primary_cat":"none","_seopress_titles_title":"Comfy k\u00e9nyelmes m\u0171anyag cip\u0151kan\u00e1l (CAL65)","_seopress_titles_desc":"","_seopress_robots_index":""},"product_brand":[],"product_cat":[1928,2026],"product_tag":[2365],"class_list":{"0":"post-331604","1":"product","2":"type-product","3":"status-publish","4":"has-post-thumbnail","6":"product_cat-cipoapolasi-kellekek","7":"product_cat-cipokanalak","8":"product_tag-cipo-es-labapolas","9":"pa_szin-bordo","10":"pa_szin-fekete","11":"pa_szin-kek","12":"pa_szin-narancssarga","13":"pa_szin-piros","14":"pa_szin-rozsaszin","16":"first","17":"instock","18":"purchasable","19":"product-type-variable"},"_links":{"self":[{"href":"https:\/\/cipokellekek.hu\/en\/wp-json\/wp\/v2\/product\/331604","targetHints":{"allow":["GET"]}}],"collection":[{"href":"https:\/\/cipokellekek.hu\/en\/wp-json\/wp\/v2\/product"}],"about":[{"href":"https:\/\/cipokellekek.hu\/en\/wp-json\/wp\/v2\/types\/product"}],"replies":[{"embeddable":true,"href":"https:\/\/cipokellekek.hu\/en\/wp-json\/wp\/v2\/comments?post=331604"}],"wp:featuredmedia":[{"embeddable":true,"href":"https:\/\/cipokellekek.hu\/en\/wp-json\/wp\/v2\/media\/350992"}],"wp:attachment":[{"href":"https:\/\/cipokellekek.hu\/en\/wp-json\/wp\/v2\/media?parent=331604"}],"wp:term":[{"taxonomy":"product_brand","embeddable":true,"href":"https:\/\/cipokellekek.hu\/en\/wp-json\/wp\/v2\/product_brand?post=331604"},{"taxonomy":"product_cat","embeddable":true,"href":"https:\/\/cipokellekek.hu\/en\/wp-json\/wp\/v2\/product_cat?post=331604"},{"taxonomy":"product_tag","embeddable":true,"href":"https:\/\/cipokellekek.hu\/en\/wp-json\/wp\/v2\/product_tag?post=331604"}],"curies":[{"name":"wp","href":"https:\/\/api.w.org\/{rel}","templated":true}]}}