{"id":331527,"date":"2023-09-11T16:25:15","date_gmt":"2023-09-11T14:25:15","guid":{"rendered":"https:\/\/dev.sysvol.hu\/belso\/termek\/trekking-pamut-cipofuzo-106\/"},"modified":"2025-08-06T15:07:33","modified_gmt":"2025-08-06T13:07:33","slug":"trekking-pamut-cipofuzo-106","status":"publish","type":"product","link":"https:\/\/cipokellekek.hu\/en\/uzlet\/cipoapolasi-kellekek\/cipofuzok\/trekking-pamut-cipofuzo-106\/","title":{"rendered":"Trekking pamut cip\u0151f\u0171z\u0151 (106)"},"content":{"rendered":"<div class=\"note note-1\">K\u00f6r alak\u00fa pamut cip\u0151f\u0171z\u0151 bakancsba, \u00e1tm\u00e9r\u0151je 6 mm. A m\u00e9ret, sz\u00edn v\u00e1laszt\u00e1skor, k\u00e9rj\u00fck k\u00f6vesse a k\u00e9p mellett szerepl\u0151 \u00fatmutat\u00e1st, melyen a p\u00f6tty\u00f6k jel\u00f6lik a rendelhet\u0151 sz\u00edn-m\u00e9ret kombin\u00e1ci\u00f3t.<\/div>\n<div class=\"note note-2\"><\/div>\n<div class=\"note note-3\"><\/div>","protected":false},"excerpt":{"rendered":"<p>K\u00f6r alak\u00fa pamut cip\u0151f\u0171z\u0151 bakancsba, \u00e1tm\u00e9r\u0151je 6 mm. A m\u00e9ret, sz\u00edn v\u00e1laszt\u00e1skor, k\u00e9rj\u00fck k\u00f6vesse a k\u00e9p mellett szerepl\u0151 \u00fatmutat\u00e1st, melyen a p\u00f6tty\u00f6k jel\u00f6lik a rendelhet\u0151 sz\u00edn-m\u00e9ret kombin\u00e1ci\u00f3t.<\/p>","protected":false},"featured_media":350988,"comment_status":"closed","ping_status":"closed","template":"","meta":{"_seopress_robots_primary_cat":"none","_seopress_titles_title":"Trekking pamut cip\u0151f\u0171z\u0151 (106)","_seopress_titles_desc":"K\u00f6r alak\u00fa pamut cip\u0151f\u0171z\u0151 bakancsba, \u00e1tm\u00e9r\u0151je 6 mm. A k\u00e9p mellett szerepl\u0151 \u00fatmutat\u00f3n, a p\u00f6tty\u00f6k jel\u00f6lik a rendelhet\u0151 sz\u00edn-m\u00e9ret kombin\u00e1ci\u00f3t.","_seopress_robots_index":""},"product_brand":[],"product_cat":[1928,1969],"product_tag":[2365],"class_list":{"0":"post-331527","1":"product","2":"type-product","3":"status-publish","4":"has-post-thumbnail","6":"product_cat-cipoapolasi-kellekek","7":"product_cat-cipofuzok","8":"product_tag-cipo-es-labapolas","9":"pa_meret-1997","10":"pa_meret-1998","11":"pa_meret-1999","12":"pa_szin-t1","13":"pa_szin-t2","14":"pa_szin-t3","15":"pa_szin-t31","16":"pa_szin-t32","17":"pa_szin-t4","18":"pa_szin-t5","19":"pa_szin-t6","20":"pa_szin-t7","22":"first","23":"instock","24":"purchasable","25":"product-type-variable"},"_links":{"self":[{"href":"https:\/\/cipokellekek.hu\/en\/wp-json\/wp\/v2\/product\/331527","targetHints":{"allow":["GET"]}}],"collection":[{"href":"https:\/\/cipokellekek.hu\/en\/wp-json\/wp\/v2\/product"}],"about":[{"href":"https:\/\/cipokellekek.hu\/en\/wp-json\/wp\/v2\/types\/product"}],"replies":[{"embeddable":true,"href":"https:\/\/cipokellekek.hu\/en\/wp-json\/wp\/v2\/comments?post=331527"}],"wp:featuredmedia":[{"embeddable":true,"href":"https:\/\/cipokellekek.hu\/en\/wp-json\/wp\/v2\/media\/350988"}],"wp:attachment":[{"href":"https:\/\/cipokellekek.hu\/en\/wp-json\/wp\/v2\/media?parent=331527"}],"wp:term":[{"taxonomy":"product_brand","embeddable":true,"href":"https:\/\/cipokellekek.hu\/en\/wp-json\/wp\/v2\/product_brand?post=331527"},{"taxonomy":"product_cat","embeddable":true,"href":"https:\/\/cipokellekek.hu\/en\/wp-json\/wp\/v2\/product_cat?post=331527"},{"taxonomy":"product_tag","embeddable":true,"href":"https:\/\/cipokellekek.hu\/en\/wp-json\/wp\/v2\/product_tag?post=331527"}],"curies":[{"name":"wp","href":"https:\/\/api.w.org\/{rel}","templated":true}]}}