{"id":331519,"date":"2023-09-11T16:25:15","date_gmt":"2023-09-11T14:25:15","guid":{"rendered":"https:\/\/dev.sysvol.hu\/belso\/termek\/szilikon-cipofuzo-300k\/"},"modified":"2025-10-16T12:02:36","modified_gmt":"2025-10-16T10:02:36","slug":"szilikon-cipofuzo-300k","status":"publish","type":"product","link":"https:\/\/cipokellekek.hu\/en\/uzlet\/cipoapolasi-kellekek\/cipofuzok\/szilikon-cipofuzo-300k\/","title":{"rendered":"Szilikon cip\u0151f\u0171z\u0151 (300K)"},"content":{"rendered":"<div class=\"note note-1\">A Szilikon cip\u0151f\u0171z\u0151 (300K) kiv\u00e1l\u00f3an alkalmas a folyamatosan mozg\u00e1sban l\u00e9v\u0151 gyerekek sz\u00e1m\u00e1ra. Ez a rugalmas szilikon f\u0171z\u0151 stabilan tartja a l\u00e1bat, \u00edgy a gyerekek biztons\u00e1gosan j\u00e1tszhatnak \u00e9s futk\u00e1rozhatnak an\u00e9lk\u00fcl, hogy a cip\u0151j\u00fck kilazulna. Nincs sz\u00fcks\u00e9g cip\u0151f\u0171z\u0151 megk\u00f6t\u00e9s\u00e9re, ami megk\u00f6nny\u00edti a gyors ki- \u00e9s beb\u00faj\u00e1st a cip\u0151be, \u00edgy ide\u00e1lis v\u00e1laszt\u00e1s a mindennapos haszn\u00e1latra.<\/div>\n<div class=\"note note-2\"><\/div>\n<div class=\"note note-3\"><\/div>","protected":false},"excerpt":{"rendered":"<p>A szilikon cip\u0151f\u0171z\u0151kkel b\u00facs\u00fat mondhatsz a neh\u00e9zkes cip\u0151felv\u00e9telnek! A 7 f\u00e9le sz\u00ednben kaphat\u00f3 szilikon f\u0171z\u0151k haszn\u00e1lat\u00e1val gyermeked hosszadalmas cip\u0151k\u00f6t\u00e9s n\u00e9lk\u00fcl, k\u00f6nnyen ugorhat bele kedvenc l\u00e1bbelij\u00e9be. A cip\u0151 gyors fel-\u00e9s lev\u00e9tele ellen\u00e9re a rugalmas f\u0171z\u0151k stabilan tartj\u00e1k a l\u00e1b\u00e1t.<\/p>","protected":false},"featured_media":350987,"comment_status":"closed","ping_status":"closed","template":"","meta":{"_seopress_robots_primary_cat":"none","_seopress_titles_title":"Szilikon cip\u0151f\u0171z\u0151 gyerekeknek (300K)","_seopress_titles_desc":"A szilikon gyerek cip\u0151f\u0171z\u0151 egy praktikus megold\u00e1s a gyermekek cip\u0151ihez. Lehet\u0151v\u00e9 teszi, hogy a gyerekek \u00f6n\u00e1ll\u00f3an, cip\u0151k\u00f6t\u00e9s n\u00e9lk\u00fcl viselj\u00e9k cip\u0151iket.","_seopress_robots_index":""},"product_brand":[],"product_cat":[1928,1969],"product_tag":[2365],"class_list":{"0":"post-331519","1":"product","2":"type-product","3":"status-publish","4":"has-post-thumbnail","6":"product_cat-cipoapolasi-kellekek","7":"product_cat-cipofuzok","8":"product_tag-cipo-es-labapolas","9":"pa_szin-kek","10":"pa_szin-lila","11":"pa_szin-narancssarga","12":"pa_szin-piros","13":"pa_szin-sarga","14":"pa_szin-szivarvany","15":"pa_szin-zold","17":"first","18":"instock","19":"featured","20":"purchasable","21":"product-type-variable"},"_links":{"self":[{"href":"https:\/\/cipokellekek.hu\/en\/wp-json\/wp\/v2\/product\/331519","targetHints":{"allow":["GET"]}}],"collection":[{"href":"https:\/\/cipokellekek.hu\/en\/wp-json\/wp\/v2\/product"}],"about":[{"href":"https:\/\/cipokellekek.hu\/en\/wp-json\/wp\/v2\/types\/product"}],"replies":[{"embeddable":true,"href":"https:\/\/cipokellekek.hu\/en\/wp-json\/wp\/v2\/comments?post=331519"}],"wp:featuredmedia":[{"embeddable":true,"href":"https:\/\/cipokellekek.hu\/en\/wp-json\/wp\/v2\/media\/350987"}],"wp:attachment":[{"href":"https:\/\/cipokellekek.hu\/en\/wp-json\/wp\/v2\/media?parent=331519"}],"wp:term":[{"taxonomy":"product_brand","embeddable":true,"href":"https:\/\/cipokellekek.hu\/en\/wp-json\/wp\/v2\/product_brand?post=331519"},{"taxonomy":"product_cat","embeddable":true,"href":"https:\/\/cipokellekek.hu\/en\/wp-json\/wp\/v2\/product_cat?post=331519"},{"taxonomy":"product_tag","embeddable":true,"href":"https:\/\/cipokellekek.hu\/en\/wp-json\/wp\/v2\/product_tag?post=331519"}],"curies":[{"name":"wp","href":"https:\/\/api.w.org\/{rel}","templated":true}]}}