{"id":331507,"date":"2023-09-11T16:25:15","date_gmt":"2023-09-11T14:25:15","guid":{"rendered":"https:\/\/dev.sysvol.hu\/belso\/termek\/szilikon-cipofuzo-300\/"},"modified":"2025-10-16T12:06:59","modified_gmt":"2025-10-16T10:06:59","slug":"szilikon-cipofuzo-300","status":"publish","type":"product","link":"https:\/\/cipokellekek.hu\/en\/uzlet\/cipoapolasi-kellekek\/cipofuzok\/szilikon-cipofuzo-300\/","title":{"rendered":"Szilikon cip\u0151f\u0171z\u0151 (300)"},"content":{"rendered":"<div class=\"note note-1\">A szilikon cip\u0151f\u0171z\u0151 (300) egy innovat\u00edv kieg\u00e9sz\u00edt\u0151, amely megk\u00f6nny\u00edti a cip\u0151 fel- \u00e9s lev\u00e9tel\u00e9t. A hagyom\u00e1nyos cip\u0151f\u0171z\u0151k helyett ez a rugalmas, szilikon alapanyagb\u00f3l k\u00e9sz\u00fclt term\u00e9k biztos\u00edtja, hogy a cip\u0151 mindig t\u00f6k\u00e9letesen illeszkedjen a l\u00e1bhoz, an\u00e9lk\u00fcl hogy \u00fajra \u00e9s \u00fajra meg kellene k\u00f6tni a f\u0171z\u0151t. Kiv\u00e1l\u00f3 v\u00e1laszt\u00e1s sportcip\u0151kh\u00f6z, gyerekcip\u0151kh\u00f6z, ortop\u00e9d cip\u0151kh\u00f6z vagy b\u00e1rkinek, aki gyorsan \u00e9s egyszer\u0171en szeretne cip\u0151t v\u00e1ltani. A szilikon anyag tart\u00f3s, v\u00edz\u00e1ll\u00f3, \u00e9s k\u00f6nnyen tiszt\u00edthat\u00f3.<\/div>\n<div><\/div>\n<div>A csomagol\u00e1s 1 p\u00e1rat tartalmaz, amely 8 f\u0171z\u0151l\u00e9cb\u0151l \u00e1ll.<\/div>\n<div><\/div>\n<div><\/div>","protected":false},"excerpt":{"rendered":"<p>A szilikon cip\u0151f\u0171z\u0151kkel b\u00facs\u00fat mondhatsz a neh\u00e9zkes cip\u0151felv\u00e9telnek! A 11 f\u00e9le sz\u00ednben kaphat\u00f3 szilikon f\u0171z\u0151k haszn\u00e1lat\u00e1val cip\u0151k\u00f6t\u00e9s n\u00e9lk\u00fcl, k\u00f6nnyen ugorhatsz bele kedvenc l\u00e1bbelidbe.<\/p>","protected":false},"featured_media":350986,"comment_status":"closed","ping_status":"closed","template":"","meta":{"_seopress_robots_primary_cat":"none","_seopress_titles_title":"Szilikon cip\u0151f\u0171z\u0151 (300)","_seopress_titles_desc":"K\u00f6nny\u0171 cip\u0151felv\u00e9tel cip\u0151k\u00f6t\u00e9s n\u00e9lk\u00fcl, a sziv\u00e1rv\u00e1ny minden sz\u00edn\u00e9ben. Kiv\u00e1l\u00f3 v\u00e1laszt\u00e1s sportcip\u0151kh\u00f6z, gyerekcip\u0151kh\u00f6z, ortop\u00e9d cip\u0151kh\u00f6z is.","_seopress_robots_index":""},"product_brand":[],"product_cat":[1928,1969],"product_tag":[2365],"class_list":{"0":"post-331507","1":"product","2":"type-product","3":"status-publish","4":"has-post-thumbnail","6":"product_cat-cipoapolasi-kellekek","7":"product_cat-cipofuzok","8":"product_tag-cipo-es-labapolas","9":"pa_szin-feher","10":"pa_szin-fekete","11":"pa_szin-fuxia","12":"pa_szin-kek","13":"pa_szin-lila","14":"pa_szin-narancssarga","15":"pa_szin-piros","16":"pa_szin-sarga","17":"pa_szin-szivarvany","18":"pa_szin-vilagos-kek","19":"pa_szin-zold","21":"first","22":"instock","23":"featured","24":"purchasable","25":"product-type-variable"},"_links":{"self":[{"href":"https:\/\/cipokellekek.hu\/en\/wp-json\/wp\/v2\/product\/331507","targetHints":{"allow":["GET"]}}],"collection":[{"href":"https:\/\/cipokellekek.hu\/en\/wp-json\/wp\/v2\/product"}],"about":[{"href":"https:\/\/cipokellekek.hu\/en\/wp-json\/wp\/v2\/types\/product"}],"replies":[{"embeddable":true,"href":"https:\/\/cipokellekek.hu\/en\/wp-json\/wp\/v2\/comments?post=331507"}],"wp:featuredmedia":[{"embeddable":true,"href":"https:\/\/cipokellekek.hu\/en\/wp-json\/wp\/v2\/media\/350986"}],"wp:attachment":[{"href":"https:\/\/cipokellekek.hu\/en\/wp-json\/wp\/v2\/media?parent=331507"}],"wp:term":[{"taxonomy":"product_brand","embeddable":true,"href":"https:\/\/cipokellekek.hu\/en\/wp-json\/wp\/v2\/product_brand?post=331507"},{"taxonomy":"product_cat","embeddable":true,"href":"https:\/\/cipokellekek.hu\/en\/wp-json\/wp\/v2\/product_cat?post=331507"},{"taxonomy":"product_tag","embeddable":true,"href":"https:\/\/cipokellekek.hu\/en\/wp-json\/wp\/v2\/product_tag?post=331507"}],"curies":[{"name":"wp","href":"https:\/\/api.w.org\/{rel}","templated":true}]}}