{"id":330889,"date":"2023-09-11T16:25:15","date_gmt":"2023-09-11T14:25:15","guid":{"rendered":"https:\/\/dev.sysvol.hu\/belso\/termek\/pamut-cipofuzo-102\/"},"modified":"2025-08-07T17:22:23","modified_gmt":"2025-08-07T15:22:23","slug":"pamut-cipofuzo-102","status":"publish","type":"product","link":"https:\/\/cipokellekek.hu\/en\/uzlet\/cipoapolasi-kellekek\/cipofuzok\/pamut-cipofuzo-102\/","title":{"rendered":"Pamut cip\u0151f\u0171z\u0151 (102)"},"content":{"rendered":"<div class=\"note note-1\">K\u00f6r alak\u00fa cip\u0151f\u0171z\u0151, \u00e1tm\u00e9r\u0151je 3 mm. A m\u00e9ret, sz\u00edn v\u00e1laszt\u00e1skor, k\u00e9rj\u00fck k\u00f6vess\u00e9k a k\u00e9p mellett szerepl\u0151 \u00fatmutat\u00e1st, melyen a p\u00f6tty\u00f6k jel\u00f6lik a rendelhet\u0151 sz\u00edn-m\u00e9ret kombin\u00e1ci\u00f3t.<\/div>\n<div class=\"note note-2\"><\/div>\n<div class=\"note note-3\"><\/div>","protected":false},"excerpt":{"rendered":"<p>K\u00f6r alak\u00fa cip\u0151f\u0171z\u0151, \u00e1tm\u00e9r\u0151je 3 mm. A m\u00e9ret, sz\u00edn v\u00e1laszt\u00e1skor, k\u00e9rj\u00fck k\u00f6vess\u00e9k a k\u00e9p mellett szerepl\u0151 \u00fatmutat\u00e1st, melyen a p\u00f6tty\u00f6k jel\u00f6lik a rendelhet\u0151 sz\u00edn-m\u00e9ret kombin\u00e1ci\u00f3t.<\/p>","protected":false},"featured_media":350979,"comment_status":"closed","ping_status":"closed","template":"","meta":{"_seopress_robots_primary_cat":"none","_seopress_titles_title":"Pamut cip\u0151f\u0171z\u0151 (102)","_seopress_titles_desc":"K\u00f6r alak\u00fa cip\u0151f\u0171z\u0151, \u00e1tm\u00e9r\u0151je 3 mm. A k\u00e9p mellett szerepl\u0151 \u00fatmutat\u00f3n, a p\u00f6tty\u00f6k jel\u00f6lik a rendelhet\u0151 sz\u00edn-m\u00e9ret kombin\u00e1ci\u00f3t.","_seopress_robots_index":""},"product_brand":[],"product_cat":[1928,1969],"product_tag":[2365],"class_list":{"0":"post-330889","1":"product","2":"type-product","3":"status-publish","4":"has-post-thumbnail","6":"product_cat-cipoapolasi-kellekek","7":"product_cat-cipofuzok","8":"product_tag-cipo-es-labapolas","9":"pa_meret-1988","10":"pa_meret-1989","11":"pa_meret-1990","12":"pa_meret-1991","13":"pa_meret-1996","14":"pa_meret-1997","15":"pa_meret-1998","16":"pa_meret-1999","17":"pa_meret-2000","18":"pa_meret-2001","19":"pa_szin-1982","20":"pa_szin-1983","21":"pa_szin-1984","22":"pa_szin-1985","23":"pa_szin-1986","24":"pa_szin-1987","25":"pa_szin-1958","26":"pa_szin-1938","27":"pa_szin-1959","28":"pa_szin-1939","29":"pa_szin-1940","30":"pa_szin-1964","31":"pa_szin-1942","32":"pa_szin-1992","33":"pa_szin-1993","34":"pa_szin-1944","35":"pa_szin-1994","36":"pa_szin-1995","37":"pa_szin-1950","39":"first","40":"instock","41":"purchasable","42":"product-type-variable"},"_links":{"self":[{"href":"https:\/\/cipokellekek.hu\/en\/wp-json\/wp\/v2\/product\/330889","targetHints":{"allow":["GET"]}}],"collection":[{"href":"https:\/\/cipokellekek.hu\/en\/wp-json\/wp\/v2\/product"}],"about":[{"href":"https:\/\/cipokellekek.hu\/en\/wp-json\/wp\/v2\/types\/product"}],"replies":[{"embeddable":true,"href":"https:\/\/cipokellekek.hu\/en\/wp-json\/wp\/v2\/comments?post=330889"}],"wp:featuredmedia":[{"embeddable":true,"href":"https:\/\/cipokellekek.hu\/en\/wp-json\/wp\/v2\/media\/350979"}],"wp:attachment":[{"href":"https:\/\/cipokellekek.hu\/en\/wp-json\/wp\/v2\/media?parent=330889"}],"wp:term":[{"taxonomy":"product_brand","embeddable":true,"href":"https:\/\/cipokellekek.hu\/en\/wp-json\/wp\/v2\/product_brand?post=330889"},{"taxonomy":"product_cat","embeddable":true,"href":"https:\/\/cipokellekek.hu\/en\/wp-json\/wp\/v2\/product_cat?post=330889"},{"taxonomy":"product_tag","embeddable":true,"href":"https:\/\/cipokellekek.hu\/en\/wp-json\/wp\/v2\/product_tag?post=330889"}],"curies":[{"name":"wp","href":"https:\/\/api.w.org\/{rel}","templated":true}]}}