{"id":330845,"date":"2023-09-11T16:24:57","date_gmt":"2023-09-11T14:24:57","guid":{"rendered":"https:\/\/dev.sysvol.hu\/belso\/termek\/lurex-cipofuzo-lapos-208\/"},"modified":"2025-08-07T17:35:40","modified_gmt":"2025-08-07T15:35:40","slug":"lurex-cipofuzo-lapos-208","status":"publish","type":"product","link":"https:\/\/cipokellekek.hu\/en\/uzlet\/cipoapolasi-kellekek\/cipofuzok\/lurex-cipofuzo-lapos-208\/","title":{"rendered":"Lurex cip\u0151f\u0171z\u0151-lapos (208)"},"content":{"rendered":"<div class=\"note note-1\">Lapos, lurex cip\u0151f\u0171z\u0151, sz\u00e9less\u00e9g: 10 mm A m\u00e9ret, sz\u00edn v\u00e1laszt\u00e1skor, k\u00e9rj\u00fck k\u00f6vesse a k\u00e9p mellett szerepl\u0151 \u00fatmutat\u00e1st, melyen a p\u00f6tty\u00f6k jel\u00f6lik a rendelhet\u0151 sz\u00edn-m\u00e9ret kombin\u00e1ci\u00f3t. M\u00e9ret: 120 cm<\/div>\n<div class=\"note note-2\"><\/div>\n<div class=\"note note-3\"><\/div>","protected":false},"excerpt":{"rendered":"<p>Lapos, lurex cip\u0151f\u0171z\u0151, sz\u00e9less\u00e9g: 10 mm A m\u00e9ret, sz\u00edn v\u00e1laszt\u00e1skor, k\u00e9rj\u00fck k\u00f6vesse a k\u00e9p mellett szerepl\u0151 \u00fatmutat\u00e1st, melyen a p\u00f6tty\u00f6k jel\u00f6lik a rendelhet\u0151 sz\u00edn-m\u00e9ret kombin\u00e1ci\u00f3t. M\u00e9ret: 120 cm<\/p>","protected":false},"featured_media":350977,"comment_status":"closed","ping_status":"closed","template":"","meta":{"_seopress_robots_primary_cat":"none","_seopress_titles_title":"Lurex cip\u0151f\u0171z\u0151-lapos (208)","_seopress_titles_desc":"Lapos, lurex cip\u0151f\u0171z\u0151, sz\u00e9less\u00e9g: 10 mm. A k\u00e9p mellett szerepl\u0151 \u00fatmutat\u00f3n, a p\u00f6tty\u00f6k jel\u00f6lik a rendelhet\u0151 sz\u00edn-m\u00e9ret kombin\u00e1ci\u00f3t.","_seopress_robots_index":""},"product_brand":[],"product_cat":[1928,1969],"product_tag":[2365],"class_list":{"0":"post-330845","1":"product","2":"type-product","3":"status-publish","4":"has-post-thumbnail","6":"product_cat-cipoapolasi-kellekek","7":"product_cat-cipofuzok","8":"product_tag-cipo-es-labapolas","9":"pa_szin-l1","10":"pa_szin-l2","11":"pa_szin-l3","12":"pa_szin-l4","13":"pa_szin-l5","14":"pa_szin-l6","16":"first","17":"instock","18":"purchasable","19":"product-type-variable"},"_links":{"self":[{"href":"https:\/\/cipokellekek.hu\/en\/wp-json\/wp\/v2\/product\/330845","targetHints":{"allow":["GET"]}}],"collection":[{"href":"https:\/\/cipokellekek.hu\/en\/wp-json\/wp\/v2\/product"}],"about":[{"href":"https:\/\/cipokellekek.hu\/en\/wp-json\/wp\/v2\/types\/product"}],"replies":[{"embeddable":true,"href":"https:\/\/cipokellekek.hu\/en\/wp-json\/wp\/v2\/comments?post=330845"}],"wp:featuredmedia":[{"embeddable":true,"href":"https:\/\/cipokellekek.hu\/en\/wp-json\/wp\/v2\/media\/350977"}],"wp:attachment":[{"href":"https:\/\/cipokellekek.hu\/en\/wp-json\/wp\/v2\/media?parent=330845"}],"wp:term":[{"taxonomy":"product_brand","embeddable":true,"href":"https:\/\/cipokellekek.hu\/en\/wp-json\/wp\/v2\/product_brand?post=330845"},{"taxonomy":"product_cat","embeddable":true,"href":"https:\/\/cipokellekek.hu\/en\/wp-json\/wp\/v2\/product_cat?post=330845"},{"taxonomy":"product_tag","embeddable":true,"href":"https:\/\/cipokellekek.hu\/en\/wp-json\/wp\/v2\/product_tag?post=330845"}],"curies":[{"name":"wp","href":"https:\/\/api.w.org\/{rel}","templated":true}]}}