{"id":330827,"date":"2023-09-11T16:24:57","date_gmt":"2023-09-11T14:24:57","guid":{"rendered":"https:\/\/dev.sysvol.hu\/belso\/termek\/gumis-vidam-rugos-cipofuzo-1105\/"},"modified":"2025-08-07T17:43:26","modified_gmt":"2025-08-07T15:43:26","slug":"gumis-vidam-rugos-cipofuzo-1105","status":"publish","type":"product","link":"https:\/\/cipokellekek.hu\/en\/uzlet\/cipoapolasi-kellekek\/cipofuzok\/gumis-vidam-rugos-cipofuzo-1105\/","title":{"rendered":"Gumis, vid\u00e1m, rug\u00f3s cip\u0151f\u0171z\u0151 (1105)"},"content":{"rendered":"<div class=\"note note-1\">K\u00f6nny\u0171 felv\u00e9tel cip\u0151k\u00f6t\u00e9s n\u00e9lk\u00fcl a sziv\u00e1rv\u00e1ny minden sz\u00edn\u00e9ben.<\/div>\n<div class=\"note note-2\"><\/div>\n<div class=\"note note-3\"><\/div>","protected":false},"excerpt":{"rendered":"<p>K\u00f6nny\u0171 felv\u00e9tel cip\u0151k\u00f6t\u00e9s n\u00e9lk\u00fcl a sziv\u00e1rv\u00e1ny minden sz\u00edn\u00e9ben.<\/p>","protected":false},"featured_media":350975,"comment_status":"closed","ping_status":"closed","template":"","meta":{"_seopress_robots_primary_cat":"none","_seopress_titles_title":"Gumis, vid\u00e1m, rug\u00f3s cip\u0151f\u0171z\u0151 (1105)","_seopress_titles_desc":"","_seopress_robots_index":""},"product_brand":[],"product_cat":[1928,1969],"product_tag":[2365],"class_list":{"0":"post-330827","1":"product","2":"type-product","3":"status-publish","4":"has-post-thumbnail","6":"product_cat-cipoapolasi-kellekek","7":"product_cat-cipofuzok","8":"product_tag-cipo-es-labapolas","9":"pa_szin-feher","10":"pa_szin-fekete","11":"pa_szin-fuxia","12":"pa_szin-narancssarga","13":"pa_szin-pink","14":"pa_szin-piros","15":"pa_szin-sarga","16":"pa_szin-sotet-kek","17":"pa_szin-vilagos-kek","18":"pa_szin-zold","20":"first","21":"instock","22":"purchasable","23":"product-type-variable"},"_links":{"self":[{"href":"https:\/\/cipokellekek.hu\/en\/wp-json\/wp\/v2\/product\/330827","targetHints":{"allow":["GET"]}}],"collection":[{"href":"https:\/\/cipokellekek.hu\/en\/wp-json\/wp\/v2\/product"}],"about":[{"href":"https:\/\/cipokellekek.hu\/en\/wp-json\/wp\/v2\/types\/product"}],"replies":[{"embeddable":true,"href":"https:\/\/cipokellekek.hu\/en\/wp-json\/wp\/v2\/comments?post=330827"}],"wp:featuredmedia":[{"embeddable":true,"href":"https:\/\/cipokellekek.hu\/en\/wp-json\/wp\/v2\/media\/350975"}],"wp:attachment":[{"href":"https:\/\/cipokellekek.hu\/en\/wp-json\/wp\/v2\/media?parent=330827"}],"wp:term":[{"taxonomy":"product_brand","embeddable":true,"href":"https:\/\/cipokellekek.hu\/en\/wp-json\/wp\/v2\/product_brand?post=330827"},{"taxonomy":"product_cat","embeddable":true,"href":"https:\/\/cipokellekek.hu\/en\/wp-json\/wp\/v2\/product_cat?post=330827"},{"taxonomy":"product_tag","embeddable":true,"href":"https:\/\/cipokellekek.hu\/en\/wp-json\/wp\/v2\/product_tag?post=330827"}],"curies":[{"name":"wp","href":"https:\/\/api.w.org\/{rel}","templated":true}]}}