{"id":330825,"date":"2023-09-11T16:24:57","date_gmt":"2023-09-11T14:24:57","guid":{"rendered":"https:\/\/dev.sysvol.hu\/belso\/termek\/cipofuzo-allvany-esplac\/"},"modified":"2025-08-07T17:27:01","modified_gmt":"2025-08-07T15:27:01","slug":"cipofuzo-allvany-esplac","status":"publish","type":"product","link":"https:\/\/cipokellekek.hu\/en\/uzlet\/cipoapolasi-kellekek\/cipofuzok\/cipofuzo-allvany-esplac\/","title":{"rendered":"Cip\u0151f\u0171z\u0151 \u00e1llv\u00e1ny (ESPLAC)"},"content":{"rendered":"<div class=\"note note-1\">Az \u00e1llv\u00e1ny 126 db-os, m\u00e9rete 55&#215;200 cm.<\/div>\n<div class=\"note note-2\"><\/div>\n<div class=\"note note-3\"><\/div>","protected":false},"excerpt":{"rendered":"<p>Az \u00e1llv\u00e1ny 126 db-os, m\u00e9rete 55&#215;200 cm.<\/p>","protected":false},"featured_media":350973,"comment_status":"closed","ping_status":"closed","template":"","meta":{"_seopress_robots_primary_cat":"none","_seopress_titles_title":"Cip\u0151f\u0171z\u0151 \u00e1llv\u00e1ny (ESPLAC)","_seopress_titles_desc":"","_seopress_robots_index":""},"product_brand":[],"product_cat":[1928,1969],"product_tag":[2365],"class_list":{"0":"post-330825","1":"product","2":"type-product","3":"status-publish","4":"has-post-thumbnail","6":"product_cat-cipoapolasi-kellekek","7":"product_cat-cipofuzok","8":"product_tag-cipo-es-labapolas","10":"first","11":"instock","12":"purchasable","13":"product-type-simple"},"_links":{"self":[{"href":"https:\/\/cipokellekek.hu\/en\/wp-json\/wp\/v2\/product\/330825","targetHints":{"allow":["GET"]}}],"collection":[{"href":"https:\/\/cipokellekek.hu\/en\/wp-json\/wp\/v2\/product"}],"about":[{"href":"https:\/\/cipokellekek.hu\/en\/wp-json\/wp\/v2\/types\/product"}],"replies":[{"embeddable":true,"href":"https:\/\/cipokellekek.hu\/en\/wp-json\/wp\/v2\/comments?post=330825"}],"wp:featuredmedia":[{"embeddable":true,"href":"https:\/\/cipokellekek.hu\/en\/wp-json\/wp\/v2\/media\/350973"}],"wp:attachment":[{"href":"https:\/\/cipokellekek.hu\/en\/wp-json\/wp\/v2\/media?parent=330825"}],"wp:term":[{"taxonomy":"product_brand","embeddable":true,"href":"https:\/\/cipokellekek.hu\/en\/wp-json\/wp\/v2\/product_brand?post=330825"},{"taxonomy":"product_cat","embeddable":true,"href":"https:\/\/cipokellekek.hu\/en\/wp-json\/wp\/v2\/product_cat?post=330825"},{"taxonomy":"product_tag","embeddable":true,"href":"https:\/\/cipokellekek.hu\/en\/wp-json\/wp\/v2\/product_tag?post=330825"}],"curies":[{"name":"wp","href":"https:\/\/api.w.org\/{rel}","templated":true}]}}