{"id":330797,"date":"2023-09-11T16:24:57","date_gmt":"2023-09-11T14:24:57","guid":{"rendered":"https:\/\/dev.sysvol.hu\/belso\/termek\/szinfelujito-spray-mocol\/"},"modified":"2025-07-22T14:46:53","modified_gmt":"2025-07-22T12:46:53","slug":"szinfelujito-spray-mocol","status":"publish","type":"product","link":"https:\/\/cipokellekek.hu\/en\/uzlet\/cipoapolasi-kellekek\/cipo-sprayk\/szinfelujito-spray-mocol\/","title":{"rendered":"Sz\u00ednfel\u00faj\u00edt\u00f3 spray (MOCOL)"},"content":{"rendered":"<div class=\"note note-1\">\u00c9l\u00e9nk\u00edti \u00e9s fel\u00faj\u00edtja a sima b\u0151rb\u0151l k\u00e9sz\u00fclt l\u00e1bbelik sz\u00edn\u00e9t. El\u00e9rhet\u0151 400 ml-es kiszerel\u00e9sben is, 6 f\u00e9le sz\u00ednben. Kiszerel\u00e9si egys\u00e9g: 200 ml<\/div>\n<div class=\"note note-2\"><\/div>\n<div class=\"note note-3\"><\/div>","protected":false},"excerpt":{"rendered":"<p>\u00c9l\u00e9nk\u00edti \u00e9s fel\u00faj\u00edtja a sima b\u0151rb\u0151l k\u00e9sz\u00fclt l\u00e1bbelik sz\u00edn\u00e9t. El\u00e9rhet\u0151 400 ml-es kiszerel\u00e9sben is, 6 f\u00e9le sz\u00ednben. Kiszerel\u00e9si egys\u00e9g: 200 ml<\/p>","protected":false},"featured_media":350970,"comment_status":"closed","ping_status":"closed","template":"","meta":{"_seopress_robots_primary_cat":"none","_seopress_titles_title":"Sz\u00ednfel\u00faj\u00edt\u00f3 spray (MOCOL)","_seopress_titles_desc":"\u00c9l\u00e9nk\u00edti \u00e9s fel\u00faj\u00edtja a sima b\u0151rb\u0151l k\u00e9sz\u00fclt l\u00e1bbelik sz\u00edn\u00e9t. El\u00e9rhet\u0151 400 ml-es kiszerel\u00e9sben is, 6 f\u00e9le sz\u00ednben. Kiszerel\u00e9si egys\u00e9g: 200 ml.","_seopress_robots_index":""},"product_brand":[],"product_cat":[1956,1928],"product_tag":[2365],"class_list":{"0":"post-330797","1":"product","2":"type-product","3":"status-publish","4":"has-post-thumbnail","6":"product_cat-cipo-sprayk","7":"product_cat-cipoapolasi-kellekek","8":"product_tag-cipo-es-labapolas","9":"pa_szin-1957","10":"pa_szin-1958","11":"pa_szin-1959","12":"pa_szin-1939","13":"pa_szin-1940","14":"pa_szin-1960","15":"pa_szin-1961","16":"pa_szin-1962","17":"pa_szin-1963","18":"pa_szin-1941","19":"pa_szin-1964","20":"pa_szin-1942","21":"pa_szin-1943","22":"pa_szin-1965","23":"pa_szin-1944","24":"pa_szin-1966","25":"pa_szin-1945","26":"pa_szin-1946","27":"pa_szin-1967","28":"pa_szin-1947","29":"pa_szin-1948","30":"pa_szin-1952","31":"pa_szin-1953","32":"pa_szin-1954","33":"pa_szin-1955","35":"first","36":"instock","37":"purchasable","38":"product-type-variable"},"_links":{"self":[{"href":"https:\/\/cipokellekek.hu\/en\/wp-json\/wp\/v2\/product\/330797","targetHints":{"allow":["GET"]}}],"collection":[{"href":"https:\/\/cipokellekek.hu\/en\/wp-json\/wp\/v2\/product"}],"about":[{"href":"https:\/\/cipokellekek.hu\/en\/wp-json\/wp\/v2\/types\/product"}],"replies":[{"embeddable":true,"href":"https:\/\/cipokellekek.hu\/en\/wp-json\/wp\/v2\/comments?post=330797"}],"wp:featuredmedia":[{"embeddable":true,"href":"https:\/\/cipokellekek.hu\/en\/wp-json\/wp\/v2\/media\/350970"}],"wp:attachment":[{"href":"https:\/\/cipokellekek.hu\/en\/wp-json\/wp\/v2\/media?parent=330797"}],"wp:term":[{"taxonomy":"product_brand","embeddable":true,"href":"https:\/\/cipokellekek.hu\/en\/wp-json\/wp\/v2\/product_brand?post=330797"},{"taxonomy":"product_cat","embeddable":true,"href":"https:\/\/cipokellekek.hu\/en\/wp-json\/wp\/v2\/product_cat?post=330797"},{"taxonomy":"product_tag","embeddable":true,"href":"https:\/\/cipokellekek.hu\/en\/wp-json\/wp\/v2\/product_tag?post=330797"}],"curies":[{"name":"wp","href":"https:\/\/api.w.org\/{rel}","templated":true}]}}