{"id":330796,"date":"2023-09-11T16:24:57","date_gmt":"2023-09-11T14:24:57","guid":{"rendered":"https:\/\/dev.sysvol.hu\/belso\/termek\/szaraztisztito-spray-modry\/"},"modified":"2025-07-22T14:30:17","modified_gmt":"2025-07-22T12:30:17","slug":"szaraztisztito-spray-modry","status":"publish","type":"product","link":"https:\/\/cipokellekek.hu\/en\/uzlet\/cipoapolasi-kellekek\/cipo-sprayk\/szaraztisztito-spray-modry\/","title":{"rendered":"Sz\u00e1raztiszt\u00edt\u00f3 spray (MODRY)"},"content":{"rendered":"<div class=\"note note-1\">Elt\u00e1vol\u00edtja a m\u00e9ly szennyez\u0151d\u00e9seket a sima \u00e9s nubuk b\u0151rb\u0151l, valamint egy\u00e9b textilekb\u0151l. Kiszerel\u00e9si egys\u00e9g: 250 ml<\/div>\n<div class=\"note note-2\"><\/div>\n<div class=\"note note-3\"><\/div>","protected":false},"excerpt":{"rendered":"<p>Elt\u00e1vol\u00edtja a m\u00e9ly szennyez\u0151d\u00e9seket a sima \u00e9s nubuk b\u0151rb\u0151l, valamint egy\u00e9b textilekb\u0151l. Kiszerel\u00e9si egys\u00e9g: 250 ml<\/p>","protected":false},"featured_media":350969,"comment_status":"closed","ping_status":"closed","template":"","meta":{"_seopress_robots_primary_cat":"none","_seopress_titles_title":"Sz\u00e1raztiszt\u00edt\u00f3 spray (MODRY)","_seopress_titles_desc":"","_seopress_robots_index":""},"product_brand":[],"product_cat":[1956,1928],"product_tag":[2365],"class_list":{"0":"post-330796","1":"product","2":"type-product","3":"status-publish","4":"has-post-thumbnail","6":"product_cat-cipo-sprayk","7":"product_cat-cipoapolasi-kellekek","8":"product_tag-cipo-es-labapolas","10":"first","11":"instock","12":"purchasable","13":"product-type-simple"},"_links":{"self":[{"href":"https:\/\/cipokellekek.hu\/en\/wp-json\/wp\/v2\/product\/330796","targetHints":{"allow":["GET"]}}],"collection":[{"href":"https:\/\/cipokellekek.hu\/en\/wp-json\/wp\/v2\/product"}],"about":[{"href":"https:\/\/cipokellekek.hu\/en\/wp-json\/wp\/v2\/types\/product"}],"replies":[{"embeddable":true,"href":"https:\/\/cipokellekek.hu\/en\/wp-json\/wp\/v2\/comments?post=330796"}],"wp:featuredmedia":[{"embeddable":true,"href":"https:\/\/cipokellekek.hu\/en\/wp-json\/wp\/v2\/media\/350969"}],"wp:attachment":[{"href":"https:\/\/cipokellekek.hu\/en\/wp-json\/wp\/v2\/media?parent=330796"}],"wp:term":[{"taxonomy":"product_brand","embeddable":true,"href":"https:\/\/cipokellekek.hu\/en\/wp-json\/wp\/v2\/product_brand?post=330796"},{"taxonomy":"product_cat","embeddable":true,"href":"https:\/\/cipokellekek.hu\/en\/wp-json\/wp\/v2\/product_cat?post=330796"},{"taxonomy":"product_tag","embeddable":true,"href":"https:\/\/cipokellekek.hu\/en\/wp-json\/wp\/v2\/product_tag?post=330796"}],"curies":[{"name":"wp","href":"https:\/\/api.w.org\/{rel}","templated":true}]}}