{"id":330795,"date":"2023-09-11T16:24:52","date_gmt":"2023-09-11T14:24:52","guid":{"rendered":"https:\/\/dev.sysvol.hu\/belso\/termek\/impregnalo-spray-morai\/"},"modified":"2025-07-23T13:30:17","modified_gmt":"2025-07-23T11:30:17","slug":"impregnalo-spray-morai","status":"publish","type":"product","link":"https:\/\/cipokellekek.hu\/en\/uzlet\/cipoapolasi-kellekek\/cipo-sprayk\/impregnalo-spray-morai\/","title":{"rendered":"Impregn\u00e1l\u00f3 spray (MORAI)"},"content":{"rendered":"<div class=\"note note-1\">V\u00edzleperget\u0151, impregn\u00e1l\u00f3 spray sima \u00e9s nubuk b\u0151rh\u00f6z, valamint egy\u00e9b textilb\u0151l k\u00e9sz\u00fclt l\u00e1bbelikhez. Kiszerel\u00e9si egys\u00e9g: 250 ml<\/div>\n<div class=\"note note-2\"><\/div>\n<div class=\"note note-3\"><\/div>","protected":false},"excerpt":{"rendered":"<p>V\u00edzleperget\u0151, impregn\u00e1l\u00f3 spray sima \u00e9s nubuk b\u0151rh\u00f6z, valamint egy\u00e9b textilb\u0151l k\u00e9sz\u00fclt l\u00e1bbelikhez. Kiszerel\u00e9si egys\u00e9g: 250 ml<\/p>","protected":false},"featured_media":350968,"comment_status":"closed","ping_status":"closed","template":"","meta":{"_seopress_robots_primary_cat":"none","_seopress_titles_title":"Impregn\u00e1l\u00f3 spray (MORAI)","_seopress_titles_desc":"V\u00edzleperget\u0151, impregn\u00e1l\u00f3 spray sima \u00e9s nubuk b\u0151rh\u00f6z, valamint egy\u00e9b textilb\u0151l k\u00e9sz\u00fclt l\u00e1bbelikhez. Kiszerel\u00e9si egys\u00e9g: 250 ml","_seopress_robots_index":""},"product_brand":[],"product_cat":[1956,1928],"product_tag":[2365],"class_list":{"0":"post-330795","1":"product","2":"type-product","3":"status-publish","4":"has-post-thumbnail","6":"product_cat-cipo-sprayk","7":"product_cat-cipoapolasi-kellekek","8":"product_tag-cipo-es-labapolas","10":"first","11":"instock","12":"purchasable","13":"product-type-simple"},"_links":{"self":[{"href":"https:\/\/cipokellekek.hu\/en\/wp-json\/wp\/v2\/product\/330795","targetHints":{"allow":["GET"]}}],"collection":[{"href":"https:\/\/cipokellekek.hu\/en\/wp-json\/wp\/v2\/product"}],"about":[{"href":"https:\/\/cipokellekek.hu\/en\/wp-json\/wp\/v2\/types\/product"}],"replies":[{"embeddable":true,"href":"https:\/\/cipokellekek.hu\/en\/wp-json\/wp\/v2\/comments?post=330795"}],"wp:featuredmedia":[{"embeddable":true,"href":"https:\/\/cipokellekek.hu\/en\/wp-json\/wp\/v2\/media\/350968"}],"wp:attachment":[{"href":"https:\/\/cipokellekek.hu\/en\/wp-json\/wp\/v2\/media?parent=330795"}],"wp:term":[{"taxonomy":"product_brand","embeddable":true,"href":"https:\/\/cipokellekek.hu\/en\/wp-json\/wp\/v2\/product_brand?post=330795"},{"taxonomy":"product_cat","embeddable":true,"href":"https:\/\/cipokellekek.hu\/en\/wp-json\/wp\/v2\/product_cat?post=330795"},{"taxonomy":"product_tag","embeddable":true,"href":"https:\/\/cipokellekek.hu\/en\/wp-json\/wp\/v2\/product_tag?post=330795"}],"curies":[{"name":"wp","href":"https:\/\/api.w.org\/{rel}","templated":true}]}}