{"id":330794,"date":"2023-09-11T16:24:52","date_gmt":"2023-09-11T14:24:52","guid":{"rendered":"https:\/\/dev.sysvol.hu\/belso\/termek\/cipotagito-spray-mostr\/"},"modified":"2025-07-23T13:27:26","modified_gmt":"2025-07-23T11:27:26","slug":"cipotagito-spray-mostr","status":"publish","type":"product","link":"https:\/\/cipokellekek.hu\/en\/uzlet\/cipoapolasi-kellekek\/cipo-sprayk\/cipotagito-spray-mostr\/","title":{"rendered":"Cip\u0151t\u00e1g\u00edt\u00f3 spray (MOSTR)"},"content":{"rendered":"<div class=\"note note-2\">A <a href=\"\/en\/cipoapolasi-kellekek\/cipotagitok\/\">cip\u0151t\u00e1g\u00edt\u00f3<\/a> spray seg\u00edt a sz\u0171k cip\u0151k t\u00e1g\u00edt\u00e1s\u00e1ban \u00e9s k\u00e9nyelmesebb\u00e9 t\u00e9tel\u00e9ben. B\u0151r, m\u0171b\u0151r, vagy sz\u00f6vet cip\u0151kn\u00e9l haszn\u00e1lhat\u00f3. A hat\u00f3anyagok a cip\u0151 anyag\u00e1nak rostjait laz\u00edtj\u00e1k, ami lehet\u0151v\u00e9 teszi, hogy a cip\u0151 k\u00f6nnyebben felvegye a l\u00e1b form\u00e1j\u00e1t \u00e9s kit\u00e1guljon ott, ahol sz\u00fcks\u00e9ges.<\/div>\n<div>\n<ul>\n<li>Seg\u00edt megsz\u00fcntetni a szoros cip\u0151 okozta kellemetlens\u00e9geket \u00e9s f\u00e1jdalmat.<\/li>\n<li>A cip\u0151 jobban illeszkedik a l\u00e1b form\u00e1j\u00e1hoz.<\/li>\n<li>K\u00f6nnyen haszn\u00e1lhat\u00f3 otthoni megold\u00e1s a cip\u0151t\u00e1g\u00edt\u00e1sra, an\u00e9lk\u00fcl, hogy cip\u00e9szhez kellene fordulni.<\/li>\n<li>Elker\u00fclhet\u0151ek a b\u0151rkem\u00e9nyed\u00e9sek \u00e9s h\u00f3lyagok, amelyek a szoros cip\u0151k visel\u00e9se sor\u00e1n alakulhatnak ki.<\/li>\n<\/ul>\n<p>A sprayt a sz\u0171k r\u00e9szre kell f\u00fajni, majd a cip\u0151 hord\u00e1sa vagy <a href=\"https:\/\/cipokellekek.hu\/en\/cipoapolasi-kellekek\/cipotagitok\/\">cip\u0151t\u00e1g\u00edt\u00f3<\/a> form\u00e1ba helyez\u00e9se javasolt, am\u00edg az anyag meg nem sz\u00e1rad.<\/p>\n<\/div>\n<div class=\"note note-3\">Kiszerel\u00e9si egys\u00e9g: 250 ml<\/div>","protected":false},"excerpt":{"rendered":"<p>T\u00e1g\u00edtja \u00e9s l\u00e1gy\u00edtja a t\u00fal szoros b\u0151rcip\u0151t. Kiszerel\u00e9si egys\u00e9g: 250 ml<\/p>","protected":false},"featured_media":350967,"comment_status":"closed","ping_status":"closed","template":"","meta":{"_seopress_robots_primary_cat":"none","_seopress_titles_title":"Cip\u0151t\u00e1g\u00edt\u00f3 spray (MOSTR)","_seopress_titles_desc":"T\u00e1g\u00edtja \u00e9s l\u00e1gy\u00edtja a t\u00fal szoros b\u0151rcip\u0151t. B\u0151r, m\u0171b\u0151r, vagy sz\u00f6vet cip\u0151kn\u00e9l haszn\u00e1lhat\u00f3. Kiszerel\u00e9si egys\u00e9g: 250 ml.","_seopress_robots_index":""},"product_brand":[],"product_cat":[1956,1928],"product_tag":[2365],"class_list":{"0":"post-330794","1":"product","2":"type-product","3":"status-publish","4":"has-post-thumbnail","6":"product_cat-cipo-sprayk","7":"product_cat-cipoapolasi-kellekek","8":"product_tag-cipo-es-labapolas","10":"first","11":"instock","12":"purchasable","13":"product-type-simple"},"_links":{"self":[{"href":"https:\/\/cipokellekek.hu\/en\/wp-json\/wp\/v2\/product\/330794","targetHints":{"allow":["GET"]}}],"collection":[{"href":"https:\/\/cipokellekek.hu\/en\/wp-json\/wp\/v2\/product"}],"about":[{"href":"https:\/\/cipokellekek.hu\/en\/wp-json\/wp\/v2\/types\/product"}],"replies":[{"embeddable":true,"href":"https:\/\/cipokellekek.hu\/en\/wp-json\/wp\/v2\/comments?post=330794"}],"wp:featuredmedia":[{"embeddable":true,"href":"https:\/\/cipokellekek.hu\/en\/wp-json\/wp\/v2\/media\/350967"}],"wp:attachment":[{"href":"https:\/\/cipokellekek.hu\/en\/wp-json\/wp\/v2\/media?parent=330794"}],"wp:term":[{"taxonomy":"product_brand","embeddable":true,"href":"https:\/\/cipokellekek.hu\/en\/wp-json\/wp\/v2\/product_brand?post=330794"},{"taxonomy":"product_cat","embeddable":true,"href":"https:\/\/cipokellekek.hu\/en\/wp-json\/wp\/v2\/product_cat?post=330794"},{"taxonomy":"product_tag","embeddable":true,"href":"https:\/\/cipokellekek.hu\/en\/wp-json\/wp\/v2\/product_tag?post=330794"}],"curies":[{"name":"wp","href":"https:\/\/api.w.org\/{rel}","templated":true}]}}