{"id":330793,"date":"2023-09-11T16:24:52","date_gmt":"2023-09-11T14:24:52","guid":{"rendered":"https:\/\/dev.sysvol.hu\/belso\/termek\/ciposampon-spray-mosfs\/"},"modified":"2025-07-23T13:21:52","modified_gmt":"2025-07-23T11:21:52","slug":"ciposampon-spray-mosfs","status":"publish","type":"product","link":"https:\/\/cipokellekek.hu\/en\/uzlet\/cipoapolasi-kellekek\/cipo-sprayk\/ciposampon-spray-mosfs\/","title":{"rendered":"Cip\u0151sampon spray (MOSFS)"},"content":{"rendered":"<div class=\"note note-1\">Tiszt\u00edtja a szennyez\u0151d\u00e9seket a b\u0151r, nubuk \u00e9s egy\u00e9b textilb\u0151l k\u00e9sz\u00fclt l\u00e1bbelik fel\u00fclet\u00e9r\u0151l. Kiszerel\u00e9si egys\u00e9g: 250 ml<\/div>\n<div class=\"note note-2\"><\/div>\n<div class=\"note note-3\"><\/div>","protected":false},"excerpt":{"rendered":"<p>Tiszt\u00edtja a szennyez\u0151d\u00e9seket a b\u0151r, nubuk \u00e9s egy\u00e9b textilb\u0151l k\u00e9sz\u00fclt l\u00e1bbelik fel\u00fclet\u00e9r\u0151l. Kiszerel\u00e9si egys\u00e9g: 250 ml<\/p>","protected":false},"featured_media":350966,"comment_status":"closed","ping_status":"closed","template":"","meta":{"_seopress_robots_primary_cat":"none","_seopress_titles_title":"Cip\u0151sampon spray (MOSFS)","_seopress_titles_desc":"","_seopress_robots_index":""},"product_brand":[],"product_cat":[1956,1928],"product_tag":[2365],"class_list":{"0":"post-330793","1":"product","2":"type-product","3":"status-publish","4":"has-post-thumbnail","6":"product_cat-cipo-sprayk","7":"product_cat-cipoapolasi-kellekek","8":"product_tag-cipo-es-labapolas","10":"first","11":"instock","12":"featured","13":"purchasable","14":"product-type-simple"},"_links":{"self":[{"href":"https:\/\/cipokellekek.hu\/en\/wp-json\/wp\/v2\/product\/330793","targetHints":{"allow":["GET"]}}],"collection":[{"href":"https:\/\/cipokellekek.hu\/en\/wp-json\/wp\/v2\/product"}],"about":[{"href":"https:\/\/cipokellekek.hu\/en\/wp-json\/wp\/v2\/types\/product"}],"replies":[{"embeddable":true,"href":"https:\/\/cipokellekek.hu\/en\/wp-json\/wp\/v2\/comments?post=330793"}],"wp:featuredmedia":[{"embeddable":true,"href":"https:\/\/cipokellekek.hu\/en\/wp-json\/wp\/v2\/media\/350966"}],"wp:attachment":[{"href":"https:\/\/cipokellekek.hu\/en\/wp-json\/wp\/v2\/media?parent=330793"}],"wp:term":[{"taxonomy":"product_brand","embeddable":true,"href":"https:\/\/cipokellekek.hu\/en\/wp-json\/wp\/v2\/product_brand?post=330793"},{"taxonomy":"product_cat","embeddable":true,"href":"https:\/\/cipokellekek.hu\/en\/wp-json\/wp\/v2\/product_cat?post=330793"},{"taxonomy":"product_tag","embeddable":true,"href":"https:\/\/cipokellekek.hu\/en\/wp-json\/wp\/v2\/product_tag?post=330793"}],"curies":[{"name":"wp","href":"https:\/\/api.w.org\/{rel}","templated":true}]}}