{"id":330792,"date":"2023-09-11T16:24:52","date_gmt":"2023-09-11T14:24:52","guid":{"rendered":"https:\/\/dev.sysvol.hu\/belso\/termek\/cipofenyesito-spray-moshi\/"},"modified":"2025-07-23T13:19:40","modified_gmt":"2025-07-23T11:19:40","slug":"cipofenyesito-spray-moshi","status":"publish","type":"product","link":"https:\/\/cipokellekek.hu\/en\/uzlet\/cipoapolasi-kellekek\/cipo-sprayk\/cipofenyesito-spray-moshi\/","title":{"rendered":"Cip\u0151f\u00e9nyes\u00edt\u0151 spray (MOSHI)"},"content":{"rendered":"<div class=\"note note-1\">\u00d6nf\u00e9nyes\u00edt\u0151 spray, csillog\u00f3 f\u00e9nyt ad a sima \u00e9s h\u00fcll\u0151b\u0151rb\u0151l k\u00e9sz\u00fclt l\u00e1bbeliknek. Kiszerel\u00e9si egys\u00e9g: 250 ml<\/div>\n<div class=\"note note-2\"><\/div>\n<div class=\"note note-3\"><\/div>","protected":false},"excerpt":{"rendered":"<p>\u00d6nf\u00e9nyes\u00edt\u0151 spray, csillog\u00f3 f\u00e9nyt ad a sima \u00e9s h\u00fcll\u0151b\u0151rb\u0151l k\u00e9sz\u00fclt l\u00e1bbeliknek. Kiszerel\u00e9si egys\u00e9g: 250 ml<\/p>","protected":false},"featured_media":350965,"comment_status":"closed","ping_status":"closed","template":"","meta":{"_seopress_robots_primary_cat":"none","_seopress_titles_title":"Cip\u0151f\u00e9nyes\u00edt\u0151 spray (MOSHI)","_seopress_titles_desc":"\u00d6nf\u00e9nyes\u00edt\u0151 spray, csillog\u00f3 f\u00e9nyt ad a sima \u00e9s h\u00fcll\u0151b\u0151rb\u0151l k\u00e9sz\u00fclt l\u00e1bbeliknek. Kiszerel\u00e9si egys\u00e9g: 250 ml","_seopress_robots_index":""},"product_brand":[],"product_cat":[1956,1928],"product_tag":[2365],"class_list":{"0":"post-330792","1":"product","2":"type-product","3":"status-publish","4":"has-post-thumbnail","6":"product_cat-cipo-sprayk","7":"product_cat-cipoapolasi-kellekek","8":"product_tag-cipo-es-labapolas","10":"first","11":"instock","12":"purchasable","13":"product-type-simple"},"_links":{"self":[{"href":"https:\/\/cipokellekek.hu\/en\/wp-json\/wp\/v2\/product\/330792","targetHints":{"allow":["GET"]}}],"collection":[{"href":"https:\/\/cipokellekek.hu\/en\/wp-json\/wp\/v2\/product"}],"about":[{"href":"https:\/\/cipokellekek.hu\/en\/wp-json\/wp\/v2\/types\/product"}],"replies":[{"embeddable":true,"href":"https:\/\/cipokellekek.hu\/en\/wp-json\/wp\/v2\/comments?post=330792"}],"wp:featuredmedia":[{"embeddable":true,"href":"https:\/\/cipokellekek.hu\/en\/wp-json\/wp\/v2\/media\/350965"}],"wp:attachment":[{"href":"https:\/\/cipokellekek.hu\/en\/wp-json\/wp\/v2\/media?parent=330792"}],"wp:term":[{"taxonomy":"product_brand","embeddable":true,"href":"https:\/\/cipokellekek.hu\/en\/wp-json\/wp\/v2\/product_brand?post=330792"},{"taxonomy":"product_cat","embeddable":true,"href":"https:\/\/cipokellekek.hu\/en\/wp-json\/wp\/v2\/product_cat?post=330792"},{"taxonomy":"product_tag","embeddable":true,"href":"https:\/\/cipokellekek.hu\/en\/wp-json\/wp\/v2\/product_tag?post=330792"}],"curies":[{"name":"wp","href":"https:\/\/api.w.org\/{rel}","templated":true}]}}