{"id":330790,"date":"2023-09-11T16:24:52","date_gmt":"2023-09-11T14:24:52","guid":{"rendered":"https:\/\/dev.sysvol.hu\/belso\/termek\/cipo-illatosito-moos100\/"},"modified":"2025-07-23T13:10:59","modified_gmt":"2025-07-23T11:10:59","slug":"cipo-illatosito-moos100","status":"publish","type":"product","link":"https:\/\/cipokellekek.hu\/en\/uzlet\/cipoapolasi-kellekek\/cipo-sprayk\/cipo-illatosito-moos100\/","title":{"rendered":"Cip\u0151 illatos\u00edt\u00f3 (MOOS100)"},"content":{"rendered":"<div class=\"note note-1\">Elt\u00e1vol\u00edtja a kellemetlen szagokat \u00e9s felfriss\u00edti a l\u00e1bbelit. Kiszerel\u00e9si egys\u00e9g: 100 ml<\/div>\n<div class=\"note note-2\"><\/div>\n<div class=\"note note-3\"><\/div>","protected":false},"excerpt":{"rendered":"<p>Friss\u00edtse fel k\u00f6rnyezet\u00e9t \u00e9s \u00e9lvezze a hosszan tart\u00f3 frissess\u00e9get a Cip\u0151 illatos\u00edt\u00f3 spray seg\u00edts\u00e9g\u00e9vel! Ez a sokoldal\u00fa spray nemcsak a cip\u0151k kellemetlen szag\u00e1t semleges\u00edti hat\u00e9konyan, hanem t\u00f6k\u00e9letes megold\u00e1st ny\u00fajt aut\u00f3k, f\u00fcgg\u00f6ny\u00f6k, ruh\u00e1k \u00e9s ak\u00e1r a kutyaszag okozta kellemetlens\u00e9gek elt\u00fcntet\u00e9s\u00e9re is. Speci\u00e1lis \u00f6sszetev\u0151i nem csup\u00e1n elfedik a szagokat, hanem t\u00e9nylegesen megsz\u00fcntetik azokat, \u00edgy k\u00f6rnyezete mindig friss \u00e9s tiszta \u00e9rzetet biztos\u00edt.<\/p>\n<p>A Cip\u0151 illatos\u00edt\u00f3 spray k\u00f6nnyen haszn\u00e1lhat\u00f3: egyszer\u0171en f\u00fajja be a k\u00edv\u00e1nt fel\u00fcletet, legyen az cip\u0151, aut\u00f3\u00fcl\u00e9s, f\u00fcgg\u00f6ny, ruhadarab vagy ak\u00e1r a kutya kedvenc helye, \u00e9s hagyja, hogy a gyorsan sz\u00e1rad\u00f3 formula kifejtse hat\u00e1s\u00e1t. Kompakt kiszerel\u00e9s\u00e9nek k\u00f6sz\u00f6nhet\u0151en b\u00e1rhov\u00e1 mag\u00e1val viheti, \u00edgy a frissess\u00e9get b\u00e1rhol \u00e9s b\u00e1rmikor biztos\u00edthatja.<\/p>\n<p>V\u00e1lassza a Cip\u0151 illatos\u00edt\u00f3 sprayt, \u00e9s \u00e9lvezze a kellemetlen szagokt\u00f3l mentes, friss k\u00f6rnyezetet minden nap, legyen sz\u00f3 cip\u0151r\u0151l, aut\u00f3r\u00f3l, otthon\u00e1r\u00f3l vagy ruh\u00e1ir\u00f3l!<\/p>","protected":false},"featured_media":352058,"comment_status":"closed","ping_status":"closed","template":"","meta":{"_seopress_robots_primary_cat":"none","_seopress_titles_title":"Cip\u0151 illatos\u00edt\u00f3 (MOOS100)","_seopress_titles_desc":"V\u00e1lassza a Cip\u0151 illatos\u00edt\u00f3 sprayt, \u00e9s \u00e9lvezze a kellemetlen szagokt\u00f3l mentes, friss k\u00f6rnyezetet minden nap, legyen sz\u00f3 cip\u0151r\u0151l, aut\u00f3r\u00f3l, otthon\u00e1r\u00f3l vagy ruh\u00e1ir\u00f3l!","_seopress_robots_index":""},"product_brand":[],"product_cat":[1956,1928],"product_tag":[2365],"class_list":{"0":"post-330790","1":"product","2":"type-product","3":"status-publish","4":"has-post-thumbnail","6":"product_cat-cipo-sprayk","7":"product_cat-cipoapolasi-kellekek","8":"product_tag-cipo-es-labapolas","10":"first","11":"instock","12":"purchasable","13":"product-type-simple"},"_links":{"self":[{"href":"https:\/\/cipokellekek.hu\/en\/wp-json\/wp\/v2\/product\/330790","targetHints":{"allow":["GET"]}}],"collection":[{"href":"https:\/\/cipokellekek.hu\/en\/wp-json\/wp\/v2\/product"}],"about":[{"href":"https:\/\/cipokellekek.hu\/en\/wp-json\/wp\/v2\/types\/product"}],"replies":[{"embeddable":true,"href":"https:\/\/cipokellekek.hu\/en\/wp-json\/wp\/v2\/comments?post=330790"}],"wp:featuredmedia":[{"embeddable":true,"href":"https:\/\/cipokellekek.hu\/en\/wp-json\/wp\/v2\/media\/352058"}],"wp:attachment":[{"href":"https:\/\/cipokellekek.hu\/en\/wp-json\/wp\/v2\/media?parent=330790"}],"wp:term":[{"taxonomy":"product_brand","embeddable":true,"href":"https:\/\/cipokellekek.hu\/en\/wp-json\/wp\/v2\/product_brand?post=330790"},{"taxonomy":"product_cat","embeddable":true,"href":"https:\/\/cipokellekek.hu\/en\/wp-json\/wp\/v2\/product_cat?post=330790"},{"taxonomy":"product_tag","embeddable":true,"href":"https:\/\/cipokellekek.hu\/en\/wp-json\/wp\/v2\/product_tag?post=330790"}],"curies":[{"name":"wp","href":"https:\/\/api.w.org\/{rel}","templated":true}]}}