{"id":330771,"date":"2023-09-11T16:24:52","date_gmt":"2023-09-11T14:24:52","guid":{"rendered":"https:\/\/dev.sysvol.hu\/belso\/termek\/bor-regeneralo-spray-mores\/"},"modified":"2025-07-23T13:07:51","modified_gmt":"2025-07-23T11:07:51","slug":"bor-regeneralo-spray-mores","status":"publish","type":"product","link":"https:\/\/cipokellekek.hu\/en\/uzlet\/cipoapolasi-kellekek\/cipo-sprayk\/bor-regeneralo-spray-mores\/","title":{"rendered":"B\u0151r regener\u00e1l\u00f3 spray (MORES)"},"content":{"rendered":"<p>A Mores b\u0151r regener\u00e1l\u00f3 spray b\u0151r l\u00e1bbelik, t\u00e1sk\u00e1k, kab\u00e1tok \u00e9s m\u00e1s b\u0151rb\u0151l k\u00e9sz\u00fclt term\u00e9kek \u00e1pol\u00e1s\u00e1ra szolg\u00e1l. Formul\u00e1ja m\u00e9lyen behatol a b\u0151r r\u00e9tegeibe, regener\u00e1lja \u00e9s t\u00e1pl\u00e1lja azt, mik\u00f6zben meg\u0151rzi a b\u0151r puhas\u00e1g\u00e1t \u00e9s f\u00e9ny\u00e9t. Rendszeres haszn\u00e1lat\u00e1val megel\u0151zhet\u0151 a b\u0151r kisz\u00e1rad\u00e1sa \u00e9s repedez\u00e9se, valamint v\u00e9delmet ny\u00fajt a k\u00fcls\u0151 k\u00f6rnyezeti hat\u00e1sokkal szemben. Alkalmaz\u00e1sa egyszer\u0171: a tiszta, sz\u00e1raz b\u0151rfel\u00fcletre kell permetezni, majd puha ronggyal \u00e1tt\u00f6r\u00f6lni.<\/p>\n<p>Kiszerel\u00e9si egys\u00e9g: 250 ml<\/p>","protected":false},"excerpt":{"rendered":"<div class=\"note note-2\">\n<p>Hozza vissza b\u0151r cip\u0151i \u00e9s kieg\u00e9sz\u00edt\u0151i eredeti f\u00e9ny\u00e9t \u00e9s rugalmass\u00e1g\u00e1t a Mores b\u0151r regener\u00e1l\u00f3 spray seg\u00edts\u00e9g\u00e9vel! Ez a pr\u00e9mium min\u0151s\u00e9g\u0171 spray kifejezetten b\u0151r l\u00e1bbelik, t\u00e1sk\u00e1k, kab\u00e1tok \u00e9s m\u00e1s b\u0151rb\u0151l k\u00e9sz\u00fclt term\u00e9kek \u00e1pol\u00e1s\u00e1ra lett kifejlesztve. A k\u00fcl\u00f6nleges formul\u00e1nak k\u00f6sz\u00f6nhet\u0151en m\u00e9lyen behatol a b\u0151r r\u00e9tegeibe, regener\u00e1lva \u00e9s t\u00e1pl\u00e1lva azt, mik\u00f6zben meg\u0151rzi a b\u0151r term\u00e9szetes puhas\u00e1g\u00e1t \u00e9s f\u00e9ny\u00e9t.<\/p>\n<p>A Mores b\u0151r regener\u00e1l\u00f3 spray rendszeres haszn\u00e1lat\u00e1val megakad\u00e1lyozhatja a b\u0151r kisz\u00e1rad\u00e1s\u00e1t, repedez\u00e9s\u00e9t, \u00e9s visszaadhatja annak eredeti ragyog\u00e1s\u00e1t. Emellett v\u00e9delmet ny\u00fajt a k\u00fcls\u0151 k\u00f6rnyezeti hat\u00e1sokkal szemben, \u00edgy cip\u0151i \u00e9s b\u0151rkieg\u00e9sz\u00edt\u0151i hosszabb ideig meg\u0151rzik \u00fajszer\u0171 \u00e1llapotukat. Egyszer\u0171en f\u00fajja be a tiszta, sz\u00e1raz b\u0151rfel\u00fcletet, majd egy puha ronggyal t\u00f6r\u00f6lje \u00e1t a legjobb eredm\u00e9ny el\u00e9r\u00e9se \u00e9rdek\u00e9ben.<\/p>\n<p>V\u00e1lassza a Mores b\u0151r regener\u00e1l\u00f3 sprayt, \u00e9s \u0151rizze meg b\u0151r term\u00e9keinek sz\u00e9ps\u00e9g\u00e9t \u00e9s tart\u00f3ss\u00e1g\u00e1t!<\/p>\n<\/div>\n<div><\/div>\n<p>&nbsp;<\/p>","protected":false},"featured_media":350962,"comment_status":"closed","ping_status":"closed","template":"","meta":{"_seopress_robots_primary_cat":"none","_seopress_titles_title":"","_seopress_titles_desc":"Hozza vissza b\u0151r cip\u0151i \u00e9s kieg\u00e9sz\u00edt\u0151i eredeti f\u00e9ny\u00e9t \u00e9s rugalmass\u00e1g\u00e1t a Mores b\u0151r regener\u00e1l\u00f3 spray seg\u00edts\u00e9g\u00e9vel! 18 sz\u00ednben el\u00e9rhet\u0151.","_seopress_robots_index":""},"product_brand":[],"product_cat":[1956,1928],"product_tag":[2365],"class_list":{"0":"post-330771","1":"product","2":"type-product","3":"status-publish","4":"has-post-thumbnail","6":"product_cat-cipo-sprayk","7":"product_cat-cipoapolasi-kellekek","8":"product_tag-cipo-es-labapolas","9":"pa_szin-1938","10":"pa_szin-1939","11":"pa_szin-1940","12":"pa_szin-1941","13":"pa_szin-1942","14":"pa_szin-1943","15":"pa_szin-1944","16":"pa_szin-1945","17":"pa_szin-1946","18":"pa_szin-1947","19":"pa_szin-1948","20":"pa_szin-1949","21":"pa_szin-1950","22":"pa_szin-1951","23":"pa_szin-1952","24":"pa_szin-1953","25":"pa_szin-1954","26":"pa_szin-1955","28":"first","29":"instock","30":"purchasable","31":"product-type-variable"},"_links":{"self":[{"href":"https:\/\/cipokellekek.hu\/en\/wp-json\/wp\/v2\/product\/330771","targetHints":{"allow":["GET"]}}],"collection":[{"href":"https:\/\/cipokellekek.hu\/en\/wp-json\/wp\/v2\/product"}],"about":[{"href":"https:\/\/cipokellekek.hu\/en\/wp-json\/wp\/v2\/types\/product"}],"replies":[{"embeddable":true,"href":"https:\/\/cipokellekek.hu\/en\/wp-json\/wp\/v2\/comments?post=330771"}],"wp:featuredmedia":[{"embeddable":true,"href":"https:\/\/cipokellekek.hu\/en\/wp-json\/wp\/v2\/media\/350962"}],"wp:attachment":[{"href":"https:\/\/cipokellekek.hu\/en\/wp-json\/wp\/v2\/media?parent=330771"}],"wp:term":[{"taxonomy":"product_brand","embeddable":true,"href":"https:\/\/cipokellekek.hu\/en\/wp-json\/wp\/v2\/product_brand?post=330771"},{"taxonomy":"product_cat","embeddable":true,"href":"https:\/\/cipokellekek.hu\/en\/wp-json\/wp\/v2\/product_cat?post=330771"},{"taxonomy":"product_tag","embeddable":true,"href":"https:\/\/cipokellekek.hu\/en\/wp-json\/wp\/v2\/product_tag?post=330771"}],"curies":[{"name":"wp","href":"https:\/\/api.w.org\/{rel}","templated":true}]}}