{"id":330770,"date":"2023-09-11T16:24:52","date_gmt":"2023-09-11T14:24:52","guid":{"rendered":"https:\/\/dev.sysvol.hu\/belso\/termek\/protectiv-szilikonos-betetes-pant-mo038\/"},"modified":"2025-07-22T14:23:48","modified_gmt":"2025-07-22T12:23:48","slug":"protectiv-szilikonos-betetes-pant-mo038","status":"publish","type":"product","link":"https:\/\/cipokellekek.hu\/en\/uzlet\/cipoapolasi-kellekek\/butyokvedok\/protectiv-szilikonos-betetes-pant-mo038\/","title":{"rendered":"PROTECTIV szilikonos bet\u00e9tes p\u00e1nt (MO038)"},"content":{"rendered":"<div class=\"note note-1\">A szilikon bet\u00e9t v\u00e9di a f\u00e1jdalmas b\u00fctyk\u00f6t a kid\u00f6rzs\u00f6l\u00e9st\u0151l. Megakad\u00e1lyozza a b\u0151rkem\u00e9nyed\u00e9s kialakul\u00e1s\u00e1t. Kiszerel\u00e9si egys\u00e9g: 1 p\u00e1r<\/div>\n<div class=\"note note-2\"><\/div>\n<div class=\"note note-3\"><\/div>","protected":false},"excerpt":{"rendered":"<p>A szilikon bet\u00e9t v\u00e9di a f\u00e1jdalmas b\u00fctyk\u00f6t a kid\u00f6rzs\u00f6l\u00e9st\u0151l. Megakad\u00e1lyozza a b\u0151rkem\u00e9nyed\u00e9s kialakul\u00e1s\u00e1t. Kiszerel\u00e9si egys\u00e9g: 1 p\u00e1r<\/p>","protected":false},"featured_media":350961,"comment_status":"closed","ping_status":"closed","template":"","meta":{"_seopress_robots_primary_cat":"none","_seopress_titles_title":"PROTECTIV szilikonos bet\u00e9tes p\u00e1nt (MO038)","_seopress_titles_desc":"A szilikon bet\u00e9t v\u00e9di a f\u00e1jdalmas b\u00fctyk\u00f6t a kid\u00f6rzs\u00f6l\u00e9st\u0151l. Megakad\u00e1lyozza a b\u0151rkem\u00e9nyed\u00e9s kialakul\u00e1s\u00e1t. Kiszerel\u00e9si egys\u00e9g: 1 p\u00e1r.","_seopress_robots_index":""},"product_brand":[],"product_cat":[1937,1928],"product_tag":[2365],"class_list":{"0":"post-330770","1":"product","2":"type-product","3":"status-publish","4":"has-post-thumbnail","6":"product_cat-butyokvedok","7":"product_cat-cipoapolasi-kellekek","8":"product_tag-cipo-es-labapolas","10":"first","11":"instock","12":"purchasable","13":"product-type-simple"},"_links":{"self":[{"href":"https:\/\/cipokellekek.hu\/en\/wp-json\/wp\/v2\/product\/330770","targetHints":{"allow":["GET"]}}],"collection":[{"href":"https:\/\/cipokellekek.hu\/en\/wp-json\/wp\/v2\/product"}],"about":[{"href":"https:\/\/cipokellekek.hu\/en\/wp-json\/wp\/v2\/types\/product"}],"replies":[{"embeddable":true,"href":"https:\/\/cipokellekek.hu\/en\/wp-json\/wp\/v2\/comments?post=330770"}],"wp:featuredmedia":[{"embeddable":true,"href":"https:\/\/cipokellekek.hu\/en\/wp-json\/wp\/v2\/media\/350961"}],"wp:attachment":[{"href":"https:\/\/cipokellekek.hu\/en\/wp-json\/wp\/v2\/media?parent=330770"}],"wp:term":[{"taxonomy":"product_brand","embeddable":true,"href":"https:\/\/cipokellekek.hu\/en\/wp-json\/wp\/v2\/product_brand?post=330770"},{"taxonomy":"product_cat","embeddable":true,"href":"https:\/\/cipokellekek.hu\/en\/wp-json\/wp\/v2\/product_cat?post=330770"},{"taxonomy":"product_tag","embeddable":true,"href":"https:\/\/cipokellekek.hu\/en\/wp-json\/wp\/v2\/product_tag?post=330770"}],"curies":[{"name":"wp","href":"https:\/\/api.w.org\/{rel}","templated":true}]}}