{"id":330769,"date":"2023-09-11T16:24:52","date_gmt":"2023-09-11T14:24:52","guid":{"rendered":"https:\/\/dev.sysvol.hu\/belso\/termek\/correttore-ejszakai-butyok-kotes-mo011\/"},"modified":"2025-07-22T14:21:08","modified_gmt":"2025-07-22T12:21:08","slug":"correttore-ejszakai-butyok-kotes-mo011","status":"publish","type":"product","link":"https:\/\/cipokellekek.hu\/en\/uzlet\/cipoapolasi-kellekek\/butyokvedok\/correttore-ejszakai-butyok-kotes-mo011\/","title":{"rendered":"CORRETTORE \u00e9jszakai b\u00fcty\u00f6k k\u00f6t\u00e9s (MO011)"},"content":{"rendered":"<div class=\"note note-1\">Pihen\u00e9s k\u00f6zben korrig\u00e1lja a l\u00e1b deformit\u00e1s\u00e1t. Egy m\u00e9ret (1 p\u00e1r) Kiszerel\u00e9si egys\u00e9g: 1 p\u00e1r<\/div>\n<div class=\"note note-2\"><\/div>\n<div class=\"note note-3\"><\/div>","protected":false},"excerpt":{"rendered":"<p>Pihen\u00e9s k\u00f6zben korrig\u00e1lja a l\u00e1b deformit\u00e1s\u00e1t. Egy m\u00e9ret (1 p\u00e1r) Kiszerel\u00e9si egys\u00e9g: 1 p\u00e1r<\/p>","protected":false},"featured_media":350960,"comment_status":"closed","ping_status":"closed","template":"","meta":{"_seopress_robots_primary_cat":"none","_seopress_titles_title":"CORRETTORE \u00e9jszakai b\u00fcty\u00f6k k\u00f6t\u00e9s (MO011)","_seopress_titles_desc":"Pihen\u00e9s k\u00f6zben korrig\u00e1lja a l\u00e1b deformit\u00e1s\u00e1t. Egy m\u00e9ret (1 p\u00e1r) Kiszerel\u00e9si egys\u00e9g: 1 p\u00e1r.","_seopress_robots_index":""},"product_brand":[],"product_cat":[1937,1928],"product_tag":[2365],"class_list":{"0":"post-330769","1":"product","2":"type-product","3":"status-publish","4":"has-post-thumbnail","6":"product_cat-butyokvedok","7":"product_cat-cipoapolasi-kellekek","8":"product_tag-cipo-es-labapolas","10":"first","11":"instock","12":"purchasable","13":"product-type-simple"},"_links":{"self":[{"href":"https:\/\/cipokellekek.hu\/en\/wp-json\/wp\/v2\/product\/330769","targetHints":{"allow":["GET"]}}],"collection":[{"href":"https:\/\/cipokellekek.hu\/en\/wp-json\/wp\/v2\/product"}],"about":[{"href":"https:\/\/cipokellekek.hu\/en\/wp-json\/wp\/v2\/types\/product"}],"replies":[{"embeddable":true,"href":"https:\/\/cipokellekek.hu\/en\/wp-json\/wp\/v2\/comments?post=330769"}],"wp:featuredmedia":[{"embeddable":true,"href":"https:\/\/cipokellekek.hu\/en\/wp-json\/wp\/v2\/media\/350960"}],"wp:attachment":[{"href":"https:\/\/cipokellekek.hu\/en\/wp-json\/wp\/v2\/media?parent=330769"}],"wp:term":[{"taxonomy":"product_brand","embeddable":true,"href":"https:\/\/cipokellekek.hu\/en\/wp-json\/wp\/v2\/product_brand?post=330769"},{"taxonomy":"product_cat","embeddable":true,"href":"https:\/\/cipokellekek.hu\/en\/wp-json\/wp\/v2\/product_cat?post=330769"},{"taxonomy":"product_tag","embeddable":true,"href":"https:\/\/cipokellekek.hu\/en\/wp-json\/wp\/v2\/product_tag?post=330769"}],"curies":[{"name":"wp","href":"https:\/\/api.w.org\/{rel}","templated":true}]}}