{"id":330766,"date":"2023-09-11T16:24:52","date_gmt":"2023-09-11T14:24:52","guid":{"rendered":"https:\/\/dev.sysvol.hu\/belso\/termek\/comfort-labkozepcsont-parna-szilikon-betettel-mo039\/"},"modified":"2025-07-22T14:18:11","modified_gmt":"2025-07-22T12:18:11","slug":"comfort-labkozepcsont-parna-szilikon-betettel-mo039","status":"publish","type":"product","link":"https:\/\/cipokellekek.hu\/en\/uzlet\/cipoapolasi-kellekek\/butyokvedok\/comfort-labkozepcsont-parna-szilikon-betettel-mo039\/","title":{"rendered":"COMFORT l\u00e1bk\u00f6z\u00e9pcsont p\u00e1rna szilikon bet\u00e9ttel (MO039)"},"content":{"rendered":"<div class=\"note note-1\">A szilikon bet\u00e9t nyugtatja a l\u00e1bfej als\u00f3 r\u00e9sz\u00e9t, megel\u0151zi a talpp\u00e1rna \u00e9g\u0151 \u00e9rz\u00e9s\u00e9t. Kiszerel\u00e9si egys\u00e9g: 1 p\u00e1r<\/div>\n<div class=\"note note-2\"><\/div>\n<div class=\"note note-3\"><\/div>","protected":false},"excerpt":{"rendered":"<p>A szilikon bet\u00e9t nyugtatja a l\u00e1bfej als\u00f3 r\u00e9sz\u00e9t, megel\u0151zi a talpp\u00e1rna \u00e9g\u0151 \u00e9rz\u00e9s\u00e9t. Kiszerel\u00e9si egys\u00e9g: 1 p\u00e1r<\/p>","protected":false},"featured_media":350959,"comment_status":"closed","ping_status":"closed","template":"","meta":{"_seopress_robots_primary_cat":"none","_seopress_titles_title":"COMFORT l\u00e1bk\u00f6z\u00e9pcsont p\u00e1rna szilikon bet\u00e9ttel (MO039)","_seopress_titles_desc":"A szilikon bet\u00e9t nyugtatja a l\u00e1bfej als\u00f3 r\u00e9sz\u00e9t, megel\u0151zi a talpp\u00e1rna \u00e9g\u0151 \u00e9rz\u00e9s\u00e9t. Kiszerel\u00e9si egys\u00e9g: 1 p\u00e1r.","_seopress_robots_index":""},"product_brand":[],"product_cat":[1937,1928],"product_tag":[2365],"class_list":{"0":"post-330766","1":"product","2":"type-product","3":"status-publish","4":"has-post-thumbnail","6":"product_cat-butyokvedok","7":"product_cat-cipoapolasi-kellekek","8":"product_tag-cipo-es-labapolas","9":"pa_meret-m","10":"pa_meret-s","12":"first","13":"instock","14":"purchasable","15":"product-type-variable"},"_links":{"self":[{"href":"https:\/\/cipokellekek.hu\/en\/wp-json\/wp\/v2\/product\/330766","targetHints":{"allow":["GET"]}}],"collection":[{"href":"https:\/\/cipokellekek.hu\/en\/wp-json\/wp\/v2\/product"}],"about":[{"href":"https:\/\/cipokellekek.hu\/en\/wp-json\/wp\/v2\/types\/product"}],"replies":[{"embeddable":true,"href":"https:\/\/cipokellekek.hu\/en\/wp-json\/wp\/v2\/comments?post=330766"}],"wp:featuredmedia":[{"embeddable":true,"href":"https:\/\/cipokellekek.hu\/en\/wp-json\/wp\/v2\/media\/350959"}],"wp:attachment":[{"href":"https:\/\/cipokellekek.hu\/en\/wp-json\/wp\/v2\/media?parent=330766"}],"wp:term":[{"taxonomy":"product_brand","embeddable":true,"href":"https:\/\/cipokellekek.hu\/en\/wp-json\/wp\/v2\/product_brand?post=330766"},{"taxonomy":"product_cat","embeddable":true,"href":"https:\/\/cipokellekek.hu\/en\/wp-json\/wp\/v2\/product_cat?post=330766"},{"taxonomy":"product_tag","embeddable":true,"href":"https:\/\/cipokellekek.hu\/en\/wp-json\/wp\/v2\/product_tag?post=330766"}],"curies":[{"name":"wp","href":"https:\/\/api.w.org\/{rel}","templated":true}]}}