{"id":330765,"date":"2023-09-11T16:24:39","date_gmt":"2023-09-11T14:24:39","guid":{"rendered":"https:\/\/dev.sysvol.hu\/belso\/termek\/szarvasbor-tisztito-gumi-gomca\/"},"modified":"2025-10-16T11:54:38","modified_gmt":"2025-10-16T09:54:38","slug":"szarvasbor-tisztito-gumi-gomca","status":"publish","type":"product","link":"https:\/\/cipokellekek.hu\/en\/uzlet\/cipoapolasi-kellekek\/applikatorok\/szarvasbor-tisztito-gumi-gomca\/","title":{"rendered":"Szarvasb\u0151r tiszt\u00edt\u00f3 gumi (GOMCA)"},"content":{"rendered":"<div class=\"note note-1\">A\u00a0cip\u0151tiszt\u00edt\u00f3 gumi rad\u00edr\u00a0ide\u00e1lis eszk\u00f6z a\u00a0b\u0151rcip\u0151k\u00a0\u00e9s\u00a0gumi fel\u00fcletek\u00a0tiszt\u00edt\u00e1s\u00e1ra. Finom szemcs\u00e9s szerkezete lehet\u0151v\u00e9 teszi a szennyez\u0151d\u00e9sek gyors \u00e9s alapos elt\u00e1vol\u00edt\u00e1s\u00e1t an\u00e9lk\u00fcl, hogy k\u00e1ros\u00edtan\u00e1 az anyagot.<\/div>\n<div class=\"note note-2\"><\/div>\n<div class=\"note note-3\"><\/div>","protected":false},"excerpt":{"rendered":"","protected":false},"featured_media":350958,"comment_status":"closed","ping_status":"closed","template":"","meta":{"_seopress_robots_primary_cat":"none","_seopress_titles_title":"Szarvasb\u0151r tiszt\u00edt\u00f3 gumi (GOMCA)","_seopress_titles_desc":"A cip\u0151tiszt\u00edt\u00f3 gumi rad\u00edr b\u0151rcip\u0151k \u00e9s gumi fel\u00fcletek tiszt\u00edt\u00e1s\u00e1ra. Finom szemcs\u00e9s szerkezete lehet\u0151v\u00e9 teszi a szennyez\u0151d\u00e9sek gyors \u00e9s alapos elt\u00e1vol\u00edt\u00e1s\u00e1t.","_seopress_robots_index":""},"product_brand":[],"product_cat":[1929,1928],"product_tag":[2365],"class_list":{"0":"post-330765","1":"product","2":"type-product","3":"status-publish","4":"has-post-thumbnail","6":"product_cat-applikatorok","7":"product_cat-cipoapolasi-kellekek","8":"product_tag-cipo-es-labapolas","10":"first","11":"instock","12":"purchasable","13":"product-type-simple"},"_links":{"self":[{"href":"https:\/\/cipokellekek.hu\/en\/wp-json\/wp\/v2\/product\/330765","targetHints":{"allow":["GET"]}}],"collection":[{"href":"https:\/\/cipokellekek.hu\/en\/wp-json\/wp\/v2\/product"}],"about":[{"href":"https:\/\/cipokellekek.hu\/en\/wp-json\/wp\/v2\/types\/product"}],"replies":[{"embeddable":true,"href":"https:\/\/cipokellekek.hu\/en\/wp-json\/wp\/v2\/comments?post=330765"}],"wp:featuredmedia":[{"embeddable":true,"href":"https:\/\/cipokellekek.hu\/en\/wp-json\/wp\/v2\/media\/350958"}],"wp:attachment":[{"href":"https:\/\/cipokellekek.hu\/en\/wp-json\/wp\/v2\/media?parent=330765"}],"wp:term":[{"taxonomy":"product_brand","embeddable":true,"href":"https:\/\/cipokellekek.hu\/en\/wp-json\/wp\/v2\/product_brand?post=330765"},{"taxonomy":"product_cat","embeddable":true,"href":"https:\/\/cipokellekek.hu\/en\/wp-json\/wp\/v2\/product_cat?post=330765"},{"taxonomy":"product_tag","embeddable":true,"href":"https:\/\/cipokellekek.hu\/en\/wp-json\/wp\/v2\/product_tag?post=330765"}],"curies":[{"name":"wp","href":"https:\/\/api.w.org\/{rel}","templated":true}]}}