{"id":330759,"date":"2023-09-11T16:24:39","date_gmt":"2023-09-11T14:24:39","guid":{"rendered":"https:\/\/dev.sysvol.hu\/belso\/termek\/pamutkendo-pang\/"},"modified":"2025-07-22T11:22:53","modified_gmt":"2025-07-22T09:22:53","slug":"pamutkendo-pang","status":"publish","type":"product","link":"https:\/\/cipokellekek.hu\/en\/uzlet\/cipoapolasi-kellekek\/applikatorok\/pamutkendo-pang\/","title":{"rendered":"Pamutkend\u0151 (PANG)"},"content":{"rendered":"<div class=\"note note-1\">Pamut t\u00f6rl\u0151kend\u0151, tiszt\u00edt\u00f3kend\u0151. Cip\u0151\u00e1pol\u00e1shoz \u00e9s t\u00e1ska\u00e1pol\u00e1shoz, cip\u0151kr\u00e9m- \u00e9s b\u0151rbalzsam felvitel\u00e9hez. M\u00e9ret: 35&#215;35 cm<\/div>\n<div class=\"note note-2\"><\/div>\n<div class=\"note note-3\"><\/div>","protected":false},"excerpt":{"rendered":"<p>Pamut t\u00f6rl\u0151kend\u0151, tiszt\u00edt\u00f3kend\u0151. Cip\u0151\u00e1pol\u00e1shoz \u00e9s t\u00e1ska\u00e1pol\u00e1shoz, cip\u0151kr\u00e9m- \u00e9s b\u0151rbalzsam felvitel\u00e9hez. M\u00e9ret: 35&#215;35 cm<\/p>","protected":false},"featured_media":350957,"comment_status":"closed","ping_status":"closed","template":"","meta":{"_seopress_robots_primary_cat":"none","_seopress_titles_title":"Pamutkend\u0151 (PANG)","_seopress_titles_desc":"Pamut t\u00f6rl\u0151kend\u0151, tiszt\u00edt\u00f3kend\u0151. Cip\u0151\u00e1pol\u00e1shoz \u00e9s t\u00e1ska\u00e1pol\u00e1shoz, cip\u0151kr\u00e9m- \u00e9s b\u0151rbalzsam felvitel\u00e9hez. M\u00e9ret: 35x35 cm.","_seopress_robots_index":""},"product_brand":[],"product_cat":[1929,1928],"product_tag":[2365],"class_list":{"0":"post-330759","1":"product","2":"type-product","3":"status-publish","4":"has-post-thumbnail","6":"product_cat-applikatorok","7":"product_cat-cipoapolasi-kellekek","8":"product_tag-cipo-es-labapolas","9":"pa_szin-bezs","10":"pa_szin-bordo","11":"pa_szin-kek","12":"pa_szin-sarga","13":"pa_szin-zold","15":"first","16":"instock","17":"purchasable","18":"product-type-variable"},"_links":{"self":[{"href":"https:\/\/cipokellekek.hu\/en\/wp-json\/wp\/v2\/product\/330759","targetHints":{"allow":["GET"]}}],"collection":[{"href":"https:\/\/cipokellekek.hu\/en\/wp-json\/wp\/v2\/product"}],"about":[{"href":"https:\/\/cipokellekek.hu\/en\/wp-json\/wp\/v2\/types\/product"}],"replies":[{"embeddable":true,"href":"https:\/\/cipokellekek.hu\/en\/wp-json\/wp\/v2\/comments?post=330759"}],"wp:featuredmedia":[{"embeddable":true,"href":"https:\/\/cipokellekek.hu\/en\/wp-json\/wp\/v2\/media\/350957"}],"wp:attachment":[{"href":"https:\/\/cipokellekek.hu\/en\/wp-json\/wp\/v2\/media?parent=330759"}],"wp:term":[{"taxonomy":"product_brand","embeddable":true,"href":"https:\/\/cipokellekek.hu\/en\/wp-json\/wp\/v2\/product_brand?post=330759"},{"taxonomy":"product_cat","embeddable":true,"href":"https:\/\/cipokellekek.hu\/en\/wp-json\/wp\/v2\/product_cat?post=330759"},{"taxonomy":"product_tag","embeddable":true,"href":"https:\/\/cipokellekek.hu\/en\/wp-json\/wp\/v2\/product_tag?post=330759"}],"curies":[{"name":"wp","href":"https:\/\/api.w.org\/{rel}","templated":true}]}}