{"id":330758,"date":"2023-09-11T16:24:39","date_gmt":"2023-09-11T14:24:39","guid":{"rendered":"https:\/\/dev.sysvol.hu\/belso\/termek\/nubuk-tisztito-gumi-gomnu\/"},"modified":"2025-07-22T11:17:24","modified_gmt":"2025-07-22T09:17:24","slug":"nubuk-tisztito-gumi-gomnu","status":"publish","type":"product","link":"https:\/\/cipokellekek.hu\/en\/uzlet\/cipoapolasi-kellekek\/applikatorok\/nubuk-tisztito-gumi-gomnu\/","title":{"rendered":"Nubuk tiszt\u00edt\u00f3 gumi (GOMNU)"},"content":{"rendered":"<div class=\"note note-1\">Term\u00e9szetes krepp \u00e9s l\u00e1gy gumi, amely alkalmas szarvasb\u0151r, nubuk \u00e9s sima b\u0151r tiszt\u00edt\u00e1s\u00e1ra.<\/div>\n<div class=\"note note-2\"><\/div>\n<div class=\"note note-3\"><\/div>","protected":false},"excerpt":{"rendered":"<p>Term\u00e9szetes krepp \u00e9s l\u00e1gy gumi, amely alkalmas szarvasb\u0151r, nubuk \u00e9s sima b\u0151r tiszt\u00edt\u00e1s\u00e1ra.<\/p>","protected":false},"featured_media":350956,"comment_status":"closed","ping_status":"closed","template":"","meta":{"_seopress_robots_primary_cat":"none","_seopress_titles_title":"Nubuk tiszt\u00edt\u00f3 gumi (GOMNU)","_seopress_titles_desc":"","_seopress_robots_index":""},"product_brand":[],"product_cat":[1929,1928],"product_tag":[2365],"class_list":{"0":"post-330758","1":"product","2":"type-product","3":"status-publish","4":"has-post-thumbnail","6":"product_cat-applikatorok","7":"product_cat-cipoapolasi-kellekek","8":"product_tag-cipo-es-labapolas","10":"first","11":"instock","12":"purchasable","13":"product-type-simple"},"_links":{"self":[{"href":"https:\/\/cipokellekek.hu\/en\/wp-json\/wp\/v2\/product\/330758","targetHints":{"allow":["GET"]}}],"collection":[{"href":"https:\/\/cipokellekek.hu\/en\/wp-json\/wp\/v2\/product"}],"about":[{"href":"https:\/\/cipokellekek.hu\/en\/wp-json\/wp\/v2\/types\/product"}],"replies":[{"embeddable":true,"href":"https:\/\/cipokellekek.hu\/en\/wp-json\/wp\/v2\/comments?post=330758"}],"wp:featuredmedia":[{"embeddable":true,"href":"https:\/\/cipokellekek.hu\/en\/wp-json\/wp\/v2\/media\/350956"}],"wp:attachment":[{"href":"https:\/\/cipokellekek.hu\/en\/wp-json\/wp\/v2\/media?parent=330758"}],"wp:term":[{"taxonomy":"product_brand","embeddable":true,"href":"https:\/\/cipokellekek.hu\/en\/wp-json\/wp\/v2\/product_brand?post=330758"},{"taxonomy":"product_cat","embeddable":true,"href":"https:\/\/cipokellekek.hu\/en\/wp-json\/wp\/v2\/product_cat?post=330758"},{"taxonomy":"product_tag","embeddable":true,"href":"https:\/\/cipokellekek.hu\/en\/wp-json\/wp\/v2\/product_tag?post=330758"}],"curies":[{"name":"wp","href":"https:\/\/api.w.org\/{rel}","templated":true}]}}