{"id":330755,"date":"2023-09-11T16:24:39","date_gmt":"2023-09-11T14:24:39","guid":{"rendered":"https:\/\/dev.sysvol.hu\/belso\/termek\/cipokrem-applikator-kupakkal-moapp\/"},"modified":"2025-07-22T11:10:12","modified_gmt":"2025-07-22T09:10:12","slug":"cipokrem-applikator-kupakkal-moapp","status":"publish","type":"product","link":"https:\/\/cipokellekek.hu\/en\/uzlet\/cipoapolasi-kellekek\/applikatorok\/cipokrem-applikator-kupakkal-moapp\/","title":{"rendered":"Cip\u0151kr\u00e9m applik\u00e1tor kupakkal (MOAPP)"},"content":{"rendered":"<div class=\"note note-1\">Szivacsos applik\u00e1tor cip\u0151kr\u00e9m \u00e9s b\u0151r\u00e1pol\u00f3 felhord\u00e1s\u00e1hoz.<\/div>\n<div class=\"note note-2\"><\/div>\n<div class=\"note note-3\"><\/div>","protected":false},"excerpt":{"rendered":"<p>Szivacsos applik\u00e1tor cip\u0151kr\u00e9m \u00e9s b\u0151r\u00e1pol\u00f3 felhord\u00e1s\u00e1hoz.<\/p>","protected":false},"featured_media":350955,"comment_status":"closed","ping_status":"closed","template":"","meta":{"_seopress_robots_primary_cat":"none","_seopress_titles_title":"Cip\u0151kr\u00e9m applik\u00e1tor kupakkal (MOAPP)","_seopress_titles_desc":"","_seopress_robots_index":""},"product_brand":[],"product_cat":[1929,1928],"product_tag":[2365],"class_list":{"0":"post-330755","1":"product","2":"type-product","3":"status-publish","4":"has-post-thumbnail","6":"product_cat-applikatorok","7":"product_cat-cipoapolasi-kellekek","8":"product_tag-cipo-es-labapolas","9":"pa_szin-feher","10":"pa_szin-fekete","12":"first","13":"instock","14":"purchasable","15":"product-type-variable"},"_links":{"self":[{"href":"https:\/\/cipokellekek.hu\/en\/wp-json\/wp\/v2\/product\/330755","targetHints":{"allow":["GET"]}}],"collection":[{"href":"https:\/\/cipokellekek.hu\/en\/wp-json\/wp\/v2\/product"}],"about":[{"href":"https:\/\/cipokellekek.hu\/en\/wp-json\/wp\/v2\/types\/product"}],"replies":[{"embeddable":true,"href":"https:\/\/cipokellekek.hu\/en\/wp-json\/wp\/v2\/comments?post=330755"}],"wp:featuredmedia":[{"embeddable":true,"href":"https:\/\/cipokellekek.hu\/en\/wp-json\/wp\/v2\/media\/350955"}],"wp:attachment":[{"href":"https:\/\/cipokellekek.hu\/en\/wp-json\/wp\/v2\/media?parent=330755"}],"wp:term":[{"taxonomy":"product_brand","embeddable":true,"href":"https:\/\/cipokellekek.hu\/en\/wp-json\/wp\/v2\/product_brand?post=330755"},{"taxonomy":"product_cat","embeddable":true,"href":"https:\/\/cipokellekek.hu\/en\/wp-json\/wp\/v2\/product_cat?post=330755"},{"taxonomy":"product_tag","embeddable":true,"href":"https:\/\/cipokellekek.hu\/en\/wp-json\/wp\/v2\/product_tag?post=330755"}],"curies":[{"name":"wp","href":"https:\/\/api.w.org\/{rel}","templated":true}]}}