{"id":330743,"date":"2023-09-11T16:24:39","date_gmt":"2023-09-11T14:24:39","guid":{"rendered":"https:\/\/dev.sysvol.hu\/belso\/termek\/szogletes-taskabujtato-50418\/"},"modified":"2025-07-21T20:26:25","modified_gmt":"2025-07-21T18:26:25","slug":"szogletes-taskabujtato-50418","status":"publish","type":"product","link":"https:\/\/cipokellekek.hu\/en\/uzlet\/bujtatok\/ontott-bujtatok\/szogletes-taskabujtato-50418\/","title":{"rendered":"Sz\u00f6gletes t\u00e1skab\u00fajtat\u00f3 (50418)"},"content":{"rendered":"<div class=\"note note-1\">Sz\u00f6gletes t\u00e1ska b\u00fajtat\u00f3 nikkel sz\u00ednben, k\u00e9t m\u00e9retben (p\u00e1ntsz\u00e9less\u00e9g). Vastags\u00e1g: 5 mm<\/div>\n<div class=\"note note-2\">A minim\u00e1lisan rendelhet\u0151 mennyis\u00e9g bizonyos sz\u00edn vagy m\u00e9ret eset\u00e9n, a gy\u00e1rt\u00e1si minimum figyelembev\u00e9tele miatt v\u00e1ltozhat.<\/div>\n<div class=\"note note-3\"><\/div>","protected":false},"excerpt":{"rendered":"<p>Sz\u00f6gletes t\u00e1ska b\u00fajtat\u00f3 nikkel sz\u00ednben, k\u00e9t m\u00e9retben (p\u00e1ntsz\u00e9less\u00e9g). Vastags\u00e1g: 5 mm<\/p>","protected":false},"featured_media":350953,"comment_status":"closed","ping_status":"closed","template":"","meta":{"_seopress_robots_primary_cat":"none","_seopress_titles_title":"Sz\u00f6gletes t\u00e1skab\u00fajtat\u00f3 (50418)","_seopress_titles_desc":"Sz\u00f6gletes t\u00e1ska b\u00fajtat\u00f3 nikkel sz\u00ednben, k\u00e9t m\u00e9retben (p\u00e1ntsz\u00e9less\u00e9g). Vastags\u00e1g: 5 mm.","_seopress_robots_index":""},"product_brand":[],"product_cat":[1910,1923,1921],"product_tag":[2364],"class_list":{"0":"post-330743","1":"product","2":"type-product","3":"status-publish","4":"has-post-thumbnail","6":"product_cat-bujtatok","7":"product_cat-szogletes-bujtatok","8":"product_cat-ontott-bujtatok","9":"product_tag-bordiszmu-es-ruhagyartas","10":"pa_meret-1903","11":"pa_meret-1870","13":"first","14":"instock","15":"purchasable","16":"product-type-variable"},"_links":{"self":[{"href":"https:\/\/cipokellekek.hu\/en\/wp-json\/wp\/v2\/product\/330743","targetHints":{"allow":["GET"]}}],"collection":[{"href":"https:\/\/cipokellekek.hu\/en\/wp-json\/wp\/v2\/product"}],"about":[{"href":"https:\/\/cipokellekek.hu\/en\/wp-json\/wp\/v2\/types\/product"}],"replies":[{"embeddable":true,"href":"https:\/\/cipokellekek.hu\/en\/wp-json\/wp\/v2\/comments?post=330743"}],"wp:featuredmedia":[{"embeddable":true,"href":"https:\/\/cipokellekek.hu\/en\/wp-json\/wp\/v2\/media\/350953"}],"wp:attachment":[{"href":"https:\/\/cipokellekek.hu\/en\/wp-json\/wp\/v2\/media?parent=330743"}],"wp:term":[{"taxonomy":"product_brand","embeddable":true,"href":"https:\/\/cipokellekek.hu\/en\/wp-json\/wp\/v2\/product_brand?post=330743"},{"taxonomy":"product_cat","embeddable":true,"href":"https:\/\/cipokellekek.hu\/en\/wp-json\/wp\/v2\/product_cat?post=330743"},{"taxonomy":"product_tag","embeddable":true,"href":"https:\/\/cipokellekek.hu\/en\/wp-json\/wp\/v2\/product_tag?post=330743"}],"curies":[{"name":"wp","href":"https:\/\/api.w.org\/{rel}","templated":true}]}}