{"id":330698,"date":"2023-09-11T16:24:39","date_gmt":"2023-09-11T14:24:39","guid":{"rendered":"https:\/\/dev.sysvol.hu\/belso\/termek\/ov-bujtato-50124\/"},"modified":"2025-07-21T17:35:55","modified_gmt":"2025-07-21T15:35:55","slug":"ov-bujtato-50124","status":"publish","type":"product","link":"https:\/\/cipokellekek.hu\/en\/uzlet\/bujtatok\/szogletes-bujtatok\/ov-bujtato-50124\/","title":{"rendered":"\u00d6v b\u00fajtat\u00f3 (50124)"},"content":{"rendered":"<div class=\"note note-1\">Lemez b\u00fajtat\u00f3 k\u00fcl\u00f6nb\u00f6z\u0151 sz\u00e9less\u00e9g\u0171 \u00f6vekhez. (16-20-25-30 mm)<\/div>\n<div class=\"note note-2\">A minim\u00e1lisan rendelhet\u0151 mennyis\u00e9g bizonyos sz\u00edn vagy m\u00e9ret eset\u00e9n, a gy\u00e1rt\u00e1si minimum figyelembev\u00e9tele miatt v\u00e1ltozhat.<\/div>\n<div class=\"note note-3\"><\/div>","protected":false},"excerpt":{"rendered":"<p>Lemez b\u00fajtat\u00f3 k\u00fcl\u00f6nb\u00f6z\u0151 sz\u00e9less\u00e9g\u0171 \u00f6vekhez. (16-20-25-30 mm)<\/p>","protected":false},"featured_media":350952,"comment_status":"closed","ping_status":"closed","template":"","meta":{"_seopress_robots_primary_cat":"none","_seopress_titles_title":"\u00d6v b\u00fajtat\u00f3 (50124)","_seopress_titles_desc":"","_seopress_robots_index":""},"product_brand":[],"product_cat":[1910,1923],"product_tag":[2364],"class_list":{"0":"post-330698","1":"product","2":"type-product","3":"status-publish","4":"has-post-thumbnail","6":"product_cat-bujtatok","7":"product_cat-szogletes-bujtatok","8":"product_tag-bordiszmu-es-ruhagyartas","9":"pa_meret-1901","10":"pa_meret-1903","11":"pa_meret-1906","12":"pa_meret-1870","13":"pa_szin-arany","14":"pa_szin-bronz-antik","15":"pa_szin-bronzex","16":"pa_szin-ezust-antik","17":"pa_szin-fekete-nikkel","18":"pa_szin-fenyes-sargarez","19":"pa_szin-matt-nikkel","20":"pa_szin-nikkel","21":"pa_szin-nikkelmentes-nikkel","22":"pa_szin-rozsaszin-arany","23":"pa_szin-sargarez-antik","25":"first","26":"instock","27":"purchasable","28":"product-type-variable"},"_links":{"self":[{"href":"https:\/\/cipokellekek.hu\/en\/wp-json\/wp\/v2\/product\/330698","targetHints":{"allow":["GET"]}}],"collection":[{"href":"https:\/\/cipokellekek.hu\/en\/wp-json\/wp\/v2\/product"}],"about":[{"href":"https:\/\/cipokellekek.hu\/en\/wp-json\/wp\/v2\/types\/product"}],"replies":[{"embeddable":true,"href":"https:\/\/cipokellekek.hu\/en\/wp-json\/wp\/v2\/comments?post=330698"}],"wp:featuredmedia":[{"embeddable":true,"href":"https:\/\/cipokellekek.hu\/en\/wp-json\/wp\/v2\/media\/350952"}],"wp:attachment":[{"href":"https:\/\/cipokellekek.hu\/en\/wp-json\/wp\/v2\/media?parent=330698"}],"wp:term":[{"taxonomy":"product_brand","embeddable":true,"href":"https:\/\/cipokellekek.hu\/en\/wp-json\/wp\/v2\/product_brand?post=330698"},{"taxonomy":"product_cat","embeddable":true,"href":"https:\/\/cipokellekek.hu\/en\/wp-json\/wp\/v2\/product_cat?post=330698"},{"taxonomy":"product_tag","embeddable":true,"href":"https:\/\/cipokellekek.hu\/en\/wp-json\/wp\/v2\/product_tag?post=330698"}],"curies":[{"name":"wp","href":"https:\/\/api.w.org\/{rel}","templated":true}]}}