{"id":330691,"date":"2023-09-11T16:24:39","date_gmt":"2023-09-11T14:24:39","guid":{"rendered":"https:\/\/dev.sysvol.hu\/belso\/termek\/szogletes-bujtato-40-50-mm-ar40-50\/"},"modified":"2025-07-21T17:31:59","modified_gmt":"2025-07-21T15:31:59","slug":"szogletes-bujtato-40-50-mm-ar40-50","status":"publish","type":"product","link":"https:\/\/cipokellekek.hu\/en\/uzlet\/bujtatok\/szogletes-bujtatok\/szogletes-bujtato-40-50-mm-ar40-50\/","title":{"rendered":"Sz\u00f6gletes b\u00fajtat\u00f3 (40-50 mm) (AR40-50)"},"content":{"rendered":"<div class=\"note note-1\">A b\u00fajtat\u00f3 vashuzalb\u00f3l k\u00e9sz\u00fcl, ide\u00e1lis v\u00e1laszt\u00e1s ortop\u00e9dtechnikai \u00e9s munkav\u00e9delmi eszk\u00f6z\u00f6kh\u00f6z. A bels\u0151 sz\u00e9less\u00e9g v\u00e1laszthat\u00f3, magass\u00e1g 13 mm, huzalvastags\u00e1g 2,8 mm.<\/div>\n<div class=\"note note-2\">A minim\u00e1lisan rendelhet\u0151 mennyis\u00e9g bizonyos sz\u00edn vagy m\u00e9ret eset\u00e9n, a gy\u00e1rt\u00e1si minimum figyelembev\u00e9tele miatt v\u00e1ltozhat.<\/div>\n<div class=\"note note-3\"><\/div>","protected":false},"excerpt":{"rendered":"<p>A b\u00fajtat\u00f3 vashuzalb\u00f3l k\u00e9sz\u00fcl, ide\u00e1lis v\u00e1laszt\u00e1s ortop\u00e9dtechnikai \u00e9s munkav\u00e9delmi eszk\u00f6z\u00f6kh\u00f6z. A bels\u0151 sz\u00e9less\u00e9g v\u00e1laszthat\u00f3, magass\u00e1g 13 mm, huzalvastags\u00e1g 2,8 mm.<\/p>","protected":false},"featured_media":350949,"comment_status":"closed","ping_status":"closed","template":"","meta":{"_seopress_robots_primary_cat":"none","_seopress_titles_title":"Sz\u00f6gletes b\u00fajtat\u00f3 (40-50 mm) (AR40-50)","_seopress_titles_desc":"A b\u00fajtat\u00f3 vashuzalb\u00f3l k\u00e9sz\u00fcl, ide\u00e1lis v\u00e1laszt\u00e1s ortop\u00e9dtechnikai \u00e9s munkav\u00e9delmi eszk\u00f6z\u00f6kh\u00f6z. A bels\u0151 sz\u00e9less\u00e9g v\u00e1laszthat\u00f3, magass\u00e1g 13 mm, vastags\u00e1g 2,8 mm.","_seopress_robots_index":""},"product_brand":[],"product_cat":[1910,1923],"product_tag":[2363],"class_list":{"0":"post-330691","1":"product","2":"type-product","3":"status-publish","4":"has-post-thumbnail","6":"product_cat-bujtatok","7":"product_cat-szogletes-bujtatok","8":"product_tag-cipogyartas-es-cipojavitas","9":"pa_meret-1871","10":"pa_meret-1872","11":"pa_szin-bronz-antik","12":"pa_szin-nikkel","13":"pa_szin-sargarez-antik","15":"first","16":"instock","17":"purchasable","18":"product-type-variable"},"_links":{"self":[{"href":"https:\/\/cipokellekek.hu\/en\/wp-json\/wp\/v2\/product\/330691","targetHints":{"allow":["GET"]}}],"collection":[{"href":"https:\/\/cipokellekek.hu\/en\/wp-json\/wp\/v2\/product"}],"about":[{"href":"https:\/\/cipokellekek.hu\/en\/wp-json\/wp\/v2\/types\/product"}],"replies":[{"embeddable":true,"href":"https:\/\/cipokellekek.hu\/en\/wp-json\/wp\/v2\/comments?post=330691"}],"wp:featuredmedia":[{"embeddable":true,"href":"https:\/\/cipokellekek.hu\/en\/wp-json\/wp\/v2\/media\/350949"}],"wp:attachment":[{"href":"https:\/\/cipokellekek.hu\/en\/wp-json\/wp\/v2\/media?parent=330691"}],"wp:term":[{"taxonomy":"product_brand","embeddable":true,"href":"https:\/\/cipokellekek.hu\/en\/wp-json\/wp\/v2\/product_brand?post=330691"},{"taxonomy":"product_cat","embeddable":true,"href":"https:\/\/cipokellekek.hu\/en\/wp-json\/wp\/v2\/product_cat?post=330691"},{"taxonomy":"product_tag","embeddable":true,"href":"https:\/\/cipokellekek.hu\/en\/wp-json\/wp\/v2\/product_tag?post=330691"}],"curies":[{"name":"wp","href":"https:\/\/api.w.org\/{rel}","templated":true}]}}