{"id":330560,"date":"2023-09-11T16:24:00","date_gmt":"2023-09-11T14:24:00","guid":{"rendered":"https:\/\/dev.sysvol.hu\/belso\/termek\/szogletes-bujtato-16-20-mm-ar16-20\/"},"modified":"2025-07-21T18:43:11","modified_gmt":"2025-07-21T16:43:11","slug":"szogletes-bujtato-16-20-mm-ar16-20","status":"publish","type":"product","link":"https:\/\/cipokellekek.hu\/en\/uzlet\/bujtatok\/szogletes-bujtatok\/szogletes-bujtato-16-20-mm-ar16-20\/","title":{"rendered":"Sz\u00f6gletes b\u00fajtat\u00f3 (16-20 mm) (AR16-20)"},"content":{"rendered":"<div class=\"note note-1\">A b\u00fajtat\u00f3 vashuzalb\u00f3l k\u00e9sz\u00fcl, ide\u00e1lis v\u00e1laszt\u00e1s cip\u0151kh\u00f6z, papucsokhoz. A bels\u0151 sz\u00e9less\u00e9g v\u00e1laszthat\u00f3, magass\u00e1g 7 mm, huzalvastags\u00e1g pedig 2,5 mm.<\/div>\n<div class=\"note note-2\">A minim\u00e1lisan rendelhet\u0151 mennyis\u00e9g bizonyos sz\u00edn vagy m\u00e9ret eset\u00e9n, a gy\u00e1rt\u00e1si minimum figyelembev\u00e9tele miatt v\u00e1ltozhat.<\/div>\n<div class=\"note note-3\"><\/div>","protected":false},"excerpt":{"rendered":"<p>A b\u00fajtat\u00f3 vashuzalb\u00f3l k\u00e9sz\u00fcl, ide\u00e1lis v\u00e1laszt\u00e1s cip\u0151kh\u00f6z, papucsokhoz. A bels\u0151 sz\u00e9less\u00e9g v\u00e1laszthat\u00f3, magass\u00e1g 7 mm, huzalvastags\u00e1g pedig 2,5 mm.<\/p>","protected":false},"featured_media":352859,"comment_status":"closed","ping_status":"closed","template":"","meta":{"_seopress_robots_primary_cat":"none","_seopress_titles_title":"Sz\u00f6gletes b\u00fajtat\u00f3 (16-20 mm) (AR16-20)","_seopress_titles_desc":"","_seopress_robots_index":""},"product_brand":[],"product_cat":[1910,1923],"product_tag":[2363],"class_list":{"0":"post-330560","1":"product","2":"type-product","3":"status-publish","4":"has-post-thumbnail","6":"product_cat-bujtatok","7":"product_cat-szogletes-bujtatok","8":"product_tag-cipogyartas-es-cipojavitas","9":"pa_meret-1901","10":"pa_meret-1902","11":"pa_meret-1903","12":"pa_szin-arany","13":"pa_szin-bronz-antik","14":"pa_szin-bronzex","15":"pa_szin-ezust-antik","16":"pa_szin-fekete-nikkel","17":"pa_szin-fenyes-sargarez","18":"pa_szin-matt-nikkel","19":"pa_szin-nikkel","20":"pa_szin-nikkelmentes-nikkel","21":"pa_szin-rozsaszin-arany","22":"pa_szin-sargarez-antik","24":"first","25":"instock","26":"purchasable","27":"product-type-variable"},"_links":{"self":[{"href":"https:\/\/cipokellekek.hu\/en\/wp-json\/wp\/v2\/product\/330560","targetHints":{"allow":["GET"]}}],"collection":[{"href":"https:\/\/cipokellekek.hu\/en\/wp-json\/wp\/v2\/product"}],"about":[{"href":"https:\/\/cipokellekek.hu\/en\/wp-json\/wp\/v2\/types\/product"}],"replies":[{"embeddable":true,"href":"https:\/\/cipokellekek.hu\/en\/wp-json\/wp\/v2\/comments?post=330560"}],"wp:featuredmedia":[{"embeddable":true,"href":"https:\/\/cipokellekek.hu\/en\/wp-json\/wp\/v2\/media\/352859"}],"wp:attachment":[{"href":"https:\/\/cipokellekek.hu\/en\/wp-json\/wp\/v2\/media?parent=330560"}],"wp:term":[{"taxonomy":"product_brand","embeddable":true,"href":"https:\/\/cipokellekek.hu\/en\/wp-json\/wp\/v2\/product_brand?post=330560"},{"taxonomy":"product_cat","embeddable":true,"href":"https:\/\/cipokellekek.hu\/en\/wp-json\/wp\/v2\/product_cat?post=330560"},{"taxonomy":"product_tag","embeddable":true,"href":"https:\/\/cipokellekek.hu\/en\/wp-json\/wp\/v2\/product_tag?post=330560"}],"curies":[{"name":"wp","href":"https:\/\/api.w.org\/{rel}","templated":true}]}}