{"id":330553,"date":"2023-09-11T16:24:00","date_gmt":"2023-09-11T14:24:00","guid":{"rendered":"https:\/\/dev.sysvol.hu\/belso\/termek\/hegesztett-szogletes-bujtato-40-50-mm-arh40-50\/"},"modified":"2025-07-21T18:37:24","modified_gmt":"2025-07-21T16:37:24","slug":"hegesztett-szogletes-bujtato-40-50-mm-arh40-50","status":"publish","type":"product","link":"https:\/\/cipokellekek.hu\/en\/uzlet\/bujtatok\/szogletes-bujtatok\/hegesztett-szogletes-bujtato-40-50-mm-arh40-50\/","title":{"rendered":"Hegesztett sz\u00f6gletes b\u00fajtat\u00f3 (40-50 mm) (ARH40-50)"},"content":{"rendered":"<div class=\"note note-1\">A b\u00fajtat\u00f3 vashuzalb\u00f3l k\u00e9sz\u00fcl, ide\u00e1lis v\u00e1laszt\u00e1s er\u0151s tart\u00e1st ig\u00e9nyl\u0151 term\u00e9khez, ortop\u00e9dtechnikai \u00e9s munkav\u00e9delmi eszk\u00f6z\u00f6kh\u00f6z. Pontos m\u00e9retek mm-ben (sz\u00e9less\u00e9g x magass\u00e1g x anyagvastags\u00e1g): 40X10X2,8 vagy 50X10X2,8<\/div>\n<div class=\"note note-2\">A minim\u00e1lisan rendelhet\u0151 mennyis\u00e9g bizonyos sz\u00edn vagy m\u00e9ret eset\u00e9n, a gy\u00e1rt\u00e1si minimum figyelembev\u00e9tele miatt v\u00e1ltozhat.<\/div>\n<div class=\"note note-3\"><\/div>","protected":false},"excerpt":{"rendered":"<p>A b\u00fajtat\u00f3 vashuzalb\u00f3l k\u00e9sz\u00fcl, ide\u00e1lis v\u00e1laszt\u00e1s er\u0151s tart\u00e1st ig\u00e9nyl\u0151 term\u00e9khez, ortop\u00e9dtechnikai \u00e9s munkav\u00e9delmi eszk\u00f6z\u00f6kh\u00f6z. Pontos m\u00e9retek mm-ben (sz\u00e9less\u00e9g x magass\u00e1g x anyagvastags\u00e1g): 40X10X2,8 vagy 50X10X2,8<\/p>","protected":false},"featured_media":350941,"comment_status":"closed","ping_status":"closed","template":"","meta":{"_seopress_robots_primary_cat":"none","_seopress_titles_title":"Hegesztett sz\u00f6gletes b\u00fajtat\u00f3 (40-50 mm) (ARH40-50)","_seopress_titles_desc":"A b\u00fajtat\u00f3 vashuzalb\u00f3l k\u00e9sz\u00fcl, ide\u00e1lis v\u00e1laszt\u00e1s er\u0151s tart\u00e1st ig\u00e9nyl\u0151 term\u00e9khez, ortop\u00e9dtechnikai \u00e9s munkav\u00e9delmi eszk\u00f6z\u00f6kh\u00f6z. 40\u00d710\u00d72,8 vagy 50\u00d710\u00d72,8.","_seopress_robots_index":""},"product_brand":[],"product_cat":[1910,1923],"product_tag":[2364,2363],"class_list":{"0":"post-330553","1":"product","2":"type-product","3":"status-publish","4":"has-post-thumbnail","6":"product_cat-bujtatok","7":"product_cat-szogletes-bujtatok","8":"product_tag-bordiszmu-es-ruhagyartas","9":"product_tag-cipogyartas-es-cipojavitas","10":"pa_meret-1871","11":"pa_meret-1872","12":"pa_szin-bronz-antik","13":"pa_szin-nikkel","14":"pa_szin-sargarez-antik","16":"first","17":"instock","18":"purchasable","19":"product-type-variable"},"_links":{"self":[{"href":"https:\/\/cipokellekek.hu\/en\/wp-json\/wp\/v2\/product\/330553","targetHints":{"allow":["GET"]}}],"collection":[{"href":"https:\/\/cipokellekek.hu\/en\/wp-json\/wp\/v2\/product"}],"about":[{"href":"https:\/\/cipokellekek.hu\/en\/wp-json\/wp\/v2\/types\/product"}],"replies":[{"embeddable":true,"href":"https:\/\/cipokellekek.hu\/en\/wp-json\/wp\/v2\/comments?post=330553"}],"wp:featuredmedia":[{"embeddable":true,"href":"https:\/\/cipokellekek.hu\/en\/wp-json\/wp\/v2\/media\/350941"}],"wp:attachment":[{"href":"https:\/\/cipokellekek.hu\/en\/wp-json\/wp\/v2\/media?parent=330553"}],"wp:term":[{"taxonomy":"product_brand","embeddable":true,"href":"https:\/\/cipokellekek.hu\/en\/wp-json\/wp\/v2\/product_brand?post=330553"},{"taxonomy":"product_cat","embeddable":true,"href":"https:\/\/cipokellekek.hu\/en\/wp-json\/wp\/v2\/product_cat?post=330553"},{"taxonomy":"product_tag","embeddable":true,"href":"https:\/\/cipokellekek.hu\/en\/wp-json\/wp\/v2\/product_tag?post=330553"}],"curies":[{"name":"wp","href":"https:\/\/api.w.org\/{rel}","templated":true}]}}