{"id":330419,"date":"2023-09-11T16:24:00","date_gmt":"2023-09-11T14:24:00","guid":{"rendered":"https:\/\/dev.sysvol.hu\/belso\/termek\/pergos-bujtato-szogletes-50125\/"},"modified":"2025-07-04T18:38:04","modified_gmt":"2025-07-04T16:38:04","slug":"pergos-bujtato-szogletes-50125","status":"publish","type":"product","link":"https:\/\/cipokellekek.hu\/en\/uzlet\/bujtatok\/pergos-bujtatok\/pergos-bujtato-szogletes-50125\/","title":{"rendered":"Perg\u0151s b\u00fajtat\u00f3 sz\u00f6gletes (50125)"},"content":{"rendered":"<div class=\"note note-1\">Perg\u0151s, sz\u00f6gletes b\u00fajtat\u00f3 t\u00f6bb m\u00e9retben. Javasolt ortop\u00e9d cip\u0151kh\u00f6z, a p\u00e1nt k\u00f6nnyebb kezel\u00e9s\u00e9hez.<\/div>\n<div class=\"note note-2\">A minim\u00e1lisan rendelhet\u0151 mennyis\u00e9g bizonyos sz\u00edn vagy m\u00e9ret eset\u00e9n, a gy\u00e1rt\u00e1si minimum figyelembev\u00e9tele miatt v\u00e1ltozhat.<\/div>\n<div class=\"note note-3\"><\/div>","protected":false},"excerpt":{"rendered":"<p>Perg\u0151s, sz\u00f6gletes b\u00fajtat\u00f3 t\u00f6bb m\u00e9retben. Javasolt ortop\u00e9d cip\u0151kh\u00f6z, a p\u00e1nt k\u00f6nnyebb kezel\u00e9s\u00e9hez.<\/p>","protected":false},"featured_media":350939,"comment_status":"closed","ping_status":"closed","template":"","meta":{"_seopress_robots_primary_cat":"none","_seopress_titles_title":"Perg\u0151s b\u00fajtat\u00f3 sz\u00f6gletes (50125)","_seopress_titles_desc":"Perg\u0151s, sz\u00f6gletes b\u00fajtat\u00f3 t\u00f6bb sz\u00ednben \u00e9s m\u00e9retben. Javasolt ortop\u00e9d cip\u0151kh\u00f6z, a p\u00e1nt k\u00f6nnyebb kezel\u00e9s\u00e9hez.","_seopress_robots_index":""},"product_brand":[],"product_cat":[1910,1922],"product_tag":[2364,2363],"class_list":{"0":"post-330419","1":"product","2":"type-product","3":"status-publish","4":"has-post-thumbnail","6":"product_cat-bujtatok","7":"product_cat-pergos-bujtatok","8":"product_tag-bordiszmu-es-ruhagyartas","9":"product_tag-cipogyartas-es-cipojavitas","10":"pa_meret-1900","11":"pa_meret-1902","12":"pa_meret-1903","13":"pa_meret-1906","14":"pa_meret-1870","15":"pa_szin-arany","16":"pa_szin-bronz-antik","17":"pa_szin-bronzex","18":"pa_szin-ezust-antik","19":"pa_szin-fekete-nikkel","20":"pa_szin-fenyes-sargarez","21":"pa_szin-matt-nikkel","22":"pa_szin-nikkel","23":"pa_szin-nikkelmentes-nikkel","24":"pa_szin-rozsaszin-arany","25":"pa_szin-sargarez-antik","27":"first","28":"instock","29":"purchasable","30":"product-type-variable"},"_links":{"self":[{"href":"https:\/\/cipokellekek.hu\/en\/wp-json\/wp\/v2\/product\/330419","targetHints":{"allow":["GET"]}}],"collection":[{"href":"https:\/\/cipokellekek.hu\/en\/wp-json\/wp\/v2\/product"}],"about":[{"href":"https:\/\/cipokellekek.hu\/en\/wp-json\/wp\/v2\/types\/product"}],"replies":[{"embeddable":true,"href":"https:\/\/cipokellekek.hu\/en\/wp-json\/wp\/v2\/comments?post=330419"}],"wp:featuredmedia":[{"embeddable":true,"href":"https:\/\/cipokellekek.hu\/en\/wp-json\/wp\/v2\/media\/350939"}],"wp:attachment":[{"href":"https:\/\/cipokellekek.hu\/en\/wp-json\/wp\/v2\/media?parent=330419"}],"wp:term":[{"taxonomy":"product_brand","embeddable":true,"href":"https:\/\/cipokellekek.hu\/en\/wp-json\/wp\/v2\/product_brand?post=330419"},{"taxonomy":"product_cat","embeddable":true,"href":"https:\/\/cipokellekek.hu\/en\/wp-json\/wp\/v2\/product_cat?post=330419"},{"taxonomy":"product_tag","embeddable":true,"href":"https:\/\/cipokellekek.hu\/en\/wp-json\/wp\/v2\/product_tag?post=330419"}],"curies":[{"name":"wp","href":"https:\/\/api.w.org\/{rel}","templated":true}]}}