{"id":330367,"date":"2023-09-11T16:24:00","date_gmt":"2023-09-11T14:24:00","guid":{"rendered":"https:\/\/dev.sysvol.hu\/belso\/termek\/ontott-bujtato-3144\/"},"modified":"2025-07-21T20:33:51","modified_gmt":"2025-07-21T18:33:51","slug":"ontott-bujtato-3144","status":"publish","type":"product","link":"https:\/\/cipokellekek.hu\/en\/uzlet\/bujtatok\/ontott-bujtatok\/ontott-bujtato-3144\/","title":{"rendered":"\u00d6nt\u00f6tt b\u00fajtat\u00f3 (3144)"},"content":{"rendered":"<div class=\"note note-1\">\u00d6nt\u00f6tt b\u00fajtat\u00f3 k\u00fcl\u00f6nb\u00f6z\u0151 sz\u00e9less\u00e9g\u0171 \u00f6vekhez.<\/div>\n<div class=\"note note-2\">A minim\u00e1lisan rendelhet\u0151 mennyis\u00e9g bizonyos sz\u00edn vagy m\u00e9ret eset\u00e9n, a gy\u00e1rt\u00e1si minimum figyelembev\u00e9tele miatt v\u00e1ltozhat.<\/div>\n<div class=\"note note-3\"><\/div>","protected":false},"excerpt":{"rendered":"<p>\u00d6nt\u00f6tt b\u00fajtat\u00f3 k\u00fcl\u00f6nb\u00f6z\u0151 sz\u00e9less\u00e9g\u0171 \u00f6vekhez.<\/p>","protected":false},"featured_media":352865,"comment_status":"closed","ping_status":"closed","template":"","meta":{"_seopress_robots_primary_cat":"none","_seopress_titles_title":"\u00d6nt\u00f6tt b\u00fajtat\u00f3 (3144)","_seopress_titles_desc":"","_seopress_robots_index":""},"product_brand":[],"product_cat":[1910,1921],"product_tag":[2364],"class_list":{"0":"post-330367","1":"product","2":"type-product","3":"status-publish","4":"has-post-thumbnail","6":"product_cat-bujtatok","7":"product_cat-ontott-bujtatok","8":"product_tag-bordiszmu-es-ruhagyartas","9":"pa_meret-1900","10":"pa_meret-1901","11":"pa_meret-1902","12":"pa_szin-fenyes-sargarez","13":"pa_szin-nikkel","15":"first","16":"instock","17":"purchasable","18":"product-type-variable"},"_links":{"self":[{"href":"https:\/\/cipokellekek.hu\/en\/wp-json\/wp\/v2\/product\/330367","targetHints":{"allow":["GET"]}}],"collection":[{"href":"https:\/\/cipokellekek.hu\/en\/wp-json\/wp\/v2\/product"}],"about":[{"href":"https:\/\/cipokellekek.hu\/en\/wp-json\/wp\/v2\/types\/product"}],"replies":[{"embeddable":true,"href":"https:\/\/cipokellekek.hu\/en\/wp-json\/wp\/v2\/comments?post=330367"}],"wp:featuredmedia":[{"embeddable":true,"href":"https:\/\/cipokellekek.hu\/en\/wp-json\/wp\/v2\/media\/352865"}],"wp:attachment":[{"href":"https:\/\/cipokellekek.hu\/en\/wp-json\/wp\/v2\/media?parent=330367"}],"wp:term":[{"taxonomy":"product_brand","embeddable":true,"href":"https:\/\/cipokellekek.hu\/en\/wp-json\/wp\/v2\/product_brand?post=330367"},{"taxonomy":"product_cat","embeddable":true,"href":"https:\/\/cipokellekek.hu\/en\/wp-json\/wp\/v2\/product_cat?post=330367"},{"taxonomy":"product_tag","embeddable":true,"href":"https:\/\/cipokellekek.hu\/en\/wp-json\/wp\/v2\/product_tag?post=330367"}],"curies":[{"name":"wp","href":"https:\/\/api.w.org\/{rel}","templated":true}]}}