{"id":330362,"date":"2023-09-11T16:23:34","date_gmt":"2023-09-11T14:23:34","guid":{"rendered":"https:\/\/dev.sysvol.hu\/belso\/termek\/ontott-bujtato-2432\/"},"modified":"2025-07-21T21:14:01","modified_gmt":"2025-07-21T19:14:01","slug":"ontott-bujtato-2432","status":"publish","type":"product","link":"https:\/\/cipokellekek.hu\/en\/uzlet\/bujtatok\/ontott-bujtatok\/ontott-bujtato-2432\/","title":{"rendered":"\u00d6nt\u00f6tt b\u00fajtat\u00f3 (2432)"},"content":{"rendered":"<div class=\"note note-1\">\u00d6nt\u00f6tt b\u00fajtat\u00f3 t\u00f6bb m\u00e9retben.<\/div>\n<div class=\"note note-2\">A minim\u00e1lisan rendelhet\u0151 mennyis\u00e9g bizonyos sz\u00edn vagy m\u00e9ret eset\u00e9n, a gy\u00e1rt\u00e1si minimum figyelembev\u00e9tele miatt v\u00e1ltozhat.<\/div>\n<div class=\"note note-3\"><\/div>","protected":false},"excerpt":{"rendered":"<p>\u00d6nt\u00f6tt b\u00fajtat\u00f3 t\u00f6bb m\u00e9retben.<\/p>","protected":false},"featured_media":350936,"comment_status":"closed","ping_status":"closed","template":"","meta":{"_seopress_robots_primary_cat":"none","_seopress_titles_title":"\u00d6nt\u00f6tt b\u00fajtat\u00f3 (2432)","_seopress_titles_desc":"","_seopress_robots_index":""},"product_brand":[],"product_cat":[1910,1921],"product_tag":[2364],"class_list":{"0":"post-330362","1":"product","2":"type-product","3":"status-publish","4":"has-post-thumbnail","6":"product_cat-bujtatok","7":"product_cat-ontott-bujtatok","8":"product_tag-bordiszmu-es-ruhagyartas","9":"pa_meret-1870","10":"pa_meret-1871","11":"pa_szin-fekete-nikkel","12":"pa_szin-nikkel","14":"first","15":"instock","16":"purchasable","17":"product-type-variable"},"_links":{"self":[{"href":"https:\/\/cipokellekek.hu\/en\/wp-json\/wp\/v2\/product\/330362","targetHints":{"allow":["GET"]}}],"collection":[{"href":"https:\/\/cipokellekek.hu\/en\/wp-json\/wp\/v2\/product"}],"about":[{"href":"https:\/\/cipokellekek.hu\/en\/wp-json\/wp\/v2\/types\/product"}],"replies":[{"embeddable":true,"href":"https:\/\/cipokellekek.hu\/en\/wp-json\/wp\/v2\/comments?post=330362"}],"wp:featuredmedia":[{"embeddable":true,"href":"https:\/\/cipokellekek.hu\/en\/wp-json\/wp\/v2\/media\/350936"}],"wp:attachment":[{"href":"https:\/\/cipokellekek.hu\/en\/wp-json\/wp\/v2\/media?parent=330362"}],"wp:term":[{"taxonomy":"product_brand","embeddable":true,"href":"https:\/\/cipokellekek.hu\/en\/wp-json\/wp\/v2\/product_brand?post=330362"},{"taxonomy":"product_cat","embeddable":true,"href":"https:\/\/cipokellekek.hu\/en\/wp-json\/wp\/v2\/product_cat?post=330362"},{"taxonomy":"product_tag","embeddable":true,"href":"https:\/\/cipokellekek.hu\/en\/wp-json\/wp\/v2\/product_tag?post=330362"}],"curies":[{"name":"wp","href":"https:\/\/api.w.org\/{rel}","templated":true}]}}