{"id":330187,"date":"2023-09-11T16:23:34","date_gmt":"2023-09-11T14:23:34","guid":{"rendered":"https:\/\/dev.sysvol.hu\/belso\/termek\/ontott-bujtato-20-mm-2502-20\/"},"modified":"2025-07-21T20:38:46","modified_gmt":"2025-07-21T18:38:46","slug":"ontott-bujtato-20-mm-2502-20","status":"publish","type":"product","link":"https:\/\/cipokellekek.hu\/en\/uzlet\/bujtatok\/ontott-bujtatok\/ontott-bujtato-20-mm-2502-20\/","title":{"rendered":"\u00d6nt\u00f6tt b\u00fajtat\u00f3 (20-25 mm) (2502)"},"content":{"rendered":"<div class=\"note note-1\">\u00d6nt\u00f6tt t\u00e1skab\u00fajtat\u00f3 t\u00f6bb m\u00e9retben.<\/div>\n<div class=\"note note-2\">A minim\u00e1lisan rendelhet\u0151 mennyis\u00e9g bizonyos sz\u00edn vagy m\u00e9ret eset\u00e9n, a gy\u00e1rt\u00e1si minimum figyelembev\u00e9tele miatt v\u00e1ltozhat.<\/div>\n<div class=\"note note-3\"><\/div>","protected":false},"excerpt":{"rendered":"<p>\u00d6nt\u00f6tt t\u00e1skab\u00fajtat\u00f3 t\u00f6bb m\u00e9retben.<\/p>","protected":false},"featured_media":352057,"comment_status":"closed","ping_status":"closed","template":"","meta":{"_seopress_robots_primary_cat":"none","_seopress_titles_title":"\u00d6nt\u00f6tt b\u00fajtat\u00f3 (20-25 mm) (2502)","_seopress_titles_desc":"","_seopress_robots_index":""},"product_brand":[],"product_cat":[1910,1921],"product_tag":[2364],"class_list":{"0":"post-330187","1":"product","2":"type-product","3":"status-publish","4":"has-post-thumbnail","6":"product_cat-bujtatok","7":"product_cat-ontott-bujtatok","8":"product_tag-bordiszmu-es-ruhagyartas","9":"pa_meret-1903","10":"pa_meret-1906","11":"pa_szin-arany","12":"pa_szin-bronz-antik","13":"pa_szin-bronzex","14":"pa_szin-fekete-nikkel","15":"pa_szin-fenyes-sargarez","16":"pa_szin-kezi-szatinalt-sargarez-antik","17":"pa_szin-matt-nikkel","18":"pa_szin-nikkel","19":"pa_szin-nikkel-antik","20":"pa_szin-nikkelmentes-arany","21":"pa_szin-nikkelmentes-fekete-nikkel","22":"pa_szin-nikkelmentes-matt-nikkel","23":"pa_szin-nikkelmentes-nikkel","24":"pa_szin-nikkelmentes-nikkel-antik","25":"pa_szin-nikkelmentes-vilagos-arany","26":"pa_szin-rozsaszin-arany","27":"pa_szin-sargarez-antik","28":"pa_szin-vilagos-arany","29":"pa_szin-vilagos-sargarez-antik","31":"first","32":"instock","33":"featured","34":"purchasable","35":"product-type-variable"},"_links":{"self":[{"href":"https:\/\/cipokellekek.hu\/en\/wp-json\/wp\/v2\/product\/330187","targetHints":{"allow":["GET"]}}],"collection":[{"href":"https:\/\/cipokellekek.hu\/en\/wp-json\/wp\/v2\/product"}],"about":[{"href":"https:\/\/cipokellekek.hu\/en\/wp-json\/wp\/v2\/types\/product"}],"replies":[{"embeddable":true,"href":"https:\/\/cipokellekek.hu\/en\/wp-json\/wp\/v2\/comments?post=330187"}],"wp:featuredmedia":[{"embeddable":true,"href":"https:\/\/cipokellekek.hu\/en\/wp-json\/wp\/v2\/media\/352057"}],"wp:attachment":[{"href":"https:\/\/cipokellekek.hu\/en\/wp-json\/wp\/v2\/media?parent=330187"}],"wp:term":[{"taxonomy":"product_brand","embeddable":true,"href":"https:\/\/cipokellekek.hu\/en\/wp-json\/wp\/v2\/product_brand?post=330187"},{"taxonomy":"product_cat","embeddable":true,"href":"https:\/\/cipokellekek.hu\/en\/wp-json\/wp\/v2\/product_cat?post=330187"},{"taxonomy":"product_tag","embeddable":true,"href":"https:\/\/cipokellekek.hu\/en\/wp-json\/wp\/v2\/product_tag?post=330187"}],"curies":[{"name":"wp","href":"https:\/\/api.w.org\/{rel}","templated":true}]}}