{"id":330162,"date":"2023-09-11T16:23:34","date_gmt":"2023-09-11T14:23:34","guid":{"rendered":"https:\/\/dev.sysvol.hu\/belso\/termek\/ovalis-bujtato-80x06x30-ao800630\/"},"modified":"2025-10-14T18:05:53","modified_gmt":"2025-10-14T16:05:53","slug":"ovalis-bujtato-80x06x30-ao800630","status":"publish","type":"product","link":"https:\/\/cipokellekek.hu\/en\/uzlet\/bujtatok\/ovalis-bujtatok\/ovalis-bujtato-80x06x30-ao800630\/","title":{"rendered":"Ov\u00e1lis b\u00fajtat\u00f3 (80\u00d76\u00d73,0) (AO800630)"},"content":{"rendered":"<div class=\"note note-1\">Rozsdamentes ac\u00e9l b\u00fajtat\u00f3. Ide\u00e1lis v\u00e1laszt\u00e1s munkav\u00e9delmi eszk\u00f6z\u00f6kh\u00f6z. Pontos m\u00e9retek mm-ben (sz\u00e9less\u00e9g x magass\u00e1g x anyagvastags\u00e1g): 80\u00d76\u00d730<\/div>\n<div class=\"note note-2\"><\/div>\n<div class=\"note note-3\"><\/div>","protected":false},"excerpt":{"rendered":"<p>Rozsdamentes ac\u00e9l b\u00fajtat\u00f3. Ide\u00e1lis v\u00e1laszt\u00e1s munkav\u00e9delmi eszk\u00f6z\u00f6kh\u00f6z. Pontos m\u00e9retek mm-ben (sz\u00e9less\u00e9g x magass\u00e1g x anyagvastags\u00e1g): 80\u00d76\u00d730<\/p>","protected":false},"featured_media":350930,"comment_status":"closed","ping_status":"closed","template":"","meta":{"_seopress_robots_primary_cat":"none","_seopress_titles_title":"Ov\u00e1lis b\u00fajtat\u00f3 (80\u00d76\u00d73,0) (AO800630)","_seopress_titles_desc":"Rozsdamentes ac\u00e9l b\u00fajtat\u00f3. Ide\u00e1lis v\u00e1laszt\u00e1s munkav\u00e9delmi eszk\u00f6z\u00f6kh\u00f6z. Pontos m\u00e9retek mm-ben (sz\u00e9less\u00e9g x magass\u00e1g x anyagvastags\u00e1g): 80\u00d76\u00d730","_seopress_robots_index":""},"product_brand":[],"product_cat":[1910,1911],"product_tag":[2364,2363],"class_list":{"0":"post-330162","1":"product","2":"type-product","3":"status-publish","4":"has-post-thumbnail","6":"product_cat-bujtatok","7":"product_cat-ovalis-bujtatok","8":"product_tag-bordiszmu-es-ruhagyartas","9":"product_tag-cipogyartas-es-cipojavitas","11":"first","12":"instock","13":"purchasable","14":"product-type-simple"},"_links":{"self":[{"href":"https:\/\/cipokellekek.hu\/en\/wp-json\/wp\/v2\/product\/330162","targetHints":{"allow":["GET"]}}],"collection":[{"href":"https:\/\/cipokellekek.hu\/en\/wp-json\/wp\/v2\/product"}],"about":[{"href":"https:\/\/cipokellekek.hu\/en\/wp-json\/wp\/v2\/types\/product"}],"replies":[{"embeddable":true,"href":"https:\/\/cipokellekek.hu\/en\/wp-json\/wp\/v2\/comments?post=330162"}],"wp:featuredmedia":[{"embeddable":true,"href":"https:\/\/cipokellekek.hu\/en\/wp-json\/wp\/v2\/media\/350930"}],"wp:attachment":[{"href":"https:\/\/cipokellekek.hu\/en\/wp-json\/wp\/v2\/media?parent=330162"}],"wp:term":[{"taxonomy":"product_brand","embeddable":true,"href":"https:\/\/cipokellekek.hu\/en\/wp-json\/wp\/v2\/product_brand?post=330162"},{"taxonomy":"product_cat","embeddable":true,"href":"https:\/\/cipokellekek.hu\/en\/wp-json\/wp\/v2\/product_cat?post=330162"},{"taxonomy":"product_tag","embeddable":true,"href":"https:\/\/cipokellekek.hu\/en\/wp-json\/wp\/v2\/product_tag?post=330162"}],"curies":[{"name":"wp","href":"https:\/\/api.w.org\/{rel}","templated":true}]}}