{"id":330150,"date":"2023-09-11T16:23:06","date_gmt":"2023-09-11T14:23:06","guid":{"rendered":"https:\/\/dev.sysvol.hu\/belso\/termek\/ovalis-bujtato-40x10x38-ao401038\/"},"modified":"2025-10-14T18:22:41","modified_gmt":"2025-10-14T16:22:41","slug":"ovalis-bujtato-40x10x38-ao401038","status":"publish","type":"product","link":"https:\/\/cipokellekek.hu\/en\/uzlet\/bujtatok\/ovalis-bujtatok\/ovalis-bujtato-40x10x38-ao401038\/","title":{"rendered":"Ov\u00e1lis b\u00fajtat\u00f3 (40\u00d710\u00d73,8) (AO401038)"},"content":{"rendered":"<div class=\"note note-1\">A b\u00fajtat\u00f3 vashuzalb\u00f3l k\u00e9sz\u00fcl, ide\u00e1lis v\u00e1laszt\u00e1s cip\u0151kh\u00f6z, papucsokhoz. Pontos m\u00e9retek mm-ben (sz\u00e9less\u00e9g x magass\u00e1g x anyagvastags\u00e1g): 40\u00d710\u00d73,8<\/div>\n<div class=\"note note-2\">A minim\u00e1lisan rendelhet\u0151 mennyis\u00e9g bizonyos sz\u00edn vagy m\u00e9ret eset\u00e9n, a gy\u00e1rt\u00e1si minimum figyelembev\u00e9tele miatt v\u00e1ltozhat.<\/div>\n<div class=\"note note-3\"><\/div>","protected":false},"excerpt":{"rendered":"<div class=\"note note-1\">A b\u00fajtat\u00f3 vashuzalb\u00f3l k\u00e9sz\u00fcl, ide\u00e1lis v\u00e1laszt\u00e1s cip\u0151kh\u00f6z, papucsokhoz. Pontos m\u00e9retek mm-ben (sz\u00e9less\u00e9g x magass\u00e1g x anyagvastags\u00e1g): 40\u00d710\u00d73,8<\/div>\n<div class=\"note note-2\">A minim\u00e1lisan rendelhet\u0151 mennyis\u00e9g bizonyos sz\u00edn vagy m\u00e9ret eset\u00e9n, a gy\u00e1rt\u00e1si minimum figyelembev\u00e9tele miatt v\u00e1ltozhat.<\/div>\n<div class=\"note note-3\"><\/div>","protected":false},"featured_media":350927,"comment_status":"closed","ping_status":"closed","template":"","meta":{"_seopress_robots_primary_cat":"none","_seopress_titles_title":"Ov\u00e1lis b\u00fajtat\u00f3 (40\u00d710\u00d73,8) (AO401038)","_seopress_titles_desc":"A b\u00fajtat\u00f3 vashuzalb\u00f3l k\u00e9sz\u00fcl, ide\u00e1lis v\u00e1laszt\u00e1s cip\u0151kh\u00f6z, papucsokhoz. Pontos m\u00e9retek mm-ben (sz\u00e9less\u00e9g x magass\u00e1g x anyagvastags\u00e1g): 40\u00d710\u00d73,8","_seopress_robots_index":""},"product_brand":[],"product_cat":[1910,1911],"product_tag":[2363],"class_list":{"0":"post-330150","1":"product","2":"type-product","3":"status-publish","4":"has-post-thumbnail","6":"product_cat-bujtatok","7":"product_cat-ovalis-bujtatok","8":"product_tag-cipogyartas-es-cipojavitas","9":"pa_szin-bronz-antik","10":"pa_szin-nikkel","11":"pa_szin-sargarez-antik","13":"first","14":"instock","15":"purchasable","16":"product-type-variable"},"_links":{"self":[{"href":"https:\/\/cipokellekek.hu\/en\/wp-json\/wp\/v2\/product\/330150","targetHints":{"allow":["GET"]}}],"collection":[{"href":"https:\/\/cipokellekek.hu\/en\/wp-json\/wp\/v2\/product"}],"about":[{"href":"https:\/\/cipokellekek.hu\/en\/wp-json\/wp\/v2\/types\/product"}],"replies":[{"embeddable":true,"href":"https:\/\/cipokellekek.hu\/en\/wp-json\/wp\/v2\/comments?post=330150"}],"wp:featuredmedia":[{"embeddable":true,"href":"https:\/\/cipokellekek.hu\/en\/wp-json\/wp\/v2\/media\/350927"}],"wp:attachment":[{"href":"https:\/\/cipokellekek.hu\/en\/wp-json\/wp\/v2\/media?parent=330150"}],"wp:term":[{"taxonomy":"product_brand","embeddable":true,"href":"https:\/\/cipokellekek.hu\/en\/wp-json\/wp\/v2\/product_brand?post=330150"},{"taxonomy":"product_cat","embeddable":true,"href":"https:\/\/cipokellekek.hu\/en\/wp-json\/wp\/v2\/product_cat?post=330150"},{"taxonomy":"product_tag","embeddable":true,"href":"https:\/\/cipokellekek.hu\/en\/wp-json\/wp\/v2\/product_tag?post=330150"}],"curies":[{"name":"wp","href":"https:\/\/api.w.org\/{rel}","templated":true}]}}