{"id":330092,"date":"2023-09-11T16:23:06","date_gmt":"2023-09-11T14:23:06","guid":{"rendered":"https:\/\/dev.sysvol.hu\/belso\/termek\/hegesztett-ovalis-bujtato-20-50-mm-aoh-hegesztett\/"},"modified":"2025-07-04T16:22:31","modified_gmt":"2025-07-04T14:22:31","slug":"hegesztett-ovalis-bujtato-20-50-mm-aoh-hegesztett","status":"publish","type":"product","link":"https:\/\/cipokellekek.hu\/en\/uzlet\/bujtatok\/ovalis-bujtatok\/hegesztett-ovalis-bujtato-20-50-mm-aoh-hegesztett\/","title":{"rendered":"Hegesztett ov\u00e1lis b\u00fajtat\u00f3 (20-50 mm) (AOH-HEGESZTETT)"},"content":{"rendered":"<div class=\"note note-1\">A b\u00fajtat\u00f3 vashuzalb\u00f3l k\u00e9sz\u00fcl, ide\u00e1lis v\u00e1laszt\u00e1s er\u0151s tart\u00e1st ig\u00e9nyl\u0151 term\u00e9khez, ortop\u00e9dtechnikai \u00e9s munkav\u00e9delmi eszk\u00f6z\u00f6kh\u00f6z.<\/div>\n<div class=\"note note-2\">A minim\u00e1lisan rendelhet\u0151 mennyis\u00e9g bizonyos sz\u00edn vagy m\u00e9ret eset\u00e9n, a gy\u00e1rt\u00e1si minimum figyelembev\u00e9tele miatt v\u00e1ltozhat.<\/div>\n<div class=\"note note-3\"><\/div>","protected":false},"excerpt":{"rendered":"<p>A b\u00fajtat\u00f3 vashuzalb\u00f3l k\u00e9sz\u00fcl, ide\u00e1lis v\u00e1laszt\u00e1s er\u0151s tart\u00e1st ig\u00e9nyl\u0151 term\u00e9khez, ortop\u00e9dtechnikai \u00e9s munkav\u00e9delmi eszk\u00f6z\u00f6kh\u00f6z.<\/p>","protected":false},"featured_media":350923,"comment_status":"closed","ping_status":"closed","template":"","meta":{"_seopress_robots_primary_cat":"none","_seopress_titles_title":"Hegesztett ov\u00e1lis b\u00fajtat\u00f3 (20-50 mm) (AOH-HEGESZTETT)","_seopress_titles_desc":"A b\u00fajtat\u00f3 vashuzalb\u00f3l k\u00e9sz\u00fcl, ide\u00e1lis v\u00e1laszt\u00e1s er\u0151s tart\u00e1st ig\u00e9nyl\u0151 term\u00e9khez, ortop\u00e9dtechnikai \u00e9s munkav\u00e9delmi eszk\u00f6z\u00f6kh\u00f6z. (20-50 mm)","_seopress_robots_index":""},"product_brand":[],"product_cat":[1910,1911],"product_tag":[2364,2363],"class_list":{"0":"post-330092","1":"product","2":"type-product","3":"status-publish","4":"has-post-thumbnail","6":"product_cat-bujtatok","7":"product_cat-ovalis-bujtatok","8":"product_tag-bordiszmu-es-ruhagyartas","9":"product_tag-cipogyartas-es-cipojavitas","10":"pa_meret-1903","11":"pa_meret-1904","12":"pa_meret-1906","13":"pa_meret-1870","14":"pa_meret-1871","15":"pa_meret-1872","16":"pa_szin-bronz-antik","17":"pa_szin-nikkel","18":"pa_szin-sargarez-antik","20":"first","21":"instock","22":"purchasable","23":"product-type-variable"},"_links":{"self":[{"href":"https:\/\/cipokellekek.hu\/en\/wp-json\/wp\/v2\/product\/330092","targetHints":{"allow":["GET"]}}],"collection":[{"href":"https:\/\/cipokellekek.hu\/en\/wp-json\/wp\/v2\/product"}],"about":[{"href":"https:\/\/cipokellekek.hu\/en\/wp-json\/wp\/v2\/types\/product"}],"replies":[{"embeddable":true,"href":"https:\/\/cipokellekek.hu\/en\/wp-json\/wp\/v2\/comments?post=330092"}],"wp:featuredmedia":[{"embeddable":true,"href":"https:\/\/cipokellekek.hu\/en\/wp-json\/wp\/v2\/media\/350923"}],"wp:attachment":[{"href":"https:\/\/cipokellekek.hu\/en\/wp-json\/wp\/v2\/media?parent=330092"}],"wp:term":[{"taxonomy":"product_brand","embeddable":true,"href":"https:\/\/cipokellekek.hu\/en\/wp-json\/wp\/v2\/product_brand?post=330092"},{"taxonomy":"product_cat","embeddable":true,"href":"https:\/\/cipokellekek.hu\/en\/wp-json\/wp\/v2\/product_cat?post=330092"},{"taxonomy":"product_tag","embeddable":true,"href":"https:\/\/cipokellekek.hu\/en\/wp-json\/wp\/v2\/product_tag?post=330092"}],"curies":[{"name":"wp","href":"https:\/\/api.w.org\/{rel}","templated":true}]}}