{"id":329937,"date":"2023-09-11T16:23:06","date_gmt":"2023-09-11T14:23:06","guid":{"rendered":"https:\/\/dev.sysvol.hu\/belso\/termek\/ovalis-bujtato-12-40-mm-aoe\/"},"modified":"2025-07-04T16:15:29","modified_gmt":"2025-07-04T14:15:29","slug":"ovalis-bujtato-12-40-mm-aoe","status":"publish","type":"product","link":"https:\/\/cipokellekek.hu\/en\/uzlet\/bujtatok\/ovalis-bujtatok\/ovalis-bujtato-12-40-mm-aoe\/","title":{"rendered":"Ov\u00e1lis b\u00fajtat\u00f3 (12-40 mm) (AOE)"},"content":{"rendered":"<div class=\"note note-1\">A b\u00fajtat\u00f3 vashuzalb\u00f3l k\u00e9sz\u00fcl, ide\u00e1lis v\u00e1laszt\u00e1s cip\u0151kh\u00f6z, papucsokhoz. A bels\u0151 sz\u00e9less\u00e9g v\u00e1laszthat\u00f3, magass\u00e1g 6 mm, huzalvastags\u00e1g 2,5 mm.<\/div>\n<div class=\"note note-2\">A minim\u00e1lisan rendelhet\u0151 mennyis\u00e9g bizonyos sz\u00edn vagy m\u00e9ret eset\u00e9n, a gy\u00e1rt\u00e1si minimum figyelembev\u00e9tele miatt v\u00e1ltozhat.<\/div>\n<div class=\"note note-3\"><\/div>","protected":false},"excerpt":{"rendered":"<p>A b\u00fajtat\u00f3 vashuzalb\u00f3l k\u00e9sz\u00fcl, ide\u00e1lis v\u00e1laszt\u00e1s cip\u0151kh\u00f6z, papucsokhoz. A bels\u0151 sz\u00e9less\u00e9g v\u00e1laszthat\u00f3, magass\u00e1g 6 mm, huzalvastags\u00e1g 2,5 mm.<\/p>","protected":false},"featured_media":350922,"comment_status":"closed","ping_status":"closed","template":"","meta":{"_seopress_robots_primary_cat":"none","_seopress_titles_title":"Ov\u00e1lis b\u00fajtat\u00f3 (12-40 mm) (AOE)","_seopress_titles_desc":"","_seopress_robots_index":""},"product_brand":[],"product_cat":[1910,1911],"product_tag":[2363],"class_list":{"0":"post-329937","1":"product","2":"type-product","3":"status-publish","4":"has-post-thumbnail","6":"product_cat-bujtatok","7":"product_cat-ovalis-bujtatok","8":"product_tag-cipogyartas-es-cipojavitas","9":"pa_meret-1898","10":"pa_meret-1899","11":"pa_meret-1900","12":"pa_meret-1901","13":"pa_meret-1902","14":"pa_meret-1903","15":"pa_meret-1904","16":"pa_meret-1905","17":"pa_meret-1906","18":"pa_meret-1907","19":"pa_meret-1908","20":"pa_meret-1870","21":"pa_meret-1909","22":"pa_meret-1871","23":"pa_szin-arany","24":"pa_szin-bronz-antik","25":"pa_szin-bronzex","26":"pa_szin-ezust-antik","27":"pa_szin-fekete-nikkel","28":"pa_szin-fenyes-sargarez","29":"pa_szin-matt-nikkel","30":"pa_szin-nikkel","31":"pa_szin-nikkelmentes-nikkel","32":"pa_szin-rozsaszin-arany","33":"pa_szin-sargarez-antik","35":"first","36":"instock","37":"featured","38":"purchasable","39":"product-type-variable"},"_links":{"self":[{"href":"https:\/\/cipokellekek.hu\/en\/wp-json\/wp\/v2\/product\/329937","targetHints":{"allow":["GET"]}}],"collection":[{"href":"https:\/\/cipokellekek.hu\/en\/wp-json\/wp\/v2\/product"}],"about":[{"href":"https:\/\/cipokellekek.hu\/en\/wp-json\/wp\/v2\/types\/product"}],"replies":[{"embeddable":true,"href":"https:\/\/cipokellekek.hu\/en\/wp-json\/wp\/v2\/comments?post=329937"}],"wp:featuredmedia":[{"embeddable":true,"href":"https:\/\/cipokellekek.hu\/en\/wp-json\/wp\/v2\/media\/350922"}],"wp:attachment":[{"href":"https:\/\/cipokellekek.hu\/en\/wp-json\/wp\/v2\/media?parent=329937"}],"wp:term":[{"taxonomy":"product_brand","embeddable":true,"href":"https:\/\/cipokellekek.hu\/en\/wp-json\/wp\/v2\/product_brand?post=329937"},{"taxonomy":"product_cat","embeddable":true,"href":"https:\/\/cipokellekek.hu\/en\/wp-json\/wp\/v2\/product_cat?post=329937"},{"taxonomy":"product_tag","embeddable":true,"href":"https:\/\/cipokellekek.hu\/en\/wp-json\/wp\/v2\/product_tag?post=329937"}],"curies":[{"name":"wp","href":"https:\/\/api.w.org\/{rel}","templated":true}]}}