{"id":329924,"date":"2023-09-11T16:23:06","date_gmt":"2023-09-11T14:23:06","guid":{"rendered":"https:\/\/dev.sysvol.hu\/belso\/termek\/bevonhato-gomb-50369\/"},"modified":"2025-07-03T18:39:53","modified_gmt":"2025-07-03T16:39:53","slug":"bevonhato-gomb-50369","status":"publish","type":"product","link":"https:\/\/cipokellekek.hu\/en\/uzlet\/bevonhato-termekek\/bevonhato-gomb-50369\/","title":{"rendered":"Bevonhat\u00f3 gomb (50369)"},"content":{"rendered":"<div class=\"note note-1\">Bevonhat\u00f3 gomb t\u00f6bb m\u00e9retben. Aj\u00e1nljuk ruh\u00e1khoz, kab\u00e1tokhoz, azonos anyaggal t\u00f6rt\u00e9n\u0151 bevon\u00e1shoz.<\/div>\n<div class=\"note note-2\">A minim\u00e1lisan rendelhet\u0151 mennyis\u00e9g bizonyos sz\u00edn vagy m\u00e9ret eset\u00e9n, a gy\u00e1rt\u00e1si minimum figyelembev\u00e9tele miatt v\u00e1ltozhat.<\/div>\n<div class=\"note note-3\"><\/div>","protected":false},"excerpt":{"rendered":"<p>Bevonhat\u00f3 gomb t\u00f6bb m\u00e9retben. Aj\u00e1nljuk ruh\u00e1khoz, kab\u00e1tokhoz, azonos anyaggal t\u00f6rt\u00e9n\u0151 bevon\u00e1shoz.<\/p>","protected":false},"featured_media":350921,"comment_status":"closed","ping_status":"closed","template":"","meta":{"_seopress_robots_primary_cat":"none","_seopress_titles_title":"Bevonhat\u00f3 gomb (50369)","_seopress_titles_desc":"Bevonhat\u00f3 gomb. Aj\u00e1nljuk ruh\u00e1khoz, kab\u00e1tokhoz, azonos anyaggal t\u00f6rt\u00e9n\u0151 bevon\u00e1shoz. El\u00e9rhet\u0151 t\u00f6bbf\u00e9le sz\u00ednben \u00e9s m\u00e9retben.","_seopress_robots_index":""},"product_brand":[],"product_cat":[1869],"product_tag":[2364],"class_list":{"0":"post-329924","1":"product","2":"type-product","3":"status-publish","4":"has-post-thumbnail","6":"product_cat-bevonhato-termekek","7":"product_tag-bordiszmu-es-ruhagyartas","8":"pa_meret-16-18-11-mm","9":"pa_meret-20-125-mm","10":"pa_meret-22-14-mm","11":"pa_meret-24-15-mm","12":"pa_meret-28-18-mm","13":"pa_meret-32-205-mm","14":"pa_meret-36-23-mm","15":"pa_meret-40-255-mm","16":"pa_meret-44-28-mm","17":"pa_meret-50-32-mm","18":"pa_meret-60-38-mm","19":"pa_meret-70-44-mm","21":"first","22":"instock","23":"featured","24":"purchasable","25":"product-type-variable"},"_links":{"self":[{"href":"https:\/\/cipokellekek.hu\/en\/wp-json\/wp\/v2\/product\/329924","targetHints":{"allow":["GET"]}}],"collection":[{"href":"https:\/\/cipokellekek.hu\/en\/wp-json\/wp\/v2\/product"}],"about":[{"href":"https:\/\/cipokellekek.hu\/en\/wp-json\/wp\/v2\/types\/product"}],"replies":[{"embeddable":true,"href":"https:\/\/cipokellekek.hu\/en\/wp-json\/wp\/v2\/comments?post=329924"}],"wp:featuredmedia":[{"embeddable":true,"href":"https:\/\/cipokellekek.hu\/en\/wp-json\/wp\/v2\/media\/350921"}],"wp:attachment":[{"href":"https:\/\/cipokellekek.hu\/en\/wp-json\/wp\/v2\/media?parent=329924"}],"wp:term":[{"taxonomy":"product_brand","embeddable":true,"href":"https:\/\/cipokellekek.hu\/en\/wp-json\/wp\/v2\/product_brand?post=329924"},{"taxonomy":"product_cat","embeddable":true,"href":"https:\/\/cipokellekek.hu\/en\/wp-json\/wp\/v2\/product_cat?post=329924"},{"taxonomy":"product_tag","embeddable":true,"href":"https:\/\/cipokellekek.hu\/en\/wp-json\/wp\/v2\/product_tag?post=329924"}],"curies":[{"name":"wp","href":"https:\/\/api.w.org\/{rel}","templated":true}]}}