{"id":329918,"date":"2023-09-11T16:23:06","date_gmt":"2023-09-11T14:23:06","guid":{"rendered":"https:\/\/dev.sysvol.hu\/belso\/termek\/bevonhato-csat-40-mm-50002-40\/"},"modified":"2025-07-03T16:53:10","modified_gmt":"2025-07-03T14:53:10","slug":"bevonhato-csat-40-mm-50002-40","status":"publish","type":"product","link":"https:\/\/cipokellekek.hu\/en\/uzlet\/bevonhato-termekek\/bevonhato-csat-40-mm-50002-40\/","title":{"rendered":"Bevonhat\u00f3 csat 40 mm (50002-40)"},"content":{"rendered":"<div class=\"note note-1\">Bevonhat\u00f3 csat 40 mm sz\u00e9les p\u00e1nthoz. Aj\u00e1nljuk ruh\u00e1khoz, kab\u00e1tokhoz, azonos anyaggal t\u00f6rt\u00e9n\u0151 bevon\u00e1shoz.<\/div>\n<div class=\"note note-2\">A minim\u00e1lisan rendelhet\u0151 mennyis\u00e9g bizonyos sz\u00edn vagy m\u00e9ret eset\u00e9n, a gy\u00e1rt\u00e1si minimum figyelembev\u00e9tele miatt v\u00e1ltozhat.<\/div>\n<div class=\"note note-3\"><\/div>","protected":false},"excerpt":{"rendered":"<p>Bevonhat\u00f3 csat 40 mm sz\u00e9les p\u00e1nthoz. Aj\u00e1nljuk ruh\u00e1khoz, kab\u00e1tokhoz, azonos anyaggal t\u00f6rt\u00e9n\u0151 bevon\u00e1shoz.<\/p>","protected":false},"featured_media":350918,"comment_status":"closed","ping_status":"closed","template":"","meta":{"_seopress_robots_primary_cat":"none","_seopress_titles_title":"Bevonhat\u00f3 csat 40 mm (50002-40)","_seopress_titles_desc":"Bevonhat\u00f3 csat 40 mm sz\u00e9les p\u00e1nthoz. Aj\u00e1nljuk ruh\u00e1khoz, kab\u00e1tokhoz, azonos anyaggal t\u00f6rt\u00e9n\u0151 bevon\u00e1shoz. El\u00e9rhet\u0151 t\u00f6bbf\u00e9le sz\u00ednben \u00e9s m\u00e9retben.","_seopress_robots_index":""},"product_brand":[],"product_cat":[1869],"product_tag":[2364],"class_list":{"0":"post-329918","1":"product","2":"type-product","3":"status-publish","4":"has-post-thumbnail","6":"product_cat-bevonhato-termekek","7":"product_tag-bordiszmu-es-ruhagyartas","9":"first","10":"instock","11":"purchasable","12":"product-type-simple"},"_links":{"self":[{"href":"https:\/\/cipokellekek.hu\/en\/wp-json\/wp\/v2\/product\/329918","targetHints":{"allow":["GET"]}}],"collection":[{"href":"https:\/\/cipokellekek.hu\/en\/wp-json\/wp\/v2\/product"}],"about":[{"href":"https:\/\/cipokellekek.hu\/en\/wp-json\/wp\/v2\/types\/product"}],"replies":[{"embeddable":true,"href":"https:\/\/cipokellekek.hu\/en\/wp-json\/wp\/v2\/comments?post=329918"}],"wp:featuredmedia":[{"embeddable":true,"href":"https:\/\/cipokellekek.hu\/en\/wp-json\/wp\/v2\/media\/350918"}],"wp:attachment":[{"href":"https:\/\/cipokellekek.hu\/en\/wp-json\/wp\/v2\/media?parent=329918"}],"wp:term":[{"taxonomy":"product_brand","embeddable":true,"href":"https:\/\/cipokellekek.hu\/en\/wp-json\/wp\/v2\/product_brand?post=329918"},{"taxonomy":"product_cat","embeddable":true,"href":"https:\/\/cipokellekek.hu\/en\/wp-json\/wp\/v2\/product_cat?post=329918"},{"taxonomy":"product_tag","embeddable":true,"href":"https:\/\/cipokellekek.hu\/en\/wp-json\/wp\/v2\/product_tag?post=329918"}],"curies":[{"name":"wp","href":"https:\/\/api.w.org\/{rel}","templated":true}]}}