{"id":352575,"date":"2024-02-17T09:13:58","date_gmt":"2024-02-17T07:13:58","guid":{"rendered":"https:\/\/dev.sysvol.hu\/belso\/?page_id=352575"},"modified":"2024-06-14T19:16:58","modified_gmt":"2024-06-14T17:16:58","slug":"hirlevel-feliratkozas","status":"publish","type":"page","link":"https:\/\/cipokellekek.hu\/en\/hirlevel-feliratkozas\/","title":{"rendered":"H\u00edrlev\u00e9l feliratkoz\u00e1s"},"content":{"rendered":"<section>\n<\/section>\n<section>\n<div class=\"container my-5\">\n<form action=\"\">\n<div class=\"row\">\n<div class=\"col-md-6\">\n<div class=\"lc-block\">\n<div class=\"form-group mb-4\">\n\t\t\t\t\t\t\t<label>Email c\u00edm<\/label><br \/>\n\t\t\t\t\t\t\t<input name=\"mouseglue\" type=\"email\" class=\"form-control\" placeholder=\"name@example.com\" value=\"\" autocomplete=\"off\" hidden=\"\"><br \/>\n\t\t\t\t\t\t\t<input name=\"email\" type=\"email\" class=\"form-control\" placeholder=\"name@example.com\" value=\"\" required=\"required\">\n\t\t\t\t\t\t<\/div>\n<div class=\"form-group mb-4\">\n\t\t\t\t\t\t\t<label>C\u00e9gn\u00e9v (opcion\u00e1lis)<\/label><br \/>\n\t\t\t\t\t\t\t<input name=\"company\" type=\"text\" class=\"form-control\" placeholder=\"\" value=\"\">\n\t\t\t\t\t\t<\/div>\n<div class=\"form-group mb-4\">\n\t\t\t\t\t\t\t<label>Vezet\u00e9kn\u00e9v<\/label><br \/>\n\t\t\t\t\t\t\t<input name=\"lastname\" type=\"text\" class=\"form-control\" placeholder=\"Doe\" value=\"\" required=\"required\">\n\t\t\t\t\t\t<\/div>\n<div class=\"form-group mb-4\">\n\t\t\t\t\t\t\t<label>Keresztn\u00e9v<\/label><br \/>\n\t\t\t\t\t\t\t<input name=\"firstname\" type=\"text\" class=\"form-control\" placeholder=\"John\" value=\"\" required=\"required\">\n\t\t\t\t\t\t<\/div>\n<\/p><\/div>\n<\/p><\/div>\n<div class=\"col-md-6\">\n<div class=\"lc-block\"><label>Tev\u00e9kenys\u00e9gi ter\u00fclet<\/label><\/p>\n<div class=\"form-check\">\n\t\t\t\t\t\t\t<input class=\"form-check-input\" type=\"checkbox\" name=\"servicing-area[]\" value=\"Cip\u0151gy\u00e1rt\u00e1s\" id=\"sa1\"><br \/>\n\t\t\t\t\t\t\t<label class=\"form-check-label\" for=\"sa1\"><br \/>\n\t\t\t\t\t\t\t\tCip\u0151gy\u00e1rt\u00e1s<br \/>\n\t\t\t\t\t\t\t<\/label>\n\t\t\t\t\t\t<\/div>\n<div class=\"form-check\">\n\t\t\t\t\t\t\t<input class=\"form-check-input\" type=\"checkbox\" name=\"servicing-area[]\" value=\"Cip\u0151jav\u00edt\u00e1s\" id=\"sa2\"><br \/>\n\t\t\t\t\t\t\t<label class=\"form-check-label\" for=\"sa2\"><br \/>\n\t\t\t\t\t\t\t\tCip\u0151jav\u00edt\u00e1s<br \/>\n\t\t\t\t\t\t\t<\/label>\n\t\t\t\t\t\t<\/div>\n<div class=\"form-check\">\n\t\t\t\t\t\t\t<input class=\"form-check-input\" type=\"checkbox\" name=\"servicing-area[]\" value=\"B\u0151rd\u00edszm\u0171\" id=\"sa3\"><br \/>\n\t\t\t\t\t\t\t<label class=\"form-check-label\" for=\"sa3\"><br \/>\n\t\t\t\t\t\t\t\tB\u0151rd\u00edszm\u0171<br \/>\n\t\t\t\t\t\t\t<\/label>\n\t\t\t\t\t\t<\/div>\n<div class=\"form-check\">\n\t\t\t\t\t\t\t<input class=\"form-check-input\" type=\"checkbox\" name=\"servicing-area[]\" value=\"Ruhagy\u00e1rt\u00e1s\" id=\"sa4\"><br \/>\n\t\t\t\t\t\t\t<label class=\"form-check-label\" for=\"sa4\"><br \/>\n\t\t\t\t\t\t\t\tRuhagy\u00e1rt\u00e1s<br \/>\n\t\t\t\t\t\t\t<\/label>\n\t\t\t\t\t\t<\/div>\n<div class=\"form-check\">\n\t\t\t\t\t\t\t<input class=\"form-check-input\" type=\"checkbox\" name=\"servicing-area[]\" value=\"Nyomdaipar\" id=\"sa5\"><br \/>\n\t\t\t\t\t\t\t<label class=\"form-check-label\" for=\"sa5\"><br \/>\n\t\t\t\t\t\t\t\tNyomdaipar<br \/>\n\t\t\t\t\t\t\t<\/label>\n\t\t\t\t\t\t<\/div>\n<div class=\"form-check\">\n\t\t\t\t\t\t\t<input class=\"form-check-input\" type=\"checkbox\" name=\"servicing-area[]\" value=\"Viszontelad\u00f3\" id=\"sa6\"><br \/>\n\t\t\t\t\t\t\t<label class=\"form-check-label\" for=\"sa6\"><br \/>\n\t\t\t\t\t\t\t\tViszontelad\u00f3<br \/>\n\t\t\t\t\t\t\t<\/label>\n\t\t\t\t\t\t<\/div>\n<div class=\"form-check\">\n\t\t\t\t\t\t\t<input class=\"form-check-input\" type=\"checkbox\" name=\"servicing-area[]\" value=\"Mag\u00e1nfelhaszn\u00e1l\u00f3\" id=\"sa7\"><br \/>\n\t\t\t\t\t\t\t<label class=\"form-check-label\" for=\"sa7\"><br \/>\n\t\t\t\t\t\t\t\tMag\u00e1nfelhaszn\u00e1l\u00f3<br \/>\n\t\t\t\t\t\t\t<\/label>\n\t\t\t\t\t\t<\/div>\n<div class=\"form-check\">\n\t\t\t\t\t\t\t<input class=\"form-check-input\" type=\"checkbox\" name=\"servicing-area[]\" value=\"Egy\u00e9b\" id=\"sa8\"><br \/>\n\t\t\t\t\t\t\t<label class=\"form-check-label\" for=\"sa8\"><br \/>\n\t\t\t\t\t\t\t\tEgy\u00e9b&#8230;<br \/>\n\t\t\t\t\t\t\t<\/label>\n\t\t\t\t\t\t<\/div>\n<div class=\"py-3\" editable=\"rich\">\n<h4>Marketing enged\u00e9lyek<\/h4>\n<p>K\u00e9rem, jel\u00f6lje, ha hozz\u00e1j\u00e1rul, hogy k\u00fcldj\u00fcnk \u00d6nnek e-mailben t\u00e1j\u00e9koztat\u00f3t akci\u00f3inkr\u00f3l, \u00fajdons\u00e1gainkr\u00f3l, aktualit\u00e1sainkr\u00f3l a megadott e-mail c\u00edm\u00e9re.<\/p>\n<p>\t\t\t\t\t\t\t<input class=\"form-check-input\" type=\"checkbox\" value=\"\" id=\"agree\" required=\"required\"><br \/>\n\t\t\t\t\t\t\t<label class=\"form-check-label d-inline\" for=\"agree\"><br \/>\n\t\t\t\t\t\t\t\t<strong>Igen, hozz\u00e1j\u00e1rulok, hogy k\u00fcldjenek nekem e-mail-es t\u00e1j\u00e9koztat\u00f3t a Bels\u0151 \u00e9s T\u00e1rsa Kft. term\u00e9keir\u0151l.<\/strong><br \/>\n\t\t\t\t\t\t\t<\/label><\/p>\n<p class=\"supertitle\">A t\u00e1j\u00e9koztat\u00f3 levelekr\u0151l b\u00e1rmikor leiratkozhat a levelek v\u00e9g\u00e9n tal\u00e1lhat\u00f3 leiratkoz\u00e1s gomb seg\u00edts\u00e9g\u00e9vel, vagy jelezheti leiratkoz\u00e1si sz\u00e1nd\u00e9k\u00e1t a belso@belso.hu c\u00edmen is. Adatv\u00e9delmi t\u00e1j\u00e9koztat\u00f3nkat itt tal\u00e1lja: <a href=\"\/en\/adatvedelem\/\">http:\/\/belso.hu\/adatvedelem\/<\/a><\/p>\n<\/p><\/div>\n<p>\t\t\t\t\t\t<button type=\"submit\" class=\"btn btn-warning btn-lg\">Feliratkozom<\/button>\n\t\t\t\t\t<\/div>\n<\/p><\/div>\n<\/p><\/div>\n\n\t<script>\n\t\/\/LC form submit event handler\n\tdocument.currentScript.closest(\"form\").addEventListener(\"submit\", function (event) {\n\t\tevent.preventDefault();\n\t\tconst theForm = this.closest(\"form\");\n\t\ttheForm.querySelector(\"[type=submit]\").setAttribute(\"disabled\",\"disabled\");\n\t\tif(!theForm.parentElement.querySelector(\".lc_form_feedback\")) {\n            console.log(\"add feedback div\");\n            theForm.insertAdjacentHTML(\"beforeend\", \"<div class=lc_form_feedback><\/div>\");\n        }\n        theForm.parentElement.querySelector(\".lc_form_feedback\").innerHTML=\"\";\n\t\tconst formdata = new FormData(event.currentTarget);\n\t\tformdata.append( \"nonce\", \"47e3a7014b\" );\n\t\tformdata.append( \"action\", \"lc_newsletter_subscription\" );\n\t\tif (typeof (lc_forms_callback) == \"function\") {\n\t\t\tthe_result = lc_forms_callback(formdata);\n\t\t\tif (!the_result) {\n\t\t\t\t\/\/abort execution\n\t\t\t\ttheForm.querySelector(\"[type=submit]\").removeAttribute(\"disabled\" );\n\t\t\t\treturn false;\n\t\t\t}\n\t\t}\n\t\tfetch(\"https:\/\/cipokellekek.hu\/wp-admin\/admin-ajax.php\", {\n\t\t\tmethod: \"POST\",\n\t\t\tcredentials: \"same-origin\",\n\t\t\theaders: {\n\t\t\t\t\"Cache-Control\": \"no-cache\",\n\t\t\t},\n\t\t\tbody: formdata\n\t\t}).then(response => response.text())\n\t\t.then(response => {\n\t\t\t\/\/console.log(response);\n            if (response==\"-1\") {\n                alert(\"Invalid nonce value. Some kind of caching might be acting on it. Please try to reload the page and submit again the form, thank you.\");\n                return false;\n            }\n\t\t\ttheForm.parentElement.querySelector(\".lc_form_feedback\").innerHTML=response;\n\n\t\t\t\/\/ Execute any script tags in the response (useful to reset the form)\n\t\t\ttheForm.parentElement.querySelector(\".lc_form_feedback\").querySelectorAll(\"script\").forEach(script => {\n\t\t\t\tconst newScript = document.createElement(\"script\");\n\t\t\t\tArray.from(script.attributes).forEach(attr =>\n\t\t\t\t\tnewScript.setAttribute(attr.name, attr.value));\n\t\t\t\tnewScript.appendChild(document.createTextNode(script.innerHTML));\n\t\t\t\tscript.parentNode.replaceChild(newScript, script);\n\t\t\t});\n\n\t\t\ttheForm.parentElement.querySelector(\".lc_form_feedback\").scrollIntoView({block: \"end\", inline: \"nearest\"});\n\t\t\ttheForm.querySelector(\"[type=submit]\").removeAttribute(\"disabled\" );\n\t\t})\n\t\t.catch(err => {\n\t\t\talert(\"Form submit error. Details: \"+err);\n\t\t\ttheForm.querySelector(\"[type=submit]\").removeAttribute(\"disabled\" );\n\t\t});\n\t});\n\t<\/script>\n\t<input type=\"hidden\" name=\"trp-form-language\" value=\"en\"\/><\/form>\n<\/p><\/div>\n<style>\n\t.footer-cta {\n\t\tdisplay: none !important;\n\t\tvisibility: hidden !important\n\t}\n<\/style>\n<\/section>","protected":false},"excerpt":{"rendered":"<p>Email c\u00edm C\u00e9gn\u00e9v (opcion\u00e1lis) Vezet\u00e9kn\u00e9v Keresztn\u00e9v Tev\u00e9kenys\u00e9gi ter\u00fclet Cip\u0151gy\u00e1rt\u00e1s Cip\u0151jav\u00edt\u00e1s B\u0151rd\u00edszm\u0171 Ruhagy\u00e1rt\u00e1s Nyomdaipar Viszontelad\u00f3 Mag\u00e1nfelhaszn\u00e1l\u00f3 Egy\u00e9b&#8230; Marketing enged\u00e9lyek K\u00e9rem, jel\u00f6lje,<a class=\"more-link\" href=\"https:\/\/cipokellekek.hu\/en\/hirlevel-feliratkozas\/\">R\u00e9szletek<\/a><\/p>","protected":false},"author":1323,"featured_media":0,"parent":0,"menu_order":0,"comment_status":"closed","ping_status":"closed","template":"","meta":{"_seopress_robots_primary_cat":"","_seopress_titles_title":"","_seopress_titles_desc":"","_seopress_robots_index":"","footnotes":""},"class_list":["post-352575","page","type-page","status-publish","hentry"],"_links":{"self":[{"href":"https:\/\/cipokellekek.hu\/en\/wp-json\/wp\/v2\/pages\/352575","targetHints":{"allow":["GET"]}}],"collection":[{"href":"https:\/\/cipokellekek.hu\/en\/wp-json\/wp\/v2\/pages"}],"about":[{"href":"https:\/\/cipokellekek.hu\/en\/wp-json\/wp\/v2\/types\/page"}],"author":[{"embeddable":true,"href":"https:\/\/cipokellekek.hu\/en\/wp-json\/wp\/v2\/users\/1323"}],"replies":[{"embeddable":true,"href":"https:\/\/cipokellekek.hu\/en\/wp-json\/wp\/v2\/comments?post=352575"}],"version-history":[{"count":0,"href":"https:\/\/cipokellekek.hu\/en\/wp-json\/wp\/v2\/pages\/352575\/revisions"}],"wp:attachment":[{"href":"https:\/\/cipokellekek.hu\/en\/wp-json\/wp\/v2\/media?parent=352575"}],"curies":[{"name":"wp","href":"https:\/\/api.w.org\/{rel}","templated":true}]}}