{"id":352559,"date":"2024-02-17T09:33:04","date_gmt":"2024-02-17T07:33:04","guid":{"rendered":"https:\/\/dev.sysvol.hu\/belso\/?page_id=352559"},"modified":"2024-02-20T18:00:15","modified_gmt":"2024-02-20T16:00:15","slug":"egyedi-termekek","status":"publish","type":"page","link":"https:\/\/cipokellekek.hu\/en\/egyedi-termekek\/","title":{"rendered":"Egyedi term\u00e9kek"},"content":{"rendered":"<section>\n<div class=\"container py-md-6 py-4\">\n<div class=\"row justify-content-center\">\n<div class=\"col-xl-10\">\n<div class=\"lc-block mb-5\">\n<div editable=\"rich\">\n<h2 class=\"rfs-20 fw-bolder\">Egyedi megold\u00e1st keres cip\u0151- \u00e9s t\u00e1ska kell\u00e9kekhez? Szeretne saj\u00e1t log\u00f3j\u00e1val ell\u00e1tott term\u00e9ket? <\/h2>\n<\/p><\/div>\n<\/p><\/div>\n<div class=\"row text-center text-md-start\">\n<div class=\"col-md-6\">\n<div class=\"lc-block\">\n<div editable=\"rich\">\n<p class=\"lead\">Mi megval\u00f3s\u00edtjuk \u00d6nnek!<\/p>\n<p class=\"lead\">Egyszer\u0171en csak k\u00fcldje el terveit, legyen az vektoros rajz vagy egy f\u00e9nyk\u00e9p. Csapatunk gondoskodik r\u00f3la, hogy n\u00e9h\u00e1ny h\u00e9ten bel\u00fcl kez\u00e9ben tarthassa a k\u00e9sz term\u00e9ket, mely teljesen megfelel az \u00d6n ig\u00e9nyeinek \u00e9s elv\u00e1r\u00e1sainak.<\/p>\n<p class=\"lead\">B\u00edzza r\u00e1nk az egyedi term\u00e9kek elk\u00e9sz\u00edt\u00e9s\u00e9t, \u00e9s n\u00e9zze meg, hogyan v\u00e1lhat val\u00f3s\u00e1gg\u00e1 minden elk\u00e9pzel\u00e9se!<\/p>\n<\/p><\/div>\n<\/p><\/div>\n<\/p><\/div>\n<div class=\"col-md-6\">\n<div class=\"lc-block\">\n<form action=\"\">\n<div class=\"form-group mb-4\">\n\t\t\t\t\t\t\t\t\t<label>Neve (opcion\u00e1lis)<\/label><br \/>\n\t\t\t\t\t\t\t\t\t<input name=\"mouseglue\" type=\"text\" class=\"form-control\" placeholder=\"John Doe\" value=\"\" autocomplete=\"off\" hidden=\"\"><br \/>\n\t\t\t\t\t\t\t\t\t<input name=\"name\" type=\"text\" class=\"form-control\" placeholder=\"John Doe\" value=\"\">\n\t\t\t\t\t\t\t\t<\/div>\n<div class=\"form-group mb-4\">\n\t\t\t\t\t\t\t\t\t<label>E-mail c\u00edme<\/label><br \/>\n\t\t\t\t\t\t\t\t\t<input name=\"email\" type=\"email\" class=\"form-control\" placeholder=\"name@example.com\" value=\"\">\n\t\t\t\t\t\t\t\t<\/div>\n<div class=\"form-group mb-4\">\n\t\t\t\t\t\t\t\t\t<label>\u00dcztenet \/ megjegyz\u00e9s<\/label><br \/>\n\t\t\t\t\t\t\t\t\t<textarea name=\"message\" class=\"form-control\" rows=\"3\" maxlength=\"300\"><\/textarea>\n\t\t\t\t\t\t\t\t<\/div>\n<div class=\"form-group mb-4\">\n\t\t\t\t\t\t\t\t\t<label>File felt\u00f6lt\u00e9se<\/label><br \/>\n\t\t\t\t\t\t\t\t\t<input type=\"file\" id=\"avatar\" name=\"avatar\" accept=\"image\/png, image\/jpeg\">\n\t\t\t\t\t\t\t\t<\/div>\n<p>\t\t\t\t\t\t\t\t<button type=\"submit\" class=\"btn btn-warning btn-lg\">\u0170rlap elk\u00fcld\u00e9se<\/button><br \/>\n\t\t\t\t\t\t\t\t\n\t<script>\n\t\/\/LC form submit event handler\n\tdocument.currentScript.closest(\"form\").addEventListener(\"submit\", function (event) {\n\t\tevent.preventDefault();\n\t\tconst theForm = this.closest(\"form\");\n\t\ttheForm.querySelector(\"[type=submit]\").setAttribute(\"disabled\",\"disabled\");\n\t\tif(!theForm.parentElement.querySelector(\".lc_form_feedback\")) {\n            console.log(\"add feedback div\");\n            theForm.insertAdjacentHTML(\"beforeend\", \"<div class=lc_form_feedback><\/div>\");\n        }\n        theForm.parentElement.querySelector(\".lc_form_feedback\").innerHTML=\"\";\n\t\tconst formdata = new FormData(event.currentTarget);\n\t\tformdata.append( \"nonce\", \"fd32384035\" );\n\t\tformdata.append( \"action\", \"lc_test_action\" );\n\t\tif (typeof (lc_forms_callback) == \"function\") {\n\t\t\tthe_result = lc_forms_callback(formdata);\n\t\t\tif (!the_result) {\n\t\t\t\t\/\/abort execution\n\t\t\t\ttheForm.querySelector(\"[type=submit]\").removeAttribute(\"disabled\" );\n\t\t\t\treturn false;\n\t\t\t}\n\t\t}\n\t\tfetch(\"https:\/\/cipokellekek.hu\/wp-admin\/admin-ajax.php\", {\n\t\t\tmethod: \"POST\",\n\t\t\tcredentials: \"same-origin\",\n\t\t\theaders: {\n\t\t\t\t\"Cache-Control\": \"no-cache\",\n\t\t\t},\n\t\t\tbody: formdata\n\t\t}).then(response => response.text())\n\t\t.then(response => {\n\t\t\t\/\/console.log(response);\n            if (response==\"-1\") {\n                alert(\"Invalid nonce value. Some kind of caching might be acting on it. Please try to reload the page and submit again the form, thank you.\");\n                return false;\n            }\n\t\t\ttheForm.parentElement.querySelector(\".lc_form_feedback\").innerHTML=response;\n\n\t\t\t\/\/ Execute any script tags in the response (useful to reset the form)\n\t\t\ttheForm.parentElement.querySelector(\".lc_form_feedback\").querySelectorAll(\"script\").forEach(script => {\n\t\t\t\tconst newScript = document.createElement(\"script\");\n\t\t\t\tArray.from(script.attributes).forEach(attr =>\n\t\t\t\t\tnewScript.setAttribute(attr.name, attr.value));\n\t\t\t\tnewScript.appendChild(document.createTextNode(script.innerHTML));\n\t\t\t\tscript.parentNode.replaceChild(newScript, script);\n\t\t\t});\n\n\t\t\ttheForm.parentElement.querySelector(\".lc_form_feedback\").scrollIntoView({block: \"end\", inline: \"nearest\"});\n\t\t\ttheForm.querySelector(\"[type=submit]\").removeAttribute(\"disabled\" );\n\t\t})\n\t\t.catch(err => {\n\t\t\talert(\"Form submit error. Details: \"+err);\n\t\t\ttheForm.querySelector(\"[type=submit]\").removeAttribute(\"disabled\" );\n\t\t});\n\t});\n\t<\/script>\n\t<br \/>\n\t\t\t\t\t\t\t<input type=\"hidden\" name=\"trp-form-language\" value=\"en\"\/><\/form>\n<\/p><\/div>\n<\/p><\/div>\n<\/p><\/div>\n<\/p><\/div>\n<\/p><\/div>\n<\/p><\/div>\n<\/section>","protected":false},"excerpt":{"rendered":"<p>Egyszer\u0171en csak t\u00f6ltse fel nek\u00fcnk a log\u00f3j\u00e1t, vagy juttassa el hozz\u00e1nk, \u00e9s mi gondoskodunk r\u00f3la, hogy az \u00d6n \u00e1ltal k\u00edv\u00e1nt m\u00f3don szerepeljen a term\u00e9keken. Legyen r\u00e9szese az egyedi megold\u00e1sok vil\u00e1g\u00e1nak, ahol minden r\u00e9szlet az \u00d6n k\u00edv\u00e1ns\u00e1gai szerint form\u00e1l\u00f3dik!<\/p>","protected":false},"author":1323,"featured_media":0,"parent":0,"menu_order":0,"comment_status":"closed","ping_status":"closed","template":"","meta":{"_seopress_robots_primary_cat":"","_seopress_titles_title":"","_seopress_titles_desc":"","_seopress_robots_index":"","footnotes":""},"class_list":["post-352559","page","type-page","status-publish","hentry"],"_links":{"self":[{"href":"https:\/\/cipokellekek.hu\/en\/wp-json\/wp\/v2\/pages\/352559","targetHints":{"allow":["GET"]}}],"collection":[{"href":"https:\/\/cipokellekek.hu\/en\/wp-json\/wp\/v2\/pages"}],"about":[{"href":"https:\/\/cipokellekek.hu\/en\/wp-json\/wp\/v2\/types\/page"}],"author":[{"embeddable":true,"href":"https:\/\/cipokellekek.hu\/en\/wp-json\/wp\/v2\/users\/1323"}],"replies":[{"embeddable":true,"href":"https:\/\/cipokellekek.hu\/en\/wp-json\/wp\/v2\/comments?post=352559"}],"version-history":[{"count":0,"href":"https:\/\/cipokellekek.hu\/en\/wp-json\/wp\/v2\/pages\/352559\/revisions"}],"wp:attachment":[{"href":"https:\/\/cipokellekek.hu\/en\/wp-json\/wp\/v2\/media?parent=352559"}],"curies":[{"name":"wp","href":"https:\/\/api.w.org\/{rel}","templated":true}]}}