{"id":352517,"date":"2024-01-31T19:09:12","date_gmt":"2024-01-31T17:09:12","guid":{"rendered":"https:\/\/dev.sysvol.hu\/belso\/?page_id=352517"},"modified":"2024-02-02T11:14:26","modified_gmt":"2024-02-02T09:14:26","slug":"gyakori-kerdesek","status":"publish","type":"page","link":"https:\/\/cipokellekek.hu\/en\/gyakori-kerdesek\/","title":{"rendered":"Gyakori k\u00e9rd\u00e9sek"},"content":{"rendered":"<section>\n<div class=\"container py-5\">\n<div class=\"row mb-5\">\n<div class=\"col-md-12\">\n<div class=\"lc-block text-center\">\n<div editable=\"rich\">\n<h2 class=\"fw-bold h2 heading\">Gyakori k\u00e9rd\u00e9sek<\/h2>\n<\/p><\/div>\n<\/p><\/div>\n<\/p><\/div>\n<\/p><\/div>\n<div class=\"row\">\n<div class=\"col-md-5\">\n<div class=\"lc-block\">\n\t\t\t\t\t<img loading=\"lazy\" decoding=\"async\" class=\"img-fluid wp-image-352521\" src=\"https:\/\/cipokellekek.hu\/wp-content\/uploads\/2024\/01\/6f638c97-fc1a-4af4-9612-9e66d9920645.jpeg\" width=\"1024\" height=\"1024\" srcset=\"https:\/\/cipokellekek.hu\/wp-content\/uploads\/2024\/01\/6f638c97-fc1a-4af4-9612-9e66d9920645.jpeg 1024w, https:\/\/cipokellekek.hu\/wp-content\/uploads\/2024\/01\/6f638c97-fc1a-4af4-9612-9e66d9920645-300x300.jpeg 300w, https:\/\/cipokellekek.hu\/wp-content\/uploads\/2024\/01\/6f638c97-fc1a-4af4-9612-9e66d9920645-150x150.jpeg 150w, https:\/\/cipokellekek.hu\/wp-content\/uploads\/2024\/01\/6f638c97-fc1a-4af4-9612-9e66d9920645-768x768.jpeg 768w, https:\/\/cipokellekek.hu\/wp-content\/uploads\/2024\/01\/6f638c97-fc1a-4af4-9612-9e66d9920645-600x600.jpeg 600w, https:\/\/cipokellekek.hu\/wp-content\/uploads\/2024\/01\/6f638c97-fc1a-4af4-9612-9e66d9920645-100x100.jpeg 100w\" sizes=\"auto, \" alt=\"\">\n\t\t\t\t<\/div>\n<\/p><\/div>\n<div class=\"col-md-6 offset-md-1\">\n<div class=\"lc-block mb-5\">\n<div editable=\"rich\">\n<p class=\"h4\">Mi\u00e9rt nem l\u00e1tok az oldalon \u00e1rakat? <\/p>\n<p>Ennek oka, hogy weboldalunk bemutat\u00f3, t\u00e1j\u00e9koztat\u00f3 jelleg\u0171. Term\u00e9keinkkel f\u0151k\u00e9nt gy\u00e1rt\u00f3kat, nagykeresked\u0151ket szolg\u00e1lunk ki, aj\u00e1nlatainkat egyedi ig\u00e9nyeik alapj\u00e1n k\u00e9sz\u00edtj\u00fck el. <\/p>\n<\/p><\/div>\n<\/p><\/div>\n<div class=\"lc-block mb-5\">\n<div editable=\"rich\">\n<p class=\"h4\">Mi\u00e9rt nem l\u00e1tom a sz\u00e1ll\u00edt\u00e1si k\u00f6lts\u00e9get?<\/p>\n<p>A sz\u00e1ll\u00edt\u00e1si k\u00f6lts\u00e9get a csomag m\u00e9retei hat\u00e1rozz\u00e1k meg, azt pedig a term\u00e9k s\u00falya. Ez alapj\u00e1n egyedileg, a GLS \u00e1ltal szabott tarifa alapj\u00e1n kalkul\u00e1lunk. <\/p>\n<\/p><\/div>\n<\/p><\/div>\n<div class=\"lc-block mb-5\">\n<div editable=\"rich\">\n<p class=\"h4\">V\u00e1s\u00e1rolhatnak-e n\u00e1lunk mag\u00e1nszem\u00e9lyek?<\/p>\n<p>B\u00e1r els\u0151sorban nagykereskedelmi t\u00e9teleket szolg\u00e1lunk ki, bizonyos term\u00e9kek eset\u00e9ben tudunk rugalmasak lenni a darabsz\u00e1m tekintet\u00e9ben. (cip\u0151t\u00e1g\u00edt\u00f3k, s\u00e1mf\u00e1k, sarokemel\u0151k, talpbet\u00e9tek stb.) \u00c9rdemes figyelemmel k\u00eds\u00e9rni a term\u00e9k mellett szerepl\u0151 rendelhet\u0151 minimumot is. <\/p>\n<\/p><\/div>\n<\/p><\/div>\n<div class=\"lc-block mb-5\">\n<div editable=\"rich\">\n<p class=\"h4\">Hogyan tudok gyorsan inform\u00e1ci\u00f3t kapni a term\u00e9kek \u00e1r\u00e1r\u00f3l? <\/p>\n<p>Leggyorsabban telefonon tudunk inform\u00e1ci\u00f3val szolg\u00e1lni. Amennyiben t\u00f6bb term\u00e9k \u00e1ra fel\u0151l \u00e9rdekl\u0151dik, javasoljuk a kos\u00e1r tartalm\u00e1t a \u201eNEM K\u00c9REK KISZ\u00c1LL\u00cdT\u00c1ST\u201d csak \u201eAJ\u00c1NLATOT K\u00c9REK\u201d opci\u00f3val z\u00e1rni. <\/p>\n<\/p><\/div>\n<\/p><\/div>\n<\/p><\/div>\n<\/p><\/div>\n<\/p><\/div>\n<\/section>","protected":false},"excerpt":{"rendered":"<p>Gyakori k\u00e9rd\u00e9sek Mi\u00e9rt nem l\u00e1tok az oldalon \u00e1rakat? Ennek oka, hogy weboldalunk bemutat\u00f3, t\u00e1j\u00e9koztat\u00f3 jelleg\u0171. Term\u00e9keinkkel f\u0151k\u00e9nt gy\u00e1rt\u00f3kat, nagykeresked\u0151ket szolg\u00e1lunk<a class=\"more-link\" href=\"https:\/\/cipokellekek.hu\/en\/gyakori-kerdesek\/\">R\u00e9szletek<\/a><\/p>","protected":false},"author":1323,"featured_media":0,"parent":0,"menu_order":0,"comment_status":"closed","ping_status":"closed","template":"","meta":{"_seopress_robots_primary_cat":"","_seopress_titles_title":"","_seopress_titles_desc":"","_seopress_robots_index":"","footnotes":""},"class_list":["post-352517","page","type-page","status-publish","hentry"],"_links":{"self":[{"href":"https:\/\/cipokellekek.hu\/en\/wp-json\/wp\/v2\/pages\/352517","targetHints":{"allow":["GET"]}}],"collection":[{"href":"https:\/\/cipokellekek.hu\/en\/wp-json\/wp\/v2\/pages"}],"about":[{"href":"https:\/\/cipokellekek.hu\/en\/wp-json\/wp\/v2\/types\/page"}],"author":[{"embeddable":true,"href":"https:\/\/cipokellekek.hu\/en\/wp-json\/wp\/v2\/users\/1323"}],"replies":[{"embeddable":true,"href":"https:\/\/cipokellekek.hu\/en\/wp-json\/wp\/v2\/comments?post=352517"}],"version-history":[{"count":0,"href":"https:\/\/cipokellekek.hu\/en\/wp-json\/wp\/v2\/pages\/352517\/revisions"}],"wp:attachment":[{"href":"https:\/\/cipokellekek.hu\/en\/wp-json\/wp\/v2\/media?parent=352517"}],"curies":[{"name":"wp","href":"https:\/\/api.w.org\/{rel}","templated":true}]}}