{"id":351836,"date":"2024-01-10T19:45:20","date_gmt":"2024-01-10T17:45:20","guid":{"rendered":"https:\/\/dev.sysvol.hu\/belso\/?page_id=351836"},"modified":"2024-01-10T19:56:54","modified_gmt":"2024-01-10T17:56:54","slug":"impresszum","status":"publish","type":"page","link":"https:\/\/cipokellekek.hu\/en\/impresszum\/","title":{"rendered":"Impresszum"},"content":{"rendered":"<section>\n<div class=\"container\">\n<div class=\"row pt-5\">\n<div class=\"col-md-4 offset-md-2\">\n<div class=\"lc-block\">\n<div editable=\"rich\">\n<h2 class=\"py-3\">A honlap fenntart\u00f3ja<\/h2>\n<h5>Bels\u0151 \u00e9s T\u00e1rsa Kft.<\/h5>\n<p>Sz\u00e9khely: 1152 Budapest, R\u00e1kosmez\u0151 u. 6.<\/p>\n<p>C\u00e9gjegyz\u00e9ksz\u00e1m: 01-09-073913<\/p>\n<p>Ad\u00f3sz\u00e1m: HU-10493058<\/p>\n<p><strong>El\u00e9rhet\u0151s\u00e9g:<\/strong><\/p>\n<p>Lev\u00e9lcim: 1152 Budapest, R\u00e1kosmez\u0151 u. 6.<\/p>\n<p>Telefon: +36 1 383 <span class=\"show-on-click\" onclick=\"this.innerHTML='5012'\">mutat<\/span>; +36 20 470 <span class=\"show-on-click\" onclick=\"this.innerHTML='0452'\">mutat<\/span><\/p>\n<p>Email: belso@belso.hu<\/p>\n<\/p><\/div>\n<\/p><\/div>\n<\/p><\/div>\n<div class=\"col-md-4\">\n<div class=\"lc-block\">\n<div editable=\"rich\">\n<h2 class=\"py-3\">Szerver\u00fczemeltet\u00e9s<\/h2>\n<h5>Sysvol Informatikai \u00e9s Szolg\u00e1ltat\u00f3 Kft.<\/h5>\n<p>Sz\u00e9khely: 2337 D\u00e9legyh\u00e1za, F\u0171zfa utca 11.<\/p>\n<p>C\u00e9gjegyz\u00e9ksz\u00e1m:<\/p>\n<p>Ad\u00f3sz\u00e1m: HU-24320711<\/p>\n<p><strong>El\u00e9rhet\u0151s\u00e9g: <\/strong><\/p>\n<\/p>\n<p>Lev\u00e9lcim: 2337 D\u00e9legyh\u00e1za, F\u0171zfa utca 11. <\/p>\n<\/p>\n<p>Telefon: +36 30 343 <span class=\"show-on-click\" onclick=\"this.innerHTML='1120'\">mutat<\/span><\/p>\n<\/p>\n<p>Email: info@sysvol.hu<\/p>\n<p><\/p>\n<\/p><\/div>\n<\/p><\/div>\n<\/p><\/div>\n<\/p><\/div>\n<\/p><\/div>\n<\/section>\n<section>\n<div class=\"container\">\n<div class=\"row\">\n<div class=\"col-md-8 offset-md-2\">\n<div class=\"lc-block\">\n<div editable=\"rich\">\n<p>A honlapon megjelen\u00edtett inform\u00e1ci\u00f3kat, dokumentumokat vagy m\u00e1s \u00edrott anyagokat kiz\u00e1r\u00f3lag t\u00e1j\u00e9koztat\u00e1s c\u00e9lj\u00e1b\u00f3l tessz\u00fck k\u00f6zz\u00e9. T\u00e1j\u00e9koztatjuk \u00d6nt, hogy weboldalainak b\u00f6ng\u00e9sz\u00e9se egy\u00fattal az al\u00e1bbi felt\u00e9telek elfogad\u00e1s\u00e1t is jelenti: <\/p>\n<\/p>\n<p>A weboldal, illetve annak tartalma, vagy b\u00e1rmely r\u00e9szlete szerz\u0151i jogv\u00e9delem al\u00e1 esnek. Az ehhez f\u0171z\u0151d\u0151 jogok gyakorl\u00e1s\u00e1ra kiz\u00e1r\u00f3lag a fenntart\u00f3 jogosult. A fenntart\u00f3 el\u0151zetes \u00edr\u00e1sbeli enged\u00e9lye n\u00e9lk\u00fcl tilos a weboldalak tartalm\u00e1nak eg\u00e9sz\u00e9t vagy r\u00e9szeit b\u00e1rmilyen form\u00e1ban felhaszn\u00e1lni, reproduk\u00e1lni, \u00e1truh\u00e1zni, terjeszteni, \u00e1tdolgozni, vagy t\u00e1rolni. <\/p>\n<p>A fenntart\u00f3 azonban beleegyezik abba, hogy \u2013 saj\u00e1t, szem\u00e9lyes haszn\u00e1latra a szabad felhaszn\u00e1l\u00e1s k\u00f6r\u00e9ben \u2013 \u00d6n ezen oldalak tartalm\u00e1t, vagy kivonatait sz\u00e1m\u00edt\u00f3g\u00e9p\u00e9n t\u00e1rolja vagy kinyomtassa. A weboldal tartalma az eredetileg megfogalmazottak szerint, v\u00e1ltoztat\u00e1s n\u00e9lk\u00fcl \u00e9rtend\u0151. El\u0151fordulhat, hogy a weboldalakon v\u00e1ltoztat\u00e1s t\u00f6rt\u00e9nik, ez\u00e9rt \u2013 ha jogszab\u00e1ly m\u00e1sk\u00e9nt nem rendelkezik \u2013 a semmilyen term\u00e9szet\u0171 felel\u0151ss\u00e9get nem v\u00e1llalunk az \u00d6n el\u0151tt megjelen\u0151 weboldalai pontoss\u00e1g\u00e1ra, megb\u00edzhat\u00f3s\u00e1g\u00e1ra, aktualit\u00e1s\u00e1ra vagy tartalm\u00e1ra vonatkoz\u00f3an, a honlapon el\u00e9rhet\u0151 inform\u00e1ci\u00f3k, dokument\u00e1ci\u00f3k, vagy m\u00e1s \u00edrott anyagok tekintet\u00e9ben. <\/p>\n<p>Fenntartjuk a jogot, hogy weboldalunkat b\u00e1rmikor m\u00f3dos\u00edtsuk, vagy \u00e1tdolgozzuk, illetve el\u00e9rhet\u0151s\u00e9g\u00e9t korl\u00e1tozzuk, vagy megsz\u00fcntess\u00fck. Nem garant\u00e1ljuk, hogy a weboldalakhoz val\u00f3 hozz\u00e1f\u00e9r\u00e9s folyamatos vagy hibamentes lesz. <\/p>\n<p>A honlap, illetve az ott el\u00e9rhet\u0151 inform\u00e1ci\u00f3k, dokument\u00e1ci\u00f3k, vagy m\u00e1s \u00edrott anyagok hozz\u00e1f\u00e9r\u00e9s\u00e9b\u0151l, illetve azok k\u00f6zvetett vagy k\u00f6zvetlen felhaszn\u00e1l\u00e1s\u00e1b\u00f3l, a honlap haszn\u00e1latra alkalmatlan \u00e1llapot\u00e1b\u00f3l, vagy a nem megfelel\u0151 m\u0171k\u00f6d\u00e9sb\u0151l, hi\u00e1nyoss\u00e1gb\u00f3l, esetleges \u00fczemzavarb\u00f3l, vagy f\u00e9lre\u00e9rthet\u0151s\u00e9gb\u0151l ered\u0151 k\u00e1rok\u00e9rt \u00e9s\/vagy vesztes\u00e9g\u00e9rt val\u00f3 felel\u0151ss\u00e9get a kifejezetten kiz\u00e1rjuk. <\/p>\n<\/p>\n<\/p>\n<p>Nem v\u00e1llalunk felel\u0151ss\u00e9get olyan, harmadik f\u00e9l \u00e1ltal l\u00e9trehozott, tov\u00e1bb\u00edtott, t\u00e1rolt, hozz\u00e1f\u00e9rhet\u0151v\u00e9 tett, vagy publik\u00e1lt tartalmak\u00e9rt, melyekhez a weboldalaink kapcsol\u00f3dnak, vagy amelyekre hivatkoznak. <\/p>\n<\/p><\/div>\n<\/p><\/div>\n<\/p><\/div>\n<\/p><\/div>\n<\/p><\/div>\n<\/section>","protected":false},"excerpt":{"rendered":"<p>A honlap fenntart\u00f3ja Bels\u0151 \u00e9s T\u00e1rsa Kft. Sz\u00e9khely: 1152 Budapest, R\u00e1kosmez\u0151 u. 6. C\u00e9gjegyz\u00e9ksz\u00e1m: 01-09-073913 Ad\u00f3sz\u00e1m: HU-10493058 El\u00e9rhet\u0151s\u00e9g: Lev\u00e9lcim: 1152<a class=\"more-link\" href=\"https:\/\/cipokellekek.hu\/en\/impresszum\/\">R\u00e9szletek<\/a><\/p>","protected":false},"author":1323,"featured_media":0,"parent":0,"menu_order":0,"comment_status":"closed","ping_status":"closed","template":"","meta":{"_seopress_robots_primary_cat":"","_seopress_titles_title":"","_seopress_titles_desc":"","_seopress_robots_index":"","footnotes":""},"class_list":["post-351836","page","type-page","status-publish","hentry"],"_links":{"self":[{"href":"https:\/\/cipokellekek.hu\/en\/wp-json\/wp\/v2\/pages\/351836","targetHints":{"allow":["GET"]}}],"collection":[{"href":"https:\/\/cipokellekek.hu\/en\/wp-json\/wp\/v2\/pages"}],"about":[{"href":"https:\/\/cipokellekek.hu\/en\/wp-json\/wp\/v2\/types\/page"}],"author":[{"embeddable":true,"href":"https:\/\/cipokellekek.hu\/en\/wp-json\/wp\/v2\/users\/1323"}],"replies":[{"embeddable":true,"href":"https:\/\/cipokellekek.hu\/en\/wp-json\/wp\/v2\/comments?post=351836"}],"version-history":[{"count":0,"href":"https:\/\/cipokellekek.hu\/en\/wp-json\/wp\/v2\/pages\/351836\/revisions"}],"wp:attachment":[{"href":"https:\/\/cipokellekek.hu\/en\/wp-json\/wp\/v2\/media?parent=351836"}],"curies":[{"name":"wp","href":"https:\/\/api.w.org\/{rel}","templated":true}]}}