{"id":349081,"date":"2023-10-03T16:57:30","date_gmt":"2023-10-03T14:57:30","guid":{"rendered":"https:\/\/dev.sysvol.hu\/belso\/?page_id=349081"},"modified":"2024-01-31T20:10:33","modified_gmt":"2024-01-31T18:10:33","slug":"kapcsolat","status":"publish","type":"page","link":"https:\/\/cipokellekek.hu\/en\/kapcsolat\/","title":{"rendered":"Kapcsolat"},"content":{"rendered":"<section class=\"full-width\">\n<div class=\"container-fluid\">\n<div class=\"row\">\n<div class=\"col-md-6\">\n<div class=\"lc-block\">\n<div class=\"col-12 py-5\" style=\"max-width: 624px; float: right\">\n<div editable=\"rich\">\n<p class=\"supertitle\">Kapcsolati \u0171rlap<\/p>\n<h2 class=\"heading h2\">\u00cdrjon nek\u00fcnk!<\/h2>\n<p class=\"subtitle\">T\u00f6ltse ki az \u0171rlapot, k\u00fcldje el nek\u00fcnk \u00fczenet\u00e9t, \u00e9s munkat\u00e1rsaink amint lehet, felveszik \u00d6nnel a kapcsolatot a megadott e-mail c\u00edmen!&nbsp;<\/p>\n<\/p><\/div>\n<div class=\"alert alert-danger\">\n<div editable=\"rich\">\n\t\t\t\t\t\t\t\t<strong>Fontos!<\/strong><\/p>\n<p>Az \u0171rlap elk\u00fcld\u00e9sekor a kos\u00e1r tartalma NEM ker\u00fcl tov\u00e1bb\u00edt\u00e1sra!<\/p>\n<\/p><\/div>\n<\/p><\/div>\n<form action=\"\">\n<div class=\"form-group mb-4\">\n\t\t\t\t\t\t\t\t<label>N\u00e9v (opcion\u00e1lis)<\/label><br \/>\n\t\t\t\t\t\t\t\t<input name=\"mouseglue\" type=\"text\" class=\"form-control\" placeholder=\"Gipsz Jakab\" value=\"\" autocomplete=\"off\" hidden=\"\"><br \/>\n\t\t\t\t\t\t\t\t<input name=\"name\" type=\"text\" class=\"form-control\" placeholder=\"Gipsz Jakab\" value=\"\">\n\t\t\t\t\t\t\t<\/div>\n<div class=\"form-group mb-4\">\n\t\t\t\t\t\t\t\t<label>E-mail c\u00edm<\/label><br \/>\n\t\t\t\t\t\t\t\t<input name=\"email\" type=\"email\" class=\"form-control\" placeholder=\"gipsz.jakab@domain.hu\" value=\"\">\n\t\t\t\t\t\t\t<\/div>\n<div class=\"form-group mb-4\">\n\t\t\t\t\t\t\t\t<label>T\u00e1rgy (opcion\u00e1lis)<\/label><br \/>\n\t\t\t\t\t\t\t\t<input name=\"subject\" type=\"text\" class=\"form-control\" placeholder=\"Kapcsolatfelv\u00e9tel t\u00e1rgya\">\n\t\t\t\t\t\t\t<\/div>\n<div class=\"form-group mb-4\">\n\t\t\t\t\t\t\t\t<label>\u00dczenet<\/label><br \/>\n\t\t\t\t\t\t\t\t<textarea name=\"message\" class=\"form-control\" rows=\"8\" maxlength=\"300\"><\/textarea>\n\t\t\t\t\t\t\t<\/div>\n<p>\t\t\t\t\t\t\t<button type=\"submit\" class=\"btn btn-warning btn-lg\">Elk\u00fcld<\/button><\/p>\n\n\t<script>\n\t\/\/LC form submit event handler\n\tdocument.currentScript.closest(\"form\").addEventListener(\"submit\", function (event) {\n\t\tevent.preventDefault();\n\t\tconst theForm = this.closest(\"form\");\n\t\ttheForm.querySelector(\"[type=submit]\").setAttribute(\"disabled\",\"disabled\");\n\t\tif(!theForm.parentElement.querySelector(\".lc_form_feedback\")) {\n            console.log(\"add feedback div\");\n            theForm.insertAdjacentHTML(\"beforeend\", \"<div class=lc_form_feedback><\/div>\");\n        }\n        theForm.parentElement.querySelector(\".lc_form_feedback\").innerHTML=\"\";\n\t\tconst formdata = new FormData(event.currentTarget);\n\t\tformdata.append( \"nonce\", \"c229a7768d\" );\n\t\tformdata.append( \"action\", \"lc_submit_contact_form\" );\n\t\tif (typeof (lc_forms_callback) == \"function\") {\n\t\t\tthe_result = lc_forms_callback(formdata);\n\t\t\tif (!the_result) {\n\t\t\t\t\/\/abort execution\n\t\t\t\ttheForm.querySelector(\"[type=submit]\").removeAttribute(\"disabled\" );\n\t\t\t\treturn false;\n\t\t\t}\n\t\t}\n\t\tfetch(\"https:\/\/cipokellekek.hu\/wp-admin\/admin-ajax.php\", {\n\t\t\tmethod: \"POST\",\n\t\t\tcredentials: \"same-origin\",\n\t\t\theaders: {\n\t\t\t\t\"Cache-Control\": \"no-cache\",\n\t\t\t},\n\t\t\tbody: formdata\n\t\t}).then(response => response.text())\n\t\t.then(response => {\n\t\t\t\/\/console.log(response);\n            if (response==\"-1\") {\n                alert(\"Invalid nonce value. Some kind of caching might be acting on it. Please try to reload the page and submit again the form, thank you.\");\n                return false;\n            }\n\t\t\ttheForm.parentElement.querySelector(\".lc_form_feedback\").innerHTML=response;\n\n\t\t\t\/\/ Execute any script tags in the response (useful to reset the form)\n\t\t\ttheForm.parentElement.querySelector(\".lc_form_feedback\").querySelectorAll(\"script\").forEach(script => {\n\t\t\t\tconst newScript = document.createElement(\"script\");\n\t\t\t\tArray.from(script.attributes).forEach(attr =>\n\t\t\t\t\tnewScript.setAttribute(attr.name, attr.value));\n\t\t\t\tnewScript.appendChild(document.createTextNode(script.innerHTML));\n\t\t\t\tscript.parentNode.replaceChild(newScript, script);\n\t\t\t});\n\n\t\t\ttheForm.parentElement.querySelector(\".lc_form_feedback\").scrollIntoView({block: \"end\", inline: \"nearest\"});\n\t\t\ttheForm.querySelector(\"[type=submit]\").removeAttribute(\"disabled\" );\n\t\t})\n\t\t.catch(err => {\n\t\t\talert(\"Form submit error. Details: \"+err);\n\t\t\ttheForm.querySelector(\"[type=submit]\").removeAttribute(\"disabled\" );\n\t\t});\n\t});\n\t<\/script>\n\t<input type=\"hidden\" name=\"trp-form-language\" value=\"en\"\/><\/form>\n<\/p><\/div>\n<\/p><\/div>\n<\/p><\/div>\n<div class=\"col-md-6 px-0\">\n<div class=\"lc-block\">\n\t\t\t\t\t<img loading=\"lazy\" decoding=\"async\" class=\"img-fluid wp-image-352526\" src=\"https:\/\/cipokellekek.hu\/wp-content\/uploads\/2024\/01\/c2222662-4143-4e51-864e-b1599e5484f7.jpeg\" srcset=\"https:\/\/cipokellekek.hu\/wp-content\/uploads\/2024\/01\/c2222662-4143-4e51-864e-b1599e5484f7.jpeg 1024w, https:\/\/cipokellekek.hu\/wp-content\/uploads\/2024\/01\/c2222662-4143-4e51-864e-b1599e5484f7-300x300.jpeg 300w, https:\/\/cipokellekek.hu\/wp-content\/uploads\/2024\/01\/c2222662-4143-4e51-864e-b1599e5484f7-150x150.jpeg 150w, https:\/\/cipokellekek.hu\/wp-content\/uploads\/2024\/01\/c2222662-4143-4e51-864e-b1599e5484f7-768x768.jpeg 768w, https:\/\/cipokellekek.hu\/wp-content\/uploads\/2024\/01\/c2222662-4143-4e51-864e-b1599e5484f7-600x600.jpeg 600w, https:\/\/cipokellekek.hu\/wp-content\/uploads\/2024\/01\/c2222662-4143-4e51-864e-b1599e5484f7-100x100.jpeg 100w\" sizes=\"auto, \" width=\"1024\" height=\"1024\" alt=\"\"><\/p><\/div>\n<\/p><\/div>\n<\/p><\/div>\n<\/p><\/div>\n<\/section>\n<section class=\"full-width bg-dark text-light\" id=\"map\">\n<div class=\"container py-5\">\n<div class=\"row\">\n<div class=\"col-md-4 px-4\">\n<div class=\"lc-block\">\n<div editable=\"rich\">\n<p class=\"supertitle\">\n<h4>El\u00e9rhet\u0151s\u00e9g<\/h4>\n<p class=\"subtitle\">\n<p><i class=\"fa-solid fa-phone pr-2\"><\/i> (+36 1) 383 5012<\/p>\n<p><i class=\"fa-solid fa-globe pr-2\"><\/i> www.belso.hu<\/p>\n<p><i class=\"fa-regular fa-envelope pr-2\"><\/i> belso@belso.hu<\/p>\n<p><i class=\"fa-regular fa-map pr-2\"><\/i> H-1152 Budapest, R\u00e1kosmez\u0151 u. 6<\/p>\n<\/p><\/div>\n<\/p><\/div>\n<\/p><\/div>\n<div class=\"col-md-8 px-4\">\n<div class=\"lc-block\">\n<p class=\"supertitle\">\n<h4>T\u00e9rk\u00e9p<\/h4>\n<p class=\"subtitle\">\n<\/p><\/div>\n<div class=\"lc-block google-map\">\n\t\t\t\t\t<iframe loading=\"lazy\" src=\"https:\/\/www.google.com\/maps\/embed?pb=!1m18!1m12!1m3!1d2692.201798127739!2d19.125870915529052!3d47.563861979181816!2m3!1f0!2f0!3f0!3m2!1i1024!2i768!4f13.1!3m3!1m2!1s0x4741dca1882ccf03%3A0x6d8170287294fd2e!2zQmVsc8WRIMOpcyBUw6Fyc2EgS2Z0Lg!5e0!3m2!1shu!2shu!4v1554119071607!5m2!1shu!2shu\" width=\"600\" height=\"400\" frameborder=\"0\" style=\"border: 0px; pointer-events: none;\" allowfullscreen=\"\"><\/iframe>\n\t\t\t\t<\/div>\n<\/p><\/div>\n<\/p><\/div>\n<\/p><\/div>\n<\/section>\n<section>\n<div class=\"container\">\n<div class=\"row mb-4 align-items-center\">\n<div class=\"col-lg-6 mb-4 mb-lg-0\">\n<div class=\"lc-block text-center\">\n\t\t\t\t\t<img decoding=\"async\" class=\"img-fluid w-50\" src=\"https:\/\/images.unsplash.com\/photo-1530652101053-8c0db4fbb5de?crop=entropy&amp;cs=tinysrgb&amp;fit=max&amp;fm=webp&amp;ixid=M3wzNzg0fDB8MXxzZWFyY2h8MTZ8fHRyYWZmaWN8ZW58MHwxfHx8MTcwNDkwMTA1OXww&amp;ixlib=rb-4.0.3&amp;q=80&amp;w=1080\" srcset=\"https:\/\/images.unsplash.com\/photo-1530652101053-8c0db4fbb5de?crop=entropy&amp;cs=tinysrgb&amp;fit=max&amp;fm=webp&amp;ixid=M3wzNzg0fDB8MXxzZWFyY2h8MTZ8fHRyYWZmaWN8ZW58MHwxfHx8MTcwNDkwMTA1OXww&amp;ixlib=rb-4.0.3&amp;q=80&amp;w=1080 1080w, https:\/\/images.unsplash.com\/photo-1530652101053-8c0db4fbb5de??crop=entropy&amp;cs=tinysrgb&amp;fit=max&amp;fm=webp&amp;ixid=M3wzNzg0fDB8MXxzZWFyY2h8MTZ8fHRyYWZmaWN8ZW58MHwxfHx8MTcwNDkwMTA1OXww&amp;ixlib=rb-4.0.3&amp;q=80&amp;w=150 150w, https:\/\/images.unsplash.com\/photo-1530652101053-8c0db4fbb5de??crop=entropy&amp;cs=tinysrgb&amp;fit=max&amp;fm=webp&amp;ixid=M3wzNzg0fDB8MXxzZWFyY2h8MTZ8fHRyYWZmaWN8ZW58MHwxfHx8MTcwNDkwMTA1OXww&amp;ixlib=rb-4.0.3&amp;q=80&amp;w=300 300w, https:\/\/images.unsplash.com\/photo-1530652101053-8c0db4fbb5de??crop=entropy&amp;cs=tinysrgb&amp;fit=max&amp;fm=webp&amp;ixid=M3wzNzg0fDB8MXxzZWFyY2h8MTZ8fHRyYWZmaWN8ZW58MHwxfHx8MTcwNDkwMTA1OXww&amp;ixlib=rb-4.0.3&amp;q=80&amp;w=768 768w, https:\/\/images.unsplash.com\/photo-1530652101053-8c0db4fbb5de??crop=entropy&amp;cs=tinysrgb&amp;fit=max&amp;fm=webp&amp;ixid=M3wzNzg0fDB8MXxzZWFyY2h8MTZ8fHRyYWZmaWN8ZW58MHwxfHx8MTcwNDkwMTA1OXww&amp;ixlib=rb-4.0.3&amp;q=80&amp;w=1024 1024w\" sizes=\"(max-width: 1080px) 100vw, 1080px\" width=\"1080\" height=\"\" alt=\"Photo by Pawel Czerwinski\">\n\t\t\t\t<\/div>\n<\/p><\/div>\n<div class=\"col-lg-6 p-lg-6\">\n<div class=\"lc-block mb-5\">\n<div editable=\"rich\">\n<h2 class=\"display-6 fw-bold\">Megk\u00f6zel\u00edthet\u0151s\u00e9g aut\u00f3val<\/h2>\n<p class=\"lead\">Egy kis seg\u00edts\u00e9g, hogyan is \u00e9rdemes benn\u00fcnket megk\u00f6zel\u00edteni&#8230;<\/p>\n<\/p><\/div>\n<\/p><\/div>\n<div class=\"lc-block\">\n<div class=\"d-inline-flex\">\n<div>\n\t\t\t\t\t\t\t<svg xmlns=\"http:\/\/www.w3.org\/2000\/svg\" width=\"1em\" height=\"1em\" fill=\"currentColor\" class=\"text-primary\" viewbox=\"0 0 16 16\" lc-helper=\"svg-icon\">\n\t\t\t\t\t\t\t\t<path d=\"M16 8A8 8 0 1 1 0 8a8 8 0 0 1 16 0zm-3.97-3.03a.75.75 0 0 0-1.08.022L7.477 9.417 5.384 7.323a.75.75 0 0 0-1.06 1.06L6.97 11.03a.75.75 0 0 0 1.079-.02l3.992-4.99a.75.75 0 0 0-.01-1.05z\">\n\t\t\t\t\t\t\t\t<\/path>\n\t\t\t\t\t\t\t<\/svg>\n\t\t\t\t\t\t<\/div>\n<div class=\"ms-3 align-self-center\" editable=\"rich\">\n<p>az M3-as aut\u00f3p\u00e1ly\u00e1t Budapest fel\u00e9 a 11-es lehajt\u00f3n kell elhagyni, innen 5 percre vagyunk<\/p>\n<\/p><\/div>\n<\/p><\/div>\n<\/p><\/div>\n<div class=\"lc-block\">\n<div class=\"d-inline-flex\">\n<div>\n\t\t\t\t\t\t\t<svg xmlns=\"http:\/\/www.w3.org\/2000\/svg\" width=\"1em\" height=\"1em\" fill=\"currentColor\" class=\"text-primary\" viewbox=\"0 0 16 16\" lc-helper=\"svg-icon\">\n\t\t\t\t\t\t\t\t<path d=\"M16 8A8 8 0 1 1 0 8a8 8 0 0 1 16 0zm-3.97-3.03a.75.75 0 0 0-1.08.022L7.477 9.417 5.384 7.323a.75.75 0 0 0-1.06 1.06L6.97 11.03a.75.75 0 0 0 1.079-.02l3.992-4.99a.75.75 0 0 0-.01-1.05z\">\n\t\t\t\t\t\t\t\t<\/path>\n\t\t\t\t\t\t\t<\/svg>\n\t\t\t\t\t\t<\/div>\n<div class=\"ms-3 align-self-center\" editable=\"rich\">\n<p>az M0-\u00e1s k\u00f6rgy\u0171r\u0171t a 70-es lehajt\u00f3n kell elhagyni, a K\u00fcls\u0151 F\u00f3ti \u00faton 5 percre vagyunk<\/p>\n<\/p><\/div>\n<\/p><\/div>\n<\/p><\/div>\n<div class=\"lc-block\">\n<div class=\"d-inline-flex\">\n<div>\n\t\t\t\t\t\t\t<svg xmlns=\"http:\/\/www.w3.org\/2000\/svg\" width=\"1em\" height=\"1em\" fill=\"currentColor\" class=\"text-primary\" viewbox=\"0 0 16 16\" lc-helper=\"svg-icon\">\n\t\t\t\t\t\t\t\t<path d=\"M16 8A8 8 0 1 1 0 8a8 8 0 0 1 16 0zm-3.97-3.03a.75.75 0 0 0-1.08.022L7.477 9.417 5.384 7.323a.75.75 0 0 0-1.06 1.06L6.97 11.03a.75.75 0 0 0 1.079-.02l3.992-4.99a.75.75 0 0 0-.01-1.05z\">\n\t\t\t\t\t\t\t\t<\/path>\n\t\t\t\t\t\t\t<\/svg>\n\t\t\t\t\t\t<\/div>\n<div class=\"ms-3 align-self-center\" editable=\"rich\">\n<p>az M2-es aut\u00f3p\u00e1ly\u00e1t\u00f3l mind\u00f6ssze 10 percre vagyunk: az aut\u00f3p\u00e1lya v\u00e9g\u00e9n kell felhajtani az M0-\u00e1s k\u00f6rgy\u0171r\u0171re, amelyr\u0151l a 70-es kij\u00e1raton kell kihajtani<\/p>\n<\/p><\/div>\n<\/p><\/div>\n<\/p><\/div>\n<\/p><\/div>\n<\/p><\/div>\n<div class=\"row mb-4 align-items-center\">\n<div class=\"col-lg-6 mb-4 mb-lg-0 order-lg-1\">\n<div class=\"lc-block text-center\">\n\t\t\t\t\t<img decoding=\"async\" class=\"img-fluid w-50\" src=\"https:\/\/images.unsplash.com\/photo-1589395241612-86d52ec4b9f4?crop=entropy&amp;cs=tinysrgb&amp;fit=max&amp;fm=webp&amp;ixid=M3wzNzg0fDB8MXxzZWFyY2h8MTd8fGJ1c3xlbnwwfDF8fHwxNzA0OTAxMDIzfDA&amp;ixlib=rb-4.0.3&amp;q=80&amp;w=1080\" srcset=\"https:\/\/images.unsplash.com\/photo-1589395241612-86d52ec4b9f4?crop=entropy&amp;cs=tinysrgb&amp;fit=max&amp;fm=webp&amp;ixid=M3wzNzg0fDB8MXxzZWFyY2h8MTd8fGJ1c3xlbnwwfDF8fHwxNzA0OTAxMDIzfDA&amp;ixlib=rb-4.0.3&amp;q=80&amp;w=1080 1080w, https:\/\/images.unsplash.com\/photo-1589395241612-86d52ec4b9f4??crop=entropy&amp;cs=tinysrgb&amp;fit=max&amp;fm=webp&amp;ixid=M3wzNzg0fDB8MXxzZWFyY2h8MTd8fGJ1c3xlbnwwfDF8fHwxNzA0OTAxMDIzfDA&amp;ixlib=rb-4.0.3&amp;q=80&amp;w=150 150w, https:\/\/images.unsplash.com\/photo-1589395241612-86d52ec4b9f4??crop=entropy&amp;cs=tinysrgb&amp;fit=max&amp;fm=webp&amp;ixid=M3wzNzg0fDB8MXxzZWFyY2h8MTd8fGJ1c3xlbnwwfDF8fHwxNzA0OTAxMDIzfDA&amp;ixlib=rb-4.0.3&amp;q=80&amp;w=300 300w, https:\/\/images.unsplash.com\/photo-1589395241612-86d52ec4b9f4??crop=entropy&amp;cs=tinysrgb&amp;fit=max&amp;fm=webp&amp;ixid=M3wzNzg0fDB8MXxzZWFyY2h8MTd8fGJ1c3xlbnwwfDF8fHwxNzA0OTAxMDIzfDA&amp;ixlib=rb-4.0.3&amp;q=80&amp;w=768 768w, https:\/\/images.unsplash.com\/photo-1589395241612-86d52ec4b9f4??crop=entropy&amp;cs=tinysrgb&amp;fit=max&amp;fm=webp&amp;ixid=M3wzNzg0fDB8MXxzZWFyY2h8MTd8fGJ1c3xlbnwwfDF8fHwxNzA0OTAxMDIzfDA&amp;ixlib=rb-4.0.3&amp;q=80&amp;w=1024 1024w\" sizes=\"(max-width: 1080px) 100vw, 1080px\" width=\"1080\" height=\"\" alt=\"Photo by Tomi Vad\u00e1sz\">\n\t\t\t\t<\/div>\n<\/p><\/div>\n<div class=\"col-lg-6 p-lg-6\">\n<div class=\"lc-block mb-5\">\n<div editable=\"rich\">\n<h2 class=\"display-6 fw-bold\">T\u00f6megk\u00f6zleked\u00e9ssel<\/h2>\n<p class=\"lead\">A buszokr\u00f3l a R\u00e9gi F\u00f3ti \u00faton l\u00e9v\u0151 Juhos utca nev\u0171 meg\u00e1ll\u00f3n\u00e1l le- \u00e9s felsz\u00e1llni.<\/p>\n<\/p><\/div>\n<\/p><\/div>\n<div class=\"lc-block\">\n<div class=\"d-inline-flex\">\n<div>\n\t\t\t\t\t\t\t<svg xmlns=\"http:\/\/www.w3.org\/2000\/svg\" width=\"1em\" height=\"1em\" fill=\"currentColor\" class=\"text-primary\" viewbox=\"0 0 16 16\" lc-helper=\"svg-icon\">\n\t\t\t\t\t\t\t\t<path d=\"M16 8A8 8 0 1 1 0 8a8 8 0 0 1 16 0zm-3.97-3.03a.75.75 0 0 0-1.08.022L7.477 9.417 5.384 7.323a.75.75 0 0 0-1.06 1.06L6.97 11.03a.75.75 0 0 0 1.079-.02l3.992-4.99a.75.75 0 0 0-.01-1.05z\">\n\t\t\t\t\t\t\t\t<\/path>\n\t\t\t\t\t\t\t<\/svg>\n\t\t\t\t\t\t<\/div>\n<div class=\"ms-3 align-self-center\" editable=\"rich\">\n<p><strong>5<\/strong> \u2013 cs\u00facsid\u0151ben 7-9 percenk\u00e9nt <\/p>\n<\/p>\n<p>R\u00e1kospalota, Kossuth utca \u2013 M4 metrohoz <\/p>\n<p>Pasar\u00e9ti t\u00e9r \u2013 Keleti pu-hoz, D\u00e9li pu-hoz<\/p>\n<\/p><\/div>\n<\/p><\/div>\n<\/p><\/div>\n<div class=\"lc-block\">\n<div class=\"d-inline-flex\">\n<div>\n\t\t\t\t\t\t\t<svg xmlns=\"http:\/\/www.w3.org\/2000\/svg\" width=\"1em\" height=\"1em\" fill=\"currentColor\" class=\"text-primary\" viewbox=\"0 0 16 16\" lc-helper=\"svg-icon\">\n\t\t\t\t\t\t\t\t<path d=\"M16 8A8 8 0 1 1 0 8a8 8 0 0 1 16 0zm-3.97-3.03a.75.75 0 0 0-1.08.022L7.477 9.417 5.384 7.323a.75.75 0 0 0-1.06 1.06L6.97 11.03a.75.75 0 0 0 1.079-.02l3.992-4.99a.75.75 0 0 0-.01-1.05z\">\n\t\t\t\t\t\t\t\t<\/path>\n\t\t\t\t\t\t\t<\/svg>\n\t\t\t\t\t\t<\/div>\n<div class=\"ms-3 align-self-center\" editable=\"rich\">\n<p><strong>231 <\/strong>\u2013 cs\u00facsid\u0151ben 20 percenk\u00e9nt <\/p>\n<\/p>\n<p>R\u00e1kospalota, Sz\u00e9chenyi t\u00e9r \u2013 M2 metrohoz <\/p>\n<p>\u00d6rs vez\u00e9re tere M+H<\/p>\n<\/p><\/div>\n<\/p><\/div>\n<\/p><\/div>\n<div class=\"lc-block\">\n<div class=\"d-inline-flex\">\n<div>\n\t\t\t\t\t\t\t<svg xmlns=\"http:\/\/www.w3.org\/2000\/svg\" width=\"1em\" height=\"1em\" fill=\"currentColor\" class=\"text-primary\" viewbox=\"0 0 16 16\" lc-helper=\"svg-icon\">\n\t\t\t\t\t\t\t\t<path d=\"M16 8A8 8 0 1 1 0 8a8 8 0 0 1 16 0zm-3.97-3.03a.75.75 0 0 0-1.08.022L7.477 9.417 5.384 7.323a.75.75 0 0 0-1.06 1.06L6.97 11.03a.75.75 0 0 0 1.079-.02l3.992-4.99a.75.75 0 0 0-.01-1.05z\">\n\t\t\t\t\t\t\t\t<\/path>\n\t\t\t\t\t\t\t<\/svg>\n\t\t\t\t\t\t<\/div>\n<div class=\"ms-3 align-self-center\" editable=\"rich\">\n<p><strong>104 <\/strong>\u2013 cs\u00facsid\u0151ben 30 percenk\u00e9nt <\/p>\n<\/p>\n<p>Dunakeszi, Auchan \u00e1ruh\u00e1z \u2013 M3 metrohoz <\/p>\n<p>R\u00e1kospalota, Kossuth utca<\/p>\n<\/p><\/div>\n<\/p><\/div>\n<\/p><\/div>\n<div class=\"lc-block\">\n<div class=\"d-inline-flex\">\n<div>\n\t\t\t\t\t\t\t<svg xmlns=\"http:\/\/www.w3.org\/2000\/svg\" width=\"1em\" height=\"1em\" fill=\"currentColor\" class=\"text-primary\" viewbox=\"0 0 16 16\" lc-helper=\"svg-icon\">\n\t\t\t\t\t\t\t\t<path d=\"M16 8A8 8 0 1 1 0 8a8 8 0 0 1 16 0zm-3.97-3.03a.75.75 0 0 0-1.08.022L7.477 9.417 5.384 7.323a.75.75 0 0 0-1.06 1.06L6.97 11.03a.75.75 0 0 0 1.079-.02l3.992-4.99a.75.75 0 0 0-.01-1.05z\">\n\t\t\t\t\t\t\t\t<\/path>\n\t\t\t\t\t\t\t<\/svg>\n\t\t\t\t\t\t<\/div>\n<div class=\"ms-3 align-self-center\" editable=\"rich\">\n<p><strong>204 <\/strong>\u2013 cs\u00facsid\u0151ben 30 percenk\u00e9nt <\/p>\n<\/p>\n<p>B\u00e9k\u00e1smegyer, \u00dajmegyeri utca \u2013 M3 metrohoz <\/p>\n<p>R\u00e1kospalota, Kossuth utca<\/p>\n<\/p><\/div>\n<\/p><\/div>\n<\/p><\/div>\n<\/p><\/div>\n<\/p><\/div>\n<\/p><\/div>\n<\/section>","protected":false},"excerpt":{"rendered":"<p>Kapcsolati \u0171rlap \u00cdrjon nek\u00fcnk! T\u00f6ltse ki az \u0171rlapot, k\u00fcldje el nek\u00fcnk \u00fczenet\u00e9t, \u00e9s munkat\u00e1rsaink amint lehet, felveszik \u00d6nnel a kapcsolatot<a class=\"more-link\" href=\"https:\/\/cipokellekek.hu\/en\/kapcsolat\/\">R\u00e9szletek<\/a><\/p>","protected":false},"author":1323,"featured_media":0,"parent":0,"menu_order":0,"comment_status":"closed","ping_status":"closed","template":"","meta":{"_seopress_robots_primary_cat":"","_seopress_titles_title":"","_seopress_titles_desc":"","_seopress_robots_index":"","footnotes":""},"class_list":["post-349081","page","type-page","status-publish","hentry"],"_links":{"self":[{"href":"https:\/\/cipokellekek.hu\/en\/wp-json\/wp\/v2\/pages\/349081","targetHints":{"allow":["GET"]}}],"collection":[{"href":"https:\/\/cipokellekek.hu\/en\/wp-json\/wp\/v2\/pages"}],"about":[{"href":"https:\/\/cipokellekek.hu\/en\/wp-json\/wp\/v2\/types\/page"}],"author":[{"embeddable":true,"href":"https:\/\/cipokellekek.hu\/en\/wp-json\/wp\/v2\/users\/1323"}],"replies":[{"embeddable":true,"href":"https:\/\/cipokellekek.hu\/en\/wp-json\/wp\/v2\/comments?post=349081"}],"version-history":[{"count":0,"href":"https:\/\/cipokellekek.hu\/en\/wp-json\/wp\/v2\/pages\/349081\/revisions"}],"wp:attachment":[{"href":"https:\/\/cipokellekek.hu\/en\/wp-json\/wp\/v2\/media?parent=349081"}],"curies":[{"name":"wp","href":"https:\/\/api.w.org\/{rel}","templated":true}]}}