{"id":349078,"date":"2023-10-03T16:56:43","date_gmt":"2023-10-03T14:56:43","guid":{"rendered":"https:\/\/dev.sysvol.hu\/belso\/?page_id=349078"},"modified":"2025-06-26T17:15:16","modified_gmt":"2025-06-26T15:15:16","slug":"rolunk","status":"publish","type":"page","link":"https:\/\/cipokellekek.hu\/en\/rolunk\/","title":{"rendered":"R\u00f3lunk"},"content":{"rendered":"<section>\n<div class=\"container\">\n<div class=\"row\">\n<div class=\"col-md-6\">\n<div class=\"lc-block mt-5\" style=\"\">\n<div editable=\"rich\">\n<h2>Magunkr\u00f3l<\/h2>\n<p>A Bels\u0151 \u00e9s T\u00e1rsa Kft. t\u00f6bb \u00e9vtizede a b\u0151r-, cip\u0151-, ruhaipari, valamint sz\u00e1mos ipar\u00e1g megb\u00edzhat\u00f3 kiszolg\u00e1l\u00f3ja. Magas sz\u00ednvonal\u00fa term\u00e9keinkkel, sz\u00e9les v\u00e1laszt\u00e9kunkkal, folyamatos technol\u00f3giai fejleszt\u00e9seinkkel, valamint rugalmas kiszolg\u00e1l\u00e1sunkkal nem csak a legjelent\u0151sebb magyarorsz\u00e1gi v\u00e1llalatok elismer\u00e9s\u00e9t v\u00edvtuk ki, hanem sz\u00e1mos eur\u00f3pai \u00e9s oroszorsz\u00e1gi c\u00e9g\u00e9t is.<\/p>\n<p>C\u00e9g\u00fcnk filoz\u00f3fi\u00e1ja, hogy \u00d6n a kell\u00e9kbeszerz\u00e9s\u00e9t, gyorsan \u00e9s egy helyen tudja lebonyol\u00edtani. Szakembereinkkel biztos\u00edtjuk \u00d6nnek a folyamatosan meg\u00fajul\u00f3 term\u00e9kv\u00e1laszt\u00e9kot, hiszen k\u00fclf\u00f6ldi ki\u00e1ll\u00edt\u00e1sokat j\u00e1rva els\u0151 k\u00e9zb\u0151l \u00e9rtes\u00fcl\u00fcnk a legfrissebb trendekr\u0151l, melyek st\u00edlusjegyei azonnal beker\u00fclnek k\u00edn\u00e1latunkba! Term\u00e9keink magas min\u0151s\u00e9gben k\u00e9sz\u00fclnek, \u00e9s sz\u00e1mos form\u00e1ban tessz\u00fck \u0151ket egyediv\u00e9, melyet eredeti Swarovski k\u00f6veink, valamint t\u00f6bb fajta m\u0171gyanta \u00e9s festett sz\u00edn\u00fcnk tesz lehet\u0151v\u00e9.<\/p>\n<p>Kiemelt szolg\u00e1ltat\u00e1sunk, hogy v\u00e1llaljuk elk\u00e9pzel\u00e9sek megval\u00f3s\u00edt\u00e1s\u00e1t is, legyen sz\u00f3 az \u00d6n log\u00f3j\u00e1val ell\u00e1tott term\u00e9kr\u0151l, egy \u00faj form\u00e1j\u00fa csatr\u00f3l, d\u00edszr\u0151l, gombr\u00f3l, rekl\u00e1mt\u00e1rgyr\u00f3l, eml\u00e9k vagy sport\u00e9remr\u0151l! Lehet\u0151s\u00e9geinek fant\u00e1zi\u00e1ja szab hat\u00e1rt! \u00d6nnek egy \u00f6tletre van sz\u00fcks\u00e9ge, nek\u00fcnk egy rajzra! A kett\u0151, valamint gyors \u00e9s prec\u00edz gy\u00e1rt\u00e1stechnol\u00f3gi\u00e1nk eredm\u00e9nyek\u00e9nt, elk\u00e9pzel\u00e9s\u00e9t n\u00e9h\u00e1ny h\u00e9t alatt \u00e1tveheti a k\u00edv\u00e1nt darabsz\u00e1mban!<\/p>\n<p>Sz\u00ednv\u00e1laszt\u00e9kunkban t\u00f6bb mint 30 f\u00e9le fel\u00fclet szerepel, melyek k\u00f6z\u00f6tt sz\u00e1mos nikkelmentes sz\u00edn tal\u00e1lhat\u00f3!<\/p>\n<p>Gy\u00e1rt\u00e1sunk az ISO 9001:2008 szabv\u00e1nynak megfelel\u0151en m\u0171k\u00f6dik, mely \u00e1ltal is garant\u00e1ljuk a pontos \u00e9s gyors kiszolg\u00e1l\u00e1st, valamint a magas min\u0151s\u00e9get!<\/p>\n<p><\/p>\n<p><\/p>\n<\/p><\/div>\n<\/p><\/div>\n<\/p><\/div>\n<div class=\"col-md-6\">\n<div class=\"lc-block\">\n\t\t\t\t\t<img loading=\"lazy\" decoding=\"async\" class=\"img-fluid wp-image-352644\" src=\"https:\/\/cipokellekek.hu\/wp-content\/uploads\/2024\/06\/belso-es-tarsa-storage.jpg\" srcset=\"https:\/\/cipokellekek.hu\/wp-content\/uploads\/2024\/06\/belso-es-tarsa-storage.jpg 1067w, https:\/\/cipokellekek.hu\/wp-content\/uploads\/2024\/06\/belso-es-tarsa-storage-200x300.jpg 200w, https:\/\/cipokellekek.hu\/wp-content\/uploads\/2024\/06\/belso-es-tarsa-storage-683x1024.jpg 683w, https:\/\/cipokellekek.hu\/wp-content\/uploads\/2024\/06\/belso-es-tarsa-storage-768x1152.jpg 768w, https:\/\/cipokellekek.hu\/wp-content\/uploads\/2024\/06\/belso-es-tarsa-storage-1024x1536.jpg 1024w, https:\/\/cipokellekek.hu\/wp-content\/uploads\/2024\/06\/belso-es-tarsa-storage-16x24.jpg 16w, https:\/\/cipokellekek.hu\/wp-content\/uploads\/2024\/06\/belso-es-tarsa-storage-24x36.jpg 24w, https:\/\/cipokellekek.hu\/wp-content\/uploads\/2024\/06\/belso-es-tarsa-storage-32x48.jpg 32w, https:\/\/cipokellekek.hu\/wp-content\/uploads\/2024\/06\/belso-es-tarsa-storage-600x900.jpg 600w\" sizes=\"auto, (max-width: 1067px) 100vw, 1067px\" width=\"1067\" height=\"1600\" alt=\"\">\n\t\t\t\t<\/div>\n<\/p><\/div>\n<\/p><\/div>\n<\/p><\/div>\n<\/section>\n<section class=\"full-width bg-dark text-white py-4\">\n<div class=\"container\">\n<div class=\"row py-5\">\n<div class=\"col-md-9\">\n<div class=\"lc-block\">\n<div editable=\"rich\">\n<h2 class=\"heading h2\"><em>Els\u0151 oszt\u00e1ly\u00fa<\/em> ipar\u00e1gi kiszolg\u00e1l\u00f3t keres?<\/h2>\n<\/p><\/div>\n<\/p><\/div>\n<\/p><\/div>\n<div class=\"col-md-3  align-self-center text-center\">\n<div class=\"lc-block\">\n<div editable=\"rich\">\n\t\t\t\t\t\t<a class=\"btn btn-light btn-lg\" role=\"button\" href=\"\/en\/kapcsolat\/\">Keressen minket<\/a>\n\t\t\t\t\t<\/div>\n<\/p><\/div>\n<\/p><\/div>\n<\/p><\/div>\n<\/p><\/div>\n<\/section>\n<section class=\"odometers\">\n<div class=\"container py-3\">\n<div class=\"row text-center\">\n<div class=\"col-md-3\">\n<div class=\"lc-block\">\n<div class=\"odometer\" data-value=\"50\">0<\/div>\n<div editable=\"rich\">\n<p>\u00e9v tapasztalat\u00e1val<\/p>\n<\/p><\/div>\n<\/p><\/div>\n<\/p><\/div>\n<div class=\"col-md-3\">\n<div class=\"lc-block\">\n<div class=\"odometer\" data-value=\"30\">0<\/div>\n<div editable=\"rich\">\n<p>f\u00e9le sz\u00ednben<\/p>\n<\/p><\/div>\n<\/p><\/div>\n<\/p><\/div>\n<div class=\"col-md-3\">\n<div class=\"lc-block\">\n<div class=\"odometer\" data-value=\"552\">0<\/div>\n<div editable=\"rich\">\n<p>f\u00e9le term\u00e9k<\/p>\n<\/p><\/div>\n<\/p><\/div>\n<\/p><\/div>\n<div class=\"col-md-3\">\n<div class=\"lc-block\">\n<div class=\"odometer\" data-value=\"11777\">0<\/div>\n<div editable=\"rich\">\n<p>f\u00e9le vari\u00e1ci\u00f3ban<\/p>\n<\/p><\/div>\n<\/p><\/div>\n<\/p><\/div>\n<\/p><\/div>\n<\/p><\/div>\n<\/section>\n<section>\n<div class=\"container\">\n<div class=\"row gx-5\">\n<h2 class=\"heading h2 py-5\">Kik vagyunk mi?<\/h2>\n<div class=\"col-md-4\">\n<div class=\"lc-block wp-image-352083 bg-secondary bg-opacity-10 px-5 pb-3\">\n\t\t\t\t\t<img loading=\"lazy\" decoding=\"async\" class=\"img-fluid wp-image-352083\" src=\"https:\/\/cipokellekek.hu\/wp-content\/uploads\/2024\/01\/ganasi-belso-laszlo-768x1024.webp\" width=\"768\" height=\"1024\" srcset=\"https:\/\/cipokellekek.hu\/wp-content\/uploads\/2024\/01\/ganasi-belso-laszlo-768x1024.webp 768w, https:\/\/cipokellekek.hu\/wp-content\/uploads\/2024\/01\/ganasi-belso-laszlo-225x300.webp 225w, https:\/\/cipokellekek.hu\/wp-content\/uploads\/2024\/01\/ganasi-belso-laszlo-18x24.webp 18w, https:\/\/cipokellekek.hu\/wp-content\/uploads\/2024\/01\/ganasi-belso-laszlo-27x36.webp 27w, https:\/\/cipokellekek.hu\/wp-content\/uploads\/2024\/01\/ganasi-belso-laszlo-36x48.webp 36w, https:\/\/cipokellekek.hu\/wp-content\/uploads\/2024\/01\/ganasi-belso-laszlo-600x800.webp 600w, https:\/\/cipokellekek.hu\/wp-content\/uploads\/2024\/01\/ganasi-belso-laszlo.webp 960w\" sizes=\"auto, (max-width: 768px) 100vw, 768px\" alt=\"Ganasi-Bels\u0151 L\u00e1szl\u00f3\"><\/p>\n<div editable=\"rich\">\n<h4 class=\"pt-3\">Ganasi-Bels\u0151 L\u00e1szl\u00f3<\/h4>\n<p>Alap\u00edt\u00f3 \u00e9s tulajdonos<\/p>\n<\/p><\/div>\n<\/p><\/div>\n<\/p><\/div>\n<div class=\"col-md-4\">\n<div class=\"lc-block wp-image-352084 bg-secondary bg-opacity-10 px-5 pb-3\">\n\t\t\t\t\t<img loading=\"lazy\" decoding=\"async\" class=\"img-fluid wp-image-352085\" src=\"https:\/\/cipokellekek.hu\/wp-content\/uploads\/2024\/01\/mezesne-hedi-768x1024.webp\" width=\"768\" height=\"1024\" srcset=\"https:\/\/cipokellekek.hu\/wp-content\/uploads\/2024\/01\/mezesne-hedi-768x1024.webp 768w, https:\/\/cipokellekek.hu\/wp-content\/uploads\/2024\/01\/mezesne-hedi-225x300.webp 225w, https:\/\/cipokellekek.hu\/wp-content\/uploads\/2024\/01\/mezesne-hedi-18x24.webp 18w, https:\/\/cipokellekek.hu\/wp-content\/uploads\/2024\/01\/mezesne-hedi-27x36.webp 27w, https:\/\/cipokellekek.hu\/wp-content\/uploads\/2024\/01\/mezesne-hedi-36x48.webp 36w, https:\/\/cipokellekek.hu\/wp-content\/uploads\/2024\/01\/mezesne-hedi-600x800.webp 600w, https:\/\/cipokellekek.hu\/wp-content\/uploads\/2024\/01\/mezesne-hedi.webp 960w\" sizes=\"auto, (max-width: 768px) 100vw, 768px\" alt=\"M\u00e9zesn\u00e9 Bels\u0151 H\u00e9di\"><\/p>\n<div editable=\"rich\">\n<h4 class=\"pt-3\">M\u00e9zesn\u00e9 Bels\u0151 H\u00e9di<\/h4>\n<p>Tulajdonos, \u00e9rt\u00e9kes\u00edt\u00e9si vezet\u0151<\/p>\n<\/p><\/div>\n<\/p><\/div>\n<\/p><\/div>\n<div class=\"col-md-4\">\n<div class=\"lc-block wp-image-352085 bg-secondary bg-opacity-10 px-5 pb-3\"><img loading=\"lazy\" decoding=\"async\" class=\"img-fluid wp-image-353217\" src=\"https:\/\/cipokellekek.hu\/wp-content\/uploads\/2024\/08\/gyurko-dora-1.webp\" width=\"768\" height=\"1024\" srcset=\"https:\/\/cipokellekek.hu\/wp-content\/uploads\/2024\/08\/gyurko-dora-1.webp 768w, https:\/\/cipokellekek.hu\/wp-content\/uploads\/2024\/08\/gyurko-dora-1-225x300.webp 225w, https:\/\/cipokellekek.hu\/wp-content\/uploads\/2024\/08\/gyurko-dora-1-18x24.webp 18w, https:\/\/cipokellekek.hu\/wp-content\/uploads\/2024\/08\/gyurko-dora-1-27x36.webp 27w, https:\/\/cipokellekek.hu\/wp-content\/uploads\/2024\/08\/gyurko-dora-1-36x48.webp 36w, https:\/\/cipokellekek.hu\/wp-content\/uploads\/2024\/08\/gyurko-dora-1-600x800.webp 600w\" sizes=\"auto, \" alt=\"Gyurk\u00f3 D\u00f3ra\"><\/p>\n<div editable=\"rich\">\n<h4 class=\"pt-3\">Gyurk\u00f3 D\u00f3ra<\/h4>\n<p>Tulajdonos, p\u00e9nz\u00fcgyi vezet\u0151<\/p>\n<\/p><\/div>\n<\/p><\/div>\n<\/p><\/div>\n<\/p><\/div>\n<\/p><\/div>\n<\/section>\n<section>\n<div class=\"container-fluid\">\n<div class=\"row\">\n<div class=\"col-md-12\">\n<div class=\"lc-block\">\n\t\t\t\t\t<img loading=\"lazy\" decoding=\"async\" class=\"img-fluid wp-image-352881 w-100\" src=\"https:\/\/cipokellekek.hu\/wp-content\/uploads\/2024\/06\/belso-uzlet-foto.jpg\" width=\"1600\" height=\"811\" srcset=\"https:\/\/cipokellekek.hu\/wp-content\/uploads\/2024\/06\/belso-uzlet-foto.jpg 1600w, https:\/\/cipokellekek.hu\/wp-content\/uploads\/2024\/06\/belso-uzlet-foto-300x152.jpg 300w, https:\/\/cipokellekek.hu\/wp-content\/uploads\/2024\/06\/belso-uzlet-foto-1024x519.jpg 1024w, https:\/\/cipokellekek.hu\/wp-content\/uploads\/2024\/06\/belso-uzlet-foto-768x389.jpg 768w, https:\/\/cipokellekek.hu\/wp-content\/uploads\/2024\/06\/belso-uzlet-foto-1536x779.jpg 1536w, https:\/\/cipokellekek.hu\/wp-content\/uploads\/2024\/06\/belso-uzlet-foto-1320x669.jpg 1320w, https:\/\/cipokellekek.hu\/wp-content\/uploads\/2024\/06\/belso-uzlet-foto-24x12.jpg 24w, https:\/\/cipokellekek.hu\/wp-content\/uploads\/2024\/06\/belso-uzlet-foto-36x18.jpg 36w, https:\/\/cipokellekek.hu\/wp-content\/uploads\/2024\/06\/belso-uzlet-foto-48x24.jpg 48w, https:\/\/cipokellekek.hu\/wp-content\/uploads\/2024\/06\/belso-uzlet-foto-600x304.jpg 600w\" sizes=\"auto, (max-width: 1600px) 100vw, 1600px\" alt=\"\" style=\"\">\n\t\t\t\t<\/div>\n<\/p><\/div>\n<\/p><\/div>\n<\/p><\/div>\n<\/section>","protected":false},"excerpt":{"rendered":"<p>Magas sz\u00ednvonal\u00fa term\u00e9keinkkel, sz\u00e9les v\u00e1laszt\u00e9kunkkal, folyamatos technol\u00f3giai fejleszt\u00e9seinkkel, valamint rugalmas kiszolg\u00e1l\u00e1sunkkal nem csak a legjelent\u0151sebb magyarorsz\u00e1gi v\u00e1llalatok elismer\u00e9s\u00e9t v\u00edvtuk ki, hanem sz\u00e1mos eur\u00f3pai \u00e9s oroszorsz\u00e1gi c\u00e9g\u00e9t is.<\/p>","protected":false},"author":1323,"featured_media":0,"parent":0,"menu_order":0,"comment_status":"closed","ping_status":"closed","template":"","meta":{"_seopress_robots_primary_cat":"","_seopress_titles_title":"","_seopress_titles_desc":"Magas sz\u00ednvonal\u00fa term\u00e9keinkkel, sz\u00e9les v\u00e1laszt\u00e9kunkkal, technol\u00f3giai fejleszt\u00e9seinkkel, valamint rugalmas kiszolg\u00e1l\u00e1sunkkal \u00e1llunk \u00fcgyfeleink rendelkez\u00e9s\u00e9re.","_seopress_robots_index":"","footnotes":""},"class_list":["post-349078","page","type-page","status-publish","hentry"],"_links":{"self":[{"href":"https:\/\/cipokellekek.hu\/en\/wp-json\/wp\/v2\/pages\/349078","targetHints":{"allow":["GET"]}}],"collection":[{"href":"https:\/\/cipokellekek.hu\/en\/wp-json\/wp\/v2\/pages"}],"about":[{"href":"https:\/\/cipokellekek.hu\/en\/wp-json\/wp\/v2\/types\/page"}],"author":[{"embeddable":true,"href":"https:\/\/cipokellekek.hu\/en\/wp-json\/wp\/v2\/users\/1323"}],"replies":[{"embeddable":true,"href":"https:\/\/cipokellekek.hu\/en\/wp-json\/wp\/v2\/comments?post=349078"}],"version-history":[{"count":1,"href":"https:\/\/cipokellekek.hu\/en\/wp-json\/wp\/v2\/pages\/349078\/revisions"}],"predecessor-version":[{"id":370427,"href":"https:\/\/cipokellekek.hu\/en\/wp-json\/wp\/v2\/pages\/349078\/revisions\/370427"}],"wp:attachment":[{"href":"https:\/\/cipokellekek.hu\/en\/wp-json\/wp\/v2\/media?parent=349078"}],"curies":[{"name":"wp","href":"https:\/\/api.w.org\/{rel}","templated":true}]}}